{"id":156,"date":"2019-03-18T22:35:49","date_gmt":"2019-03-18T21:35:49","guid":{"rendered":"https:\/\/gd4caminhos.com\/matosinhoscityrace\/?page_id=156"},"modified":"2026-02-10T22:20:44","modified_gmt":"2026-02-10T21:20:44","slug":"info-tecnica","status":"publish","type":"page","link":"https:\/\/gd4caminhos.com\/matosinhoscityrace\/info-tecnica\/","title":{"rendered":"Info T\u00e9cnica"},"content":{"rendered":"\n<p><strong>A informa\u00e7\u00e3o t\u00e9cnica do evento de 2026 ser\u00e1 publicada brevemente.<\/strong><\/p>\n\n\n\n<figure class=\"wp-block-image size-large\"><a href=\"https:\/\/gd4caminhos.com\/matosinhoscityrace\/wp-content\/uploads\/2021\/06\/excerto_matosinhos-e1624837862857.png\"><img loading=\"lazy\" decoding=\"async\" width=\"1024\" height=\"441\" src=\"https:\/\/gd4caminhos.com\/matosinhoscityrace\/wp-content\/uploads\/2021\/06\/excerto_matosinhos-1024x441.png\" alt=\"\" class=\"wp-image-322\"\/><\/a><\/figure>\n\n\n\n<p><strong>9 de Maio <strong>\u2013 <\/strong>Prova Indoor<\/strong><\/p>\n\n\n\n<p><span style=\"text-decoration: underline;\">Tra\u00e7ador de Percursos<\/span> &#8211; Ivan &nbsp;Mostepanov<\/p>\n\n\n\n<figure class=\"wp-block-table is-style-stripes\"><table><tbody><tr><td><strong>Classes<\/strong><\/td><td><strong>Dist\u00e2ncia (m)<\/strong><\/td><td><strong>Pontos<\/strong><\/td><td><strong>Declive (m)<\/strong><\/td><td><strong>Escala<\/strong><\/td><\/tr><tr><td><strong>Open Curto<\/strong><\/td><td>&#8211;<\/td><td>&#8211;<\/td><td>&#8211;<\/td><td>&#8211;<\/td><\/tr><tr><td><strong>Open M\u00e9dio<\/strong><\/td><td>&#8211;<\/td><td>&#8211;<\/td><td>&#8211;<\/td><td>&#8211;<\/td><\/tr><tr><td><strong>Open Longo<\/strong><\/td><td>&#8211;<\/td><td>&#8211;<\/td><td>&#8211;<\/td><td>&#8211;<\/td><\/tr><tr><td><strong>Forma\u00e7\u00e3o<\/strong><\/td><td>&#8211;<\/td><td>&#8211;<\/td><td>&#8211;<\/td><td>&#8211;<\/td><\/tr><tr><td><strong>Juvenis M<\/strong><\/td><td>&#8211;<\/td><td>&#8211;<\/td><td>&#8211;<\/td><td>&#8211;<\/td><\/tr><tr><td><strong>Juvenis F<\/strong><\/td><td>&#8211;<\/td><td>&#8211;<\/td><td>&#8211;<\/td><td>&#8211;<\/td><\/tr><tr><td><strong>Juniores M<\/strong><\/td><td>&#8211;<\/td><td>&#8211;<\/td><td>&#8211;<\/td><td>&#8211;<\/td><\/tr><tr><td><strong>Juniores F<\/strong><\/td><td>&#8211;<\/td><td>&#8211;<\/td><td>&#8211;<\/td><td>&#8211;<\/td><\/tr><tr><td><strong>Seniores M<\/strong><\/td><td>&#8211;<\/td><td>&#8211;<\/td><td>&#8211;<\/td><td>&#8211;<\/td><\/tr><tr><td><strong>Seniores F<\/strong><\/td><td>&#8211;<\/td><td>&#8211;<\/td><td>&#8211;<\/td><td>&#8211;<\/td><\/tr><tr><td><strong>Vet M I<\/strong><\/td><td>&#8211;<\/td><td>&#8211;<\/td><td>&#8211;<\/td><td>&#8211;<\/td><\/tr><tr><td><strong>Vet F I<\/strong><\/td><td>&#8211;<\/td><td>&#8211;<\/td><td>&#8211;<\/td><td>&#8211;<\/td><\/tr><tr><td><strong>Vet M II<\/strong><\/td><td>&#8211;<\/td><td>&#8211;<\/td><td>&#8211;<\/td><td>&#8211;<\/td><\/tr><tr><td><strong>Vet F II<\/strong><\/td><td>&#8211;<\/td><td>&#8211;<\/td><td>&#8211;<\/td><td>&#8211;<\/td><\/tr><tr><td><strong>Vet M III<\/strong><\/td><td>&#8211;<\/td><td>&#8211;<\/td><td>&#8211;<\/td><td>&#8211;<\/td><\/tr><tr><td><strong>Vet F III<\/strong><\/td><td>&#8211;<\/td><td>&#8211;<\/td><td>&#8211;<\/td><td>&#8211;<\/td><\/tr><tr><td><strong>Vet M IV<\/strong><\/td><td>&#8211;<\/td><td>&#8211;<\/td><td>&#8211;<\/td><td>&#8211;<\/td><\/tr><tr><td><strong>Vet F IV<\/strong><\/td><td>&#8211;<\/td><td>&#8211;<\/td><td>&#8211;<\/td><td>&#8211;<\/td><\/tr><\/tbody><\/table><\/figure>\n\n\n\n<p><strong>10 de Maio \u2013 Matosinhos City Race<\/strong> <strong>(Portugal City Race)<\/strong><\/p>\n\n\n\n<p><span style=\"text-decoration: underline;\">Cart\u00f3grafo<\/span> &#8211; Ivan &nbsp;Mostepanov<\/p>\n\n\n\n<p><span style=\"text-decoration: underline;\">Tra\u00e7ador de Percursos<\/span> &#8211; Ivan &nbsp;Mostepanov<\/p>\n\n\n\n<figure class=\"wp-block-table is-style-stripes\"><table><tbody><tr><td><strong>Classes<\/strong><\/td><td><strong>Dist\u00e2ncia (m)<\/strong><\/td><td><strong>Pontos<\/strong><\/td><td><strong>Declive (m)<\/strong><\/td><td><strong>Escala<\/strong><\/td><\/tr><tr><td><strong>Open Curto<\/strong><\/td><td>&#8211;<\/td><td>&#8211;<\/td><td>&#8211;<\/td><td>&#8211;<\/td><\/tr><tr><td><strong>Open M\u00e9dio<\/strong><\/td><td>&#8211;<\/td><td>&#8211;<\/td><td>&#8211;<\/td><td>&#8211;<\/td><\/tr><tr><td><strong>Open Longo<\/strong><\/td><td>&#8211;<\/td><td>&#8211;<\/td><td>&#8211;<\/td><td>&#8211;<\/td><\/tr><tr><td><strong>Tur\u00edstica<\/strong><\/td><td>&#8211;<\/td><td>&#8211;<\/td><td>&#8211;<\/td><td>&#8211;<\/td><\/tr><tr><td><strong>Forma\u00e7\u00e3o<\/strong><\/td><td>&#8211;<\/td><td>&#8211;<\/td><td>&#8211;<\/td><td>&#8211;<\/td><\/tr><tr><td><strong>Juvenis M<\/strong><\/td><td>&#8211;<\/td><td>&#8211;<\/td><td>&#8211;<\/td><td>&#8211;<\/td><\/tr><tr><td><strong>Juvenis F<\/strong><\/td><td>&#8211;<\/td><td>&#8211;<\/td><td>&#8211;<\/td><td>&#8211;<\/td><\/tr><tr><td><strong>Juniores M<\/strong><\/td><td>&#8211;<\/td><td>&#8211;<\/td><td>&#8211;<\/td><td>&#8211;<\/td><\/tr><tr><td><strong>Juniores F<\/strong><\/td><td>&#8211;<\/td><td>&#8211;<\/td><td>&#8211;<\/td><td>&#8211;<\/td><\/tr><tr><td><strong>Seniores M<\/strong><\/td><td>&#8211;<\/td><td>&#8211;<\/td><td>&#8211;<\/td><td>&#8211;<\/td><\/tr><tr><td><strong>Seniores F<\/strong><\/td><td>&#8211;<\/td><td>&#8211;<\/td><td>&#8211;<\/td><td>&#8211;<\/td><\/tr><tr><td><strong>Vet M I<\/strong><\/td><td>&#8211;<\/td><td>&#8211;<\/td><td>&#8211;<\/td><td>&#8211;<\/td><\/tr><tr><td><strong>Vet F I<\/strong><\/td><td>&#8211;<\/td><td>&#8211;<\/td><td>&#8211;<\/td><td>&#8211;<\/td><\/tr><tr><td><strong>Vet M II<\/strong><\/td><td>&#8211;<\/td><td>&#8211;<\/td><td>&#8211;<\/td><td>&#8211;<\/td><\/tr><tr><td><strong>Vet F II<\/strong><\/td><td>&#8211;<\/td><td>&#8211;<\/td><td>&#8211;<\/td><td>&#8211;<\/td><\/tr><tr><td><strong>Vet M III<\/strong><\/td><td>&#8211;<\/td><td>&#8211;<\/td><td>&#8211;<\/td><td>&#8211;<\/td><\/tr><tr><td><strong>Vet F III<\/strong><\/td><td>&#8211;<\/td><td>&#8211;<\/td><td>&#8211;<\/td><td>&#8211;<\/td><\/tr><tr><td><strong>Vet M IV<\/strong><\/td><td>&#8211;<\/td><td>&#8211;<\/td><td>&#8211;<\/td><td>&#8211;<\/td><\/tr><tr><td><strong>Vet F IV<\/strong><\/td><td>&#8211;<\/td><td>&#8211;<\/td><td>&#8211;<\/td><td>&#8211;<\/td><\/tr><\/tbody><\/table><\/figure>\n\n\n\n<p><\/p>\n","protected":false},"excerpt":{"rendered":"<p>A informa\u00e7\u00e3o t\u00e9cnica do evento de 2026 ser\u00e1 publicada brevemente. 9 de Maio \u2013 Prova Indoor Tra\u00e7ador de Percursos &#8211; Ivan &nbsp;Mostepanov Classes Dist\u00e2ncia (m) Pontos Declive (m) Escala Open Curto &#8211; &#8211; &#8211; &#8211; Open M\u00e9dio &#8211; &#8211; &#8211; &#8211; Open Longo &#8211; &#8211; &#8211; &#8211; Forma\u00e7\u00e3o &#8211; &#8211; &#8211; &#8211; Juvenis M &#8211; [&hellip;]<\/p>\n","protected":false},"author":1,"featured_media":0,"parent":0,"menu_order":0,"comment_status":"closed","ping_status":"closed","template":"","meta":{"footnotes":""},"class_list":["post-156","page","type-page","status-publish","hentry"],"_links":{"self":[{"href":"https:\/\/gd4caminhos.com\/matosinhoscityrace\/wp-json\/wp\/v2\/pages\/156","targetHints":{"allow":["GET"]}}],"collection":[{"href":"https:\/\/gd4caminhos.com\/matosinhoscityrace\/wp-json\/wp\/v2\/pages"}],"about":[{"href":"https:\/\/gd4caminhos.com\/matosinhoscityrace\/wp-json\/wp\/v2\/types\/page"}],"author":[{"embeddable":true,"href":"https:\/\/gd4caminhos.com\/matosinhoscityrace\/wp-json\/wp\/v2\/users\/1"}],"replies":[{"embeddable":true,"href":"https:\/\/gd4caminhos.com\/matosinhoscityrace\/wp-json\/wp\/v2\/comments?post=156"}],"version-history":[{"count":0,"href":"https:\/\/gd4caminhos.com\/matosinhoscityrace\/wp-json\/wp\/v2\/pages\/156\/revisions"}],"wp:attachment":[{"href":"https:\/\/gd4caminhos.com\/matosinhoscityrace\/wp-json\/wp\/v2\/media?parent=156"}],"curies":[{"name":"wp","href":"https:\/\/api.w.org\/{rel}","templated":true}]}}