{"id":19,"date":"2024-04-08T01:21:54","date_gmt":"2024-04-08T00:21:54","guid":{"rendered":"https:\/\/gd4caminhos.com\/matosinhoscityrace\/?page_id=19"},"modified":"2026-02-10T22:39:24","modified_gmt":"2026-02-10T21:39:24","slug":"introducao","status":"publish","type":"page","link":"https:\/\/gd4caminhos.com\/matosinhoscityrace\/introducao\/","title":{"rendered":"Introdu\u00e7\u00e3o"},"content":{"rendered":"\n<p>A Matosinhos&nbsp;City \u00e9 um evento de&nbsp;<a href=\"http:\/\/www.gd4caminhos.com\/o-que-e-orientacao\/o-que-e\" target=\"_blank\" rel=\"noreferrer noopener\">Orienta\u00e7\u00e3o<\/a>&nbsp;pedestre realizado em \u00e1rea urbana, organizado pelo&nbsp;<a href=\"http:\/\/www.gd4caminhos.com\/\" target=\"_blank\" rel=\"noreferrer noopener\">Grupo Desportivo dos Quatro Caminhos<\/a>&nbsp;e pela&nbsp;<a href=\"http:\/\/www.fpo.pt\/\" target=\"_blank\" rel=\"noreferrer noopener\">Federa\u00e7\u00e3o Portuguesa de Orienta\u00e7\u00e3o<\/a>&nbsp;em parceria com a <a href=\"https:\/\/www.cm-matosinhos.pt\/\" target=\"_blank\" rel=\"noreferrer noopener\">C\u00e2mara Municipal de Matosinhos<\/a>, atrav\u00e9s da <a href=\"https:\/\/www.matosinhosport.pt\/\">Matosinhos Sport<\/a>.<\/p>\n\n\n\n<p>O evento ser\u00e1 constitu\u00eddo por duas etapas de orienta\u00e7\u00e3o pedestre nos dias 9 e 10 de Maio de 2026, com partida pelas 16:30 e 10:00 horas respetivamente. A etapa do dia 9 ser\u00e1 uma prova indoor e a de dia 10 ser\u00e1 uma prova de dist\u00e2ncia longa que integra o circuito Portugal City Race.<\/p>\n\n\n\n<p>\u00c9 um evento aberto a pessoas de qualquer idade, podendo participar individualmente, ou em grupo.  Mesmo n\u00e3o sendo federado pode participar nos escal\u00f5es de competi\u00e7\u00e3o.&nbsp; <\/p>\n\n\n\n<p>Mesmo que nunca tenha visto um mapa de Orienta\u00e7\u00e3o ou uma b\u00fassola, tem possibilidade de se juntar \u00e0 festa, porque a organiza\u00e7\u00e3o far\u00e1 acompanhamento e ensino com monitores.<\/p>\n\n\n\n<p>Junte a fam\u00edlia e venha aprender Orienta\u00e7\u00e3o e conhecer melhor a cidade de Matosinhos.<\/p>\n\n\n\n<p><a href=\"https:\/\/www.youtube.com\/watch?v=Ryitr5_Wk6Y\" target=\"_blank\" rel=\"noreferrer noopener\">Veja os momentos do evento de 2025<\/a>.<\/p>\n","protected":false},"excerpt":{"rendered":"<p>A Matosinhos&nbsp;City \u00e9 um evento de&nbsp;Orienta\u00e7\u00e3o&nbsp;pedestre realizado em \u00e1rea urbana, organizado pelo&nbsp;Grupo Desportivo dos Quatro Caminhos&nbsp;e pela&nbsp;Federa\u00e7\u00e3o Portuguesa de Orienta\u00e7\u00e3o&nbsp;em parceria com a C\u00e2mara Municipal de Matosinhos, atrav\u00e9s da Matosinhos Sport. O evento ser\u00e1 constitu\u00eddo por duas etapas de orienta\u00e7\u00e3o pedestre nos dias 9 e 10 de Maio de 2026, com partida pelas 16:30 e [&hellip;]<\/p>\n","protected":false},"author":2,"featured_media":0,"parent":0,"menu_order":0,"comment_status":"closed","ping_status":"closed","template":"","meta":{"footnotes":""},"class_list":["post-19","page","type-page","status-publish","hentry"],"_links":{"self":[{"href":"https:\/\/gd4caminhos.com\/matosinhoscityrace\/wp-json\/wp\/v2\/pages\/19","targetHints":{"allow":["GET"]}}],"collection":[{"href":"https:\/\/gd4caminhos.com\/matosinhoscityrace\/wp-json\/wp\/v2\/pages"}],"about":[{"href":"https:\/\/gd4caminhos.com\/matosinhoscityrace\/wp-json\/wp\/v2\/types\/page"}],"author":[{"embeddable":true,"href":"https:\/\/gd4caminhos.com\/matosinhoscityrace\/wp-json\/wp\/v2\/users\/2"}],"replies":[{"embeddable":true,"href":"https:\/\/gd4caminhos.com\/matosinhoscityrace\/wp-json\/wp\/v2\/comments?post=19"}],"version-history":[{"count":0,"href":"https:\/\/gd4caminhos.com\/matosinhoscityrace\/wp-json\/wp\/v2\/pages\/19\/revisions"}],"wp:attachment":[{"href":"https:\/\/gd4caminhos.com\/matosinhoscityrace\/wp-json\/wp\/v2\/media?parent=19"}],"curies":[{"name":"wp","href":"https:\/\/api.w.org\/{rel}","templated":true}]}}