{"id":37,"date":"2024-04-08T22:37:32","date_gmt":"2024-04-08T21:37:32","guid":{"rendered":"https:\/\/gd4caminhos.com\/matosinhoscityrace\/?page_id=37"},"modified":"2026-02-10T23:07:20","modified_gmt":"2026-02-10T22:07:20","slug":"info-geral","status":"publish","type":"page","link":"https:\/\/gd4caminhos.com\/matosinhoscityrace\/info-geral\/","title":{"rendered":"Info Geral"},"content":{"rendered":"<table class=\"table table-striped\">\n<thead>\n<tr>\n<th scope=\"col\">COMPETI\u00c7\u00c3O<\/th>\n<th scope=\"col\">ANO DE NASCIMENTO<\/th>\n<\/tr>\n<\/thead>\n<tbody>\n<tr>\n<td>Juvenis H\/D<\/td>\n<td>2007 a 2010<\/td>\n<\/tr>\n<tr>\n<td>Junior H\/D<\/td>\n<td>2004 a 2006<\/td>\n<\/tr>\n<tr>\n<td>Seniores H\/D<\/td>\n<td>1987 a 2003<\/td>\n<\/tr>\n<tr>\n<td>Veteranos I H\/D<\/td>\n<td>1972 a 1986<\/td>\n<\/tr>\n<tr>\n<td>Veteranos II H\/D<\/td>\n<td>1962 a 1971<\/td>\n<\/tr>\n<tr>\n<td>Veteranos III H\/D<\/td>\n<td>1952 a 1961<\/td>\n<\/tr>\n<tr>\n<td>Veteranos IV H\/D<\/td>\n<td>1951 ou antes<\/td>\n<\/tr>\n<tr>\n<td>Forma\u00e7\u00e3o<\/td>\n<td>2014 ou depois<\/td>\n<\/tr>\n<tr>\n<td>\u00a0<\/td>\n<td>\u00a0<\/td>\n<\/tr>\n<tr>\n<td><strong>Abertos<\/strong><\/td>\n<td>\u00a0<\/td>\n<\/tr>\n<tr>\n<td>Open Curto<\/td>\n<td>Qualquer idade, sexo, individualmente ou em grupo<\/td>\n<\/tr>\n<tr>\n<td>Open M\u00e9dio<\/td>\n<td>Qualquer idade, sexo, individualmente ou em grupo<\/td>\n<\/tr>\n<tr>\n<td>Open Longo<\/td>\n<td>Qualquer idade, sexo, individualmente ou em grupo<\/td>\n<\/tr>\n<\/tbody>\n<\/table>\n\n\n<p>*Os participantes n\u00e3o federados, podem escolher os escal\u00f5es de competi\u00e7\u00e3o, mas t\u00eam de realizar a prova individualmente.<br>No caso de desejarem participar em grupo, t\u00eam que optar pelos escal\u00f5es abertos (Open Curto, Open M\u00e9dio ou Open Longo)<\/p>\n\n\n\n<p><strong>Localiza\u00e7\u00e3o da Arena:<\/strong><br><span style=\"text-decoration: underline;\">1\u00aa Etapa:<\/span> Escola B\u00e1sica Eng. Fernando Pinto Oliveira<br><span style=\"text-decoration: underline;\">2\u00aa Etapa:<\/span> Escola Secund\u00e1ria Augusto Gomes<\/p>\n\n\n\n<p><a href=\"https:\/\/gd4caminhos.com\/matosinhoscityrace\/localizacao\/\">Localiza\u00e7\u00e3o<\/a><\/p>\n\n\n\n<p><strong>Solo Duro:&nbsp;<\/strong><br>N\u00e3o haver\u00e1 solo duro.<br><br><strong>Banhos<\/strong>:<br>Escola Secund\u00e1ria Augusto Gomes (apenas no domingo 10 de Maio)<\/p>\n\n\n\n<p><strong>Babysitting:<\/strong><br><span style=\"text-decoration: underline;\">1\u00aa Etapa:<\/span> Escola B\u00e1sica Eng. Fernando Pinto Oliveira<br><span style=\"text-decoration: underline;\">2\u00aa Etapa:<\/span> Escola Secund\u00e1ria Augusto Gomes<\/p>\n\n\n\n<p><strong>Bar:<\/strong><br>N\u00e3o haver\u00e1 servi\u00e7o de bar na arena.<\/p>\n\n\n\n<p><strong>WC:<\/strong><br>&#8211;<\/p>\n\n\n\n<p><strong>Pr\u00e9mios<\/strong>:<br>Medalh\u00e3o para os tr\u00eas primeiros de cada categoria, excepto os seniores que ser\u00e3o premiados os cinco primeiros.<br><\/p>\n\n\n\n<p><strong>Transportes P\u00fablicos:<\/strong><br><span style=\"text-decoration: underline;\">1\u00aa Etapa:<\/span><br>Autocarro: STCP 507 (Sol Poente)<br><span style=\"text-decoration: underline;\">2\u00aa Etapa:<br><\/span>Metro: Linha A (C\u00e2mara de Matosinhos)<br><br>Se tem alguma d\u00favida sobre o evento, consulte a p\u00e1gina das perguntas mais frequentes (FAQ), antes de fazer a sua inscri\u00e7\u00e3o.<\/p>\n\n\n\n<p><strong>Contactos:<\/strong><br>inscrever@gd4caminhos.com<\/p>\n\n\n\n<p><strong>Outras Informa\u00e7\u00f5es:<\/strong><br>N\u00e3o ser\u00e3o permitidas partidas a atletas sem cart\u00e3o SI (chip) ou com um n\u00famero diferente do constante da inscri\u00e7\u00e3o, altera\u00e7\u00f5es dever\u00e3o ser feitas com anteced\u00eancia pelo e-mail de inscri\u00e7\u00f5es ou, no dia da prova, no secretariado;<br>Regulamento da Competi\u00e7\u00e3o em vigor na FPO;<br>Sistema electr\u00f3nico Sport-Ident. Em caso de mau funcionamento da esta\u00e7\u00e3o SI dever\u00e3o ser picotadas as reservas existentes no mapa.<br>Na eventualidade de algum atleta n\u00e3o concluir o percurso, deve comunicar e descarregar o seu SICard na chegada;<br>Primeiros Socorros na chegada.<\/p>\n","protected":false},"excerpt":{"rendered":"<p>COMPETI\u00c7\u00c3O ANO DE NASCIMENTO Juvenis H\/D 2007 a 2010 Junior H\/D 2004 a 2006 Seniores H\/D 1987 a 2003 Veteranos I H\/D 1972 a 1986 Veteranos II H\/D 1962 a 1971 Veteranos III H\/D 1952 a 1961 Veteranos IV H\/D 1951 ou antes Forma\u00e7\u00e3o 2014 ou depois \u00a0 \u00a0 Abertos \u00a0 Open Curto Qualquer idade, [&hellip;]<\/p>\n","protected":false},"author":2,"featured_media":0,"parent":0,"menu_order":0,"comment_status":"closed","ping_status":"closed","template":"","meta":{"footnotes":""},"class_list":["post-37","page","type-page","status-publish","hentry"],"_links":{"self":[{"href":"https:\/\/gd4caminhos.com\/matosinhoscityrace\/wp-json\/wp\/v2\/pages\/37","targetHints":{"allow":["GET"]}}],"collection":[{"href":"https:\/\/gd4caminhos.com\/matosinhoscityrace\/wp-json\/wp\/v2\/pages"}],"about":[{"href":"https:\/\/gd4caminhos.com\/matosinhoscityrace\/wp-json\/wp\/v2\/types\/page"}],"author":[{"embeddable":true,"href":"https:\/\/gd4caminhos.com\/matosinhoscityrace\/wp-json\/wp\/v2\/users\/2"}],"replies":[{"embeddable":true,"href":"https:\/\/gd4caminhos.com\/matosinhoscityrace\/wp-json\/wp\/v2\/comments?post=37"}],"version-history":[{"count":0,"href":"https:\/\/gd4caminhos.com\/matosinhoscityrace\/wp-json\/wp\/v2\/pages\/37\/revisions"}],"wp:attachment":[{"href":"https:\/\/gd4caminhos.com\/matosinhoscityrace\/wp-json\/wp\/v2\/media?parent=37"}],"curies":[{"name":"wp","href":"https:\/\/api.w.org\/{rel}","templated":true}]}}