{"id":44,"date":"2024-04-08T02:15:46","date_gmt":"2024-04-08T01:15:46","guid":{"rendered":"https:\/\/gd4caminhos.com\/matosinhoscityrace\/?page_id=44"},"modified":"2026-02-10T23:28:52","modified_gmt":"2026-02-10T22:28:52","slug":"inscricoes","status":"publish","type":"page","link":"https:\/\/gd4caminhos.com\/matosinhoscityrace\/inscricoes\/","title":{"rendered":"Inscri\u00e7\u00f5es"},"content":{"rendered":"\n<p><strong>Inscri\u00e7\u00e3o Online &#8211; Portal Orio\u00e1sis (m\u00e9todo preferencial):<\/strong><\/p>\n\n\n\n<p><span style=\"text-decoration: underline;\">1\u00aa Etapa:<\/span> <a href=\"https:\/\/www.orioasis.pt\/oasis\/guide.php?eventid=3300&amp;action=register_entry\" target=\"_blank\" rel=\"noreferrer noopener\">Prova Indoor<\/a><br><span style=\"text-decoration: underline;\">2\u00aa Etapa:<\/span> <a href=\"https:\/\/www.orioasis.pt\/oasis\/guide.php?eventid=3253&amp;action=register_entry\" target=\"_blank\" rel=\"noreferrer noopener\">Matosinhos City Race<\/a><\/p>\n\n\n\n<p><strong>Consultar a lista de inscritos:<\/strong><\/p>\n\n\n\n<p><span style=\"text-decoration: underline;\">1\u00aa Etapa:<\/span> <a href=\"https:\/\/www.orioasis.pt\/oasis\/entries.php?action=club_class&amp;eventid=3300\" target=\"_blank\" rel=\"noreferrer noopener\">Prova Indoor<\/a><br><span style=\"text-decoration: underline;\">2\u00aa Etapa:<\/span> <a href=\"https:\/\/www.orioasis.pt\/oasis\/entries.php?action=club_class&amp;eventid=3253\" target=\"_blank\" rel=\"noreferrer noopener\">Matosinhos City Race<\/a><\/p>\n\n\n\n<p>Via e-mail \u2013 inscrever@gd4caminhos.com<\/p>\n\n\n\n<p><strong>Dados obrigat\u00f3rios para inscri\u00e7\u00e3o (individual ou em grupo) via e-mail:<\/strong><br>Nome(s) do(s) participante(s);<br>Ano(s) de nascimento;<br>Nome do Clube;<br>N\u00ba de filiado na FPO (caso n\u00e3o seja filiado na FPO, o NIF de cada um dos participantes);<br>N\u00ba do SI Card. Na aus\u00eancia deste, ser-lhe-\u00e1 alugado um pelo valor de 1,50\u20ac; A perda ou n\u00e3o devolu\u00e7\u00e3o do SI Card alugado implica o pagamento de 30\u20ac;<br>N\u00ba de telem\u00f3vel;<br>Escal\u00e3o de participa\u00e7\u00e3o;<br><\/p>\n\n\n\n<p><strong>Nota:<\/strong> Os atletas que pretendem participar em grupo, devem efetuar apenas uma \u00fanica inscri\u00e7\u00e3o mencionando os dados obrigat\u00f3rios de todos os participantes que o constituem.<\/p>\n\n\n\n<p><strong><br>Taxas de Inscri\u00e7\u00e3o:<\/strong><br>Data limite de inscri\u00e7\u00e3o: 04-05-2025<\/p>\n\n\n\n<p>Aluguer de SI Card: 2,00\u20ac<\/p>\n\n\n\n<p>Seguro: 2,00\u20ac por etapa (valor aplic\u00e1vel a todos os atletas n\u00e3o federados)<\/p>\n\n\n\n<p><strong><span style=\"text-decoration: underline;\">Etapa 1:<\/span><\/strong> <strong>Prova Indoor (9 de Maio)<\/strong><\/p>\n\n\n\n<figure class=\"wp-block-table\"><table class=\"has-fixed-layout\"><thead><tr><th>Abertos \/ Competi\u00e7\u00e3o<\/th><th>Taxa Federado<\/th><th>Taxa N\u00e3o Federado<\/th><\/tr><\/thead><tbody><tr><td>Adulto<\/td><td>6,00 \u20ac<\/td><td>6,00 \u20ac<\/td><\/tr><tr><td>Jovem<\/td><td>6,00 \u20ac<\/td><td>6,00 \u20ac<\/td><\/tr><\/tbody><\/table><\/figure>\n\n\n\n<p><strong><span style=\"text-decoration: underline;\">Etapa 2:<\/span><\/strong> <strong>Dist\u00e2ncia Longa | Matosinhos City Race <strong>\u2013<\/strong> Portugal City Race (10 de Maio)<\/strong><\/p>\n\n\n\n<figure class=\"wp-block-table\"><table class=\"has-fixed-layout\"><thead><tr><th>Abertos \/ Competi\u00e7\u00e3o<\/th><th>Taxa Federado<\/th><th>Taxa N\u00e3o Federado<\/th><\/tr><\/thead><tbody><tr><td>Adulto<\/td><td>8,00 \u20ac<\/td><td>8,00 \u20ac<\/td><\/tr><tr><td>Jovem<\/td><td>5,00 \u20ac<\/td><td>5,00 \u20ac<\/td><\/tr><\/tbody><\/table><\/figure>\n\n\n\n<p><br><strong>Pagamento por transfer\u00eancia Banc\u00e1ria:<\/strong><br>Montepio Geral<br>Titular da Conta: Grupo Desportivo 4 Caminhos<br>IBAN: PT50 0036 0295 9910 0001 1772 7<br>SWIFT \/ BIC CODE: MPIOPTPL<\/p>\n","protected":false},"excerpt":{"rendered":"<p>Inscri\u00e7\u00e3o Online &#8211; Portal Orio\u00e1sis (m\u00e9todo preferencial): 1\u00aa Etapa: Prova Indoor2\u00aa Etapa: Matosinhos City Race Consultar a lista de inscritos: 1\u00aa Etapa: Prova Indoor2\u00aa Etapa: Matosinhos City Race Via e-mail \u2013 inscrever@gd4caminhos.com Dados obrigat\u00f3rios para inscri\u00e7\u00e3o (individual ou em grupo) via e-mail:Nome(s) do(s) participante(s);Ano(s) de nascimento;Nome do Clube;N\u00ba de filiado na FPO (caso n\u00e3o seja [&hellip;]<\/p>\n","protected":false},"author":2,"featured_media":0,"parent":0,"menu_order":0,"comment_status":"closed","ping_status":"closed","template":"","meta":{"footnotes":""},"class_list":["post-44","page","type-page","status-publish","hentry"],"_links":{"self":[{"href":"https:\/\/gd4caminhos.com\/matosinhoscityrace\/wp-json\/wp\/v2\/pages\/44","targetHints":{"allow":["GET"]}}],"collection":[{"href":"https:\/\/gd4caminhos.com\/matosinhoscityrace\/wp-json\/wp\/v2\/pages"}],"about":[{"href":"https:\/\/gd4caminhos.com\/matosinhoscityrace\/wp-json\/wp\/v2\/types\/page"}],"author":[{"embeddable":true,"href":"https:\/\/gd4caminhos.com\/matosinhoscityrace\/wp-json\/wp\/v2\/users\/2"}],"replies":[{"embeddable":true,"href":"https:\/\/gd4caminhos.com\/matosinhoscityrace\/wp-json\/wp\/v2\/comments?post=44"}],"version-history":[{"count":0,"href":"https:\/\/gd4caminhos.com\/matosinhoscityrace\/wp-json\/wp\/v2\/pages\/44\/revisions"}],"wp:attachment":[{"href":"https:\/\/gd4caminhos.com\/matosinhoscityrace\/wp-json\/wp\/v2\/media?parent=44"}],"curies":[{"name":"wp","href":"https:\/\/api.w.org\/{rel}","templated":true}]}}