{"id":889,"date":"2025-01-10T23:56:23","date_gmt":"2025-01-10T22:56:23","guid":{"rendered":"https:\/\/gd4caminhos.com\/matosinhoscityrace\/?page_id=889"},"modified":"2026-04-02T17:42:29","modified_gmt":"2026-04-02T16:42:29","slug":"noticias-2","status":"publish","type":"page","link":"https:\/\/gd4caminhos.com\/matosinhoscityrace\/noticias-2\/","title":{"rendered":"Not\u00edcias"},"content":{"rendered":"\n<figure class=\"wp-block-table is-style-stripes\"><table><tbody><tr><td><strong>01.04.2026<\/strong><\/td><td><a href=\"https:\/\/www.prorunners.pt\/noticia\/19\/3235\/viii-edicao-da-matosinhos-city-race-esta-a-chegar\" target=\"_blank\" rel=\"noreferrer noopener\">Pro Runners Magazine | VII edi\u00e7\u00e3o da Matosinhos City Race est\u00e1 a chegar<\/a><\/td><\/tr><tr><td><strong>12.05.2025<\/strong><\/td><td><a href=\"https:\/\/www.aeoscarlopes.org\/post\/evento-internacional-matosinhos-city-race-2025-na-ebpol\" target=\"_blank\" rel=\"noreferrer noopener\">Escola B\u00e1sica Prof. \u00d3scar Lopes | Evento Internacional Matosinhos City Race 2025 na EBPOL<\/a><\/td><\/tr><tr><td><strong>24.04.2025<\/strong><\/td><td><a href=\"https:\/\/www.nmmatosinhos.com\/post\/matosinhos-city-race\" target=\"_blank\" rel=\"noreferrer noopener\">Noticias de Matosinhos | Matosinhos City Race junta atletas de 12 pa\u00edses<\/a><\/td><\/tr><tr><td><strong>24.04.2025<\/strong><\/td><td><a href=\"https:\/\/www.opraticante.pt\/matosinhos-city-race\/\" target=\"_blank\" rel=\"noreferrer noopener\">O Praticante | Matosinhos City Race, 12 Pa\u00edses Marcam Presen\u00e7a<\/a><\/td><\/tr><tr><td><strong>23.04.2025<\/strong><\/td><td><a href=\"https:\/\/www.prorunners.pt\/noticia\/19\/2831\/doze-paises-marcam-presenca-na-matosinhos-city-race-2025\" target=\"_blank\" rel=\"noreferrer noopener\">Pro Runners Magazine | Doze pa\u00edses marcam presen\u00e7a na Matosinhos City Race 2025<\/a><\/td><\/tr><tr><td><strong>23.04.2025<\/strong><\/td><td><a href=\"https:\/\/desporto.sapo.pt\/modalidades\/orientacao\/artigos\/orientacao-12-paises-ja-asseguraram-presenca-na-matosinhos-city-race-2025\" target=\"_blank\" rel=\"noreferrer noopener\">Sapo Desporto | Orienta\u00e7\u00e3o: 12 Pa\u00edses j\u00e1 asseguraram presen\u00e7a na Matosinhos City Race 2025<\/a><\/td><\/tr><tr><td><strong>22.04.2025<\/strong><\/td><td><a href=\"https:\/\/www.record.pt\/modalidades\/detalhe\/matosinhos-city-race-2025-12-paises-tem-presenca-assegurada\" target=\"_blank\" rel=\"noreferrer noopener\">Jornal Record | Matosinhos City Race 2025: 12 pa\u00edses t\u00eam presen\u00e7a assegurada<\/a><\/td><\/tr><tr><td><strong>24.02.2025<\/strong><\/td><td><a href=\"https:\/\/infocul.pt\/city-race-euro-tour-passa-por-portugal\/\">Infocul | City Race Euro Tour passa por Portugal<\/a><\/td><\/tr><tr><td><strong>24.02.2025<\/strong><\/td><td><a href=\"https:\/\/radioatlantico.pt\/noticia\/1708949\/matosinhos-city-race-10-e-11-de-maio-quinta-da-conceicao\" target=\"_blank\" rel=\"noreferrer noopener\">R\u00e1dio Atl\u00e2ntico | Matosinhos City Race &#8211; 10 e 11 de Maio &#8211; Quinta da Concei\u00e7\u00e3o<\/a><\/td><\/tr><tr><td><strong>30.01.2025<\/strong><\/td><td><a href=\"https:\/\/www.ojogo.pt\/7759120558\/matosinhos-e-sintra-integram-o-city-race-euro-tour\/\" target=\"_blank\" rel=\"noreferrer noopener\">O Jogo | tosinhos e Sintra integram o City Race Euro Tour<\/a><\/td><\/tr><tr><td><strong>25.01.2025<\/strong><\/td><td><a href=\"https:\/\/oatleta.pt\/matosinhos-city-race-integra-circuito-europeu-de-provas-de-orientacao\/\" target=\"_blank\" rel=\"noreferrer noopener\">O Atleta | Matosinhos City Race integra circuito Europeu de<\/a><a href=\"https:\/\/oatleta.pt\/matosinhos-city-race-integra-circuito-europeu-de-provas-de-orientacao\/\"> provas de Orienta\u00e7\u00e3o<\/a><\/td><\/tr><tr><td><strong>10.01.2025<\/strong><\/td><td><a href=\"https:\/\/correrporprazer.com\/2025\/01\/matosinhos-integra-o-city-race-euro-tour-em-2025\/\" target=\"_blank\" rel=\"noreferrer noopener\">Correr por Prazer | Matosinhos&nbsp;integra<\/a><a href=\"https:\/\/correrporprazer.com\/2025\/01\/matosinhos-integra-o-city-race-euro-tour-em-2025\/\"> o City Race Euro Tour em 2025<\/a><\/td><\/tr><tr><td><strong>02.01.2025<\/strong><\/td><td><a href=\"https:\/\/www.opraticante.pt\/matosinhos-e-sintra\/\">O Praticante | <\/a><a href=\"https:\/\/www.opraticante.pt\/matosinhos-e-sintra\/\" target=\"_blank\" rel=\"noreferrer noopener\">Matosinhos<\/a><a href=\"https:\/\/www.opraticante.pt\/matosinhos-e-sintra\/\"> e Sintra no CRET<\/a><\/td><\/tr><tr><td><strong>20.12.2024<\/strong><\/td><td><a href=\"https:\/\/www.jn.pt\/5676847163\/matosinhos-e-sintra-no-circuito-europeu-de-orientacao\/\" target=\"_blank\" rel=\"noreferrer noopener\">Jornal de Not\u00edcias | Matosinhos e Sintra no circuito europeu de Orienta\u00e7\u00e3o<\/a><\/td><\/tr><tr><td><strong>12.12.2024<\/strong><\/td><td><a href=\"https:\/\/desporto.sapo.pt\/modalidades\/mais-modalidades\/artigos\/orientacao-matosinhos-e-sintra-integram-o-city-race-euro-tour-em-2025\" target=\"_blank\" rel=\"noreferrer noopener\">Sapo Desporto | Orienta\u00e7\u00e3o: Matosinhos e Sintra<\/a><a href=\"https:\/\/desporto.sapo.pt\/modalidades\/mais-modalidades\/artigos\/orientacao-matosinhos-e-sintra-integram-o-city-race-euro-tour-em-2025\"> integram o City Race Euro Tour em 2025<\/a><\/td><\/tr><tr><td><strong>11.12.2024<\/strong><\/td><td><a href=\"https:\/\/www.prorunners.pt\/noticia\/19\/2668\/matosinhos-e-sintra-integram-o-city-race-euro-tour-em-2025\" target=\"_blank\" rel=\"noreferrer noopener\">Pro Runners | Matosinhos e Sintra integram o<\/a><a href=\"https:\/\/www.prorunners.pt\/noticia\/19\/2668\/matosinhos-e-sintra-integram-o-city-race-euro-tour-em-2025\"> City Race Euro Tour em 2025<\/a><\/td><\/tr><tr><td><strong>09.12.2024<\/strong><\/td><td><a href=\"https:\/\/www.record.pt\/modalidades\/orientacao\/detalhe\/matosinhos-e-sintra-integram-o-city-race-euro-tour-em-2025\" target=\"_blank\" rel=\"noreferrer noopener\">Record | Matosinhos e Sintra integram o City Race Euro<\/a><a href=\"https:\/\/www.record.pt\/modalidades\/orientacao\/detalhe\/matosinhos-e-sintra-integram-o-city-race-euro-tour-em-2025\"> Tour em 2025<\/a><\/td><\/tr><tr><td><strong>09.12.2024<\/strong><\/td><td><a href=\"https:\/\/www.nmmatosinhos.com\/post\/matosinhos-integra-o-city-race-euro-tour-em-2025\" target=\"_blank\" rel=\"noreferrer noopener\">NM Matosinhos | Matosinhos integra o City Race Euro<\/a><a href=\"https:\/\/www.nmmatosinhos.com\/post\/matosinhos-integra-o-city-race-euro-tour-em-2025\"> Tour em 2025<\/a><\/td><\/tr><tr><td><strong>09.12.2024<\/strong><\/td><td><a href=\"https:\/\/www.publituris.pt\/2024\/12\/09\/matosinhos-e-sintra-integram-o-city-race-euro-tour-em-2025\" target=\"_blank\" rel=\"noreferrer noopener\">Publituris | Matosinhos e Sintra integram o City Race Euro<\/a><a href=\"https:\/\/www.publituris.pt\/2024\/12\/09\/matosinhos-e-sintra-integram-o-city-race-euro-tour-em-2025\"> Tour em 2025<\/a><\/td><\/tr><\/tbody><\/table><\/figure>\n","protected":false},"excerpt":{"rendered":"<p>01.04.2026 Pro Runners Magazine | VII edi\u00e7\u00e3o da Matosinhos City Race est\u00e1 a chegar 12.05.2025 Escola B\u00e1sica Prof. \u00d3scar Lopes | Evento Internacional Matosinhos City Race 2025 na EBPOL 24.04.2025 Noticias de Matosinhos | Matosinhos City Race junta atletas de 12 pa\u00edses 24.04.2025 O Praticante | Matosinhos City Race, 12 Pa\u00edses Marcam Presen\u00e7a 23.04.2025 Pro [&hellip;]<\/p>\n","protected":false},"author":4,"featured_media":0,"parent":0,"menu_order":0,"comment_status":"closed","ping_status":"closed","template":"","meta":{"footnotes":""},"class_list":["post-889","page","type-page","status-publish","hentry"],"_links":{"self":[{"href":"https:\/\/gd4caminhos.com\/matosinhoscityrace\/wp-json\/wp\/v2\/pages\/889","targetHints":{"allow":["GET"]}}],"collection":[{"href":"https:\/\/gd4caminhos.com\/matosinhoscityrace\/wp-json\/wp\/v2\/pages"}],"about":[{"href":"https:\/\/gd4caminhos.com\/matosinhoscityrace\/wp-json\/wp\/v2\/types\/page"}],"author":[{"embeddable":true,"href":"https:\/\/gd4caminhos.com\/matosinhoscityrace\/wp-json\/wp\/v2\/users\/4"}],"replies":[{"embeddable":true,"href":"https:\/\/gd4caminhos.com\/matosinhoscityrace\/wp-json\/wp\/v2\/comments?post=889"}],"version-history":[{"count":0,"href":"https:\/\/gd4caminhos.com\/matosinhoscityrace\/wp-json\/wp\/v2\/pages\/889\/revisions"}],"wp:attachment":[{"href":"https:\/\/gd4caminhos.com\/matosinhoscityrace\/wp-json\/wp\/v2\/media?parent=889"}],"curies":[{"name":"wp","href":"https:\/\/api.w.org\/{rel}","templated":true}]}}