{"id":406,"date":"2022-09-17T01:27:00","date_gmt":"2022-09-17T00:27:00","guid":{"rendered":"https:\/\/gd4caminhos.com\/naom\/2019\/?page_id=406"},"modified":"2024-02-15T19:05:09","modified_gmt":"2024-02-15T19:05:09","slug":"programme","status":"publish","type":"page","link":"https:\/\/gd4caminhos.com\/naom\/en\/programme\/","title":{"rendered":"Programme"},"content":{"rendered":"<h2>Training Camps:<\/h2>\n<p>During the winter period ( January &#8211; Mars) you can take advantage of the <strong><a href=\"https:\/\/gd4caminhos.com\/naom\/en\/training-camps\/\">GD4C \/ Orievents training camps<\/a><\/strong> that have permanent controls.<\/p>\n<p><img loading=\"lazy\" decoding=\"async\" class=\"alignnone  wp-image-1898\" src=\"https:\/\/gd4caminhos.com\/naom\/wp-content\/uploads\/2021\/12\/all-250x51.png\" alt=\"\" width=\"466\" height=\"95\" srcset=\"https:\/\/gd4caminhos.com\/naom\/wp-content\/uploads\/2021\/12\/all-250x51.png 250w, https:\/\/gd4caminhos.com\/naom\/wp-content\/uploads\/2021\/12\/all-1000x202.png 1000w, https:\/\/gd4caminhos.com\/naom\/wp-content\/uploads\/2021\/12\/all-768x155.png 768w, https:\/\/gd4caminhos.com\/naom\/wp-content\/uploads\/2021\/12\/all-1536x310.png 1536w, https:\/\/gd4caminhos.com\/naom\/wp-content\/uploads\/2021\/12\/all-2048x414.png 2048w, https:\/\/gd4caminhos.com\/naom\/wp-content\/uploads\/2021\/12\/all-120x24.png 120w\" sizes=\"auto, (max-width: 466px) 100vw, 466px\" \/><\/p>\n<h2>NAOM 2024<\/h2>\n<h2><strong>February, 09th<\/strong><\/h2>\n<p>1st deadline for entries with lower prices.<\/p>\n<h2><strong>February, 12th<\/strong><\/h2>\n<p>Final deadline for entries in competition classes.<\/p>\n<h2><strong>February, 15th<\/strong><\/h2>\n<p>Start times announcement.<\/p>\n<h2><strong>February, 16th<\/strong><\/h2>\n<p>10h00 &#8211; Event centre opening (Quinta dos Ribeiros &#8211; Alpalh\u00e3o)<br \/>\n10h30 &#8211; Model Event open<br \/>\n12h30 &#8211; Event centre closed for lunch<br \/>\n14h00 &#8211; Event centre re-open<br \/>\n18h00 &#8211; Event centre closing<br \/>\n20h00 &#8211; Hard-floor open (school Crist\u00f3v\u00e3o Falc\u00e3o)<\/p>\n<p><img loading=\"lazy\" decoding=\"async\" class=\"alignnone wp-image-2477 size-medium\" src=\"https:\/\/gd4caminhos.com\/naom\/wp-content\/uploads\/2023\/12\/15-1-250x240.png\" alt=\"\" width=\"250\" height=\"240\" srcset=\"https:\/\/gd4caminhos.com\/naom\/wp-content\/uploads\/2023\/12\/15-1-250x240.png 250w, https:\/\/gd4caminhos.com\/naom\/wp-content\/uploads\/2023\/12\/15-1-120x115.png 120w, https:\/\/gd4caminhos.com\/naom\/wp-content\/uploads\/2023\/12\/15-1.png 459w\" sizes=\"auto, (max-width: 250px) 100vw, 250px\" \/><\/p>\n<h2><strong>February, 17th<\/strong><\/h2>\n<p>08h30 &#8211; Event centre opening \u2013 Arena;<br \/>\n10h00 &#8211; Middle distance &#8211; Herdade de Almojanda (Portalegre);<br \/>\n11h30 &#8211; Deadline for start from open classes;<\/p>\n<p>12h30 \u2013 Quarantine opening Pre-O<br \/>\n12h45 \u2013 Quarantine closing Pre-O<br \/>\n13h30 \u2013 1st start Pre-O<\/p>\n<p>14h00 &#8211; Sprint WRE quarentine opening &#8211; (M21E and W21E classes);<\/p>\n<p>14h30 &#8211; Event centre opening \u2013 Portalegre;<br \/>\n14h45 &#8211; Sprint WRE quarantine closing (M21E and W21E classes);<br \/>\n15h45 &#8211; Sprint WRE &#8211; Portalegre;<br \/>\n17h30 &#8211; Prize Giving Ceremony WRE and Pre-O &#8211; Portalegre<\/p>\n<p><img loading=\"lazy\" decoding=\"async\" class=\"alignnone wp-image-2421 size-medium\" src=\"https:\/\/gd4caminhos.com\/naom\/wp-content\/uploads\/2023\/12\/Almojanda-excerto-B-250x250.jpg\" alt=\"\" width=\"250\" height=\"250\" srcset=\"https:\/\/gd4caminhos.com\/naom\/wp-content\/uploads\/2023\/12\/Almojanda-excerto-B-250x250.jpg 250w, https:\/\/gd4caminhos.com\/naom\/wp-content\/uploads\/2023\/12\/Almojanda-excerto-B-1000x1001.jpg 1000w, https:\/\/gd4caminhos.com\/naom\/wp-content\/uploads\/2023\/12\/Almojanda-excerto-B-150x150.jpg 150w, https:\/\/gd4caminhos.com\/naom\/wp-content\/uploads\/2023\/12\/Almojanda-excerto-B-768x769.jpg 768w, https:\/\/gd4caminhos.com\/naom\/wp-content\/uploads\/2023\/12\/Almojanda-excerto-B-120x120.jpg 120w, https:\/\/gd4caminhos.com\/naom\/wp-content\/uploads\/2023\/12\/Almojanda-excerto-B.jpg 1320w\" sizes=\"auto, (max-width: 250px) 100vw, 250px\" \/> <img loading=\"lazy\" decoding=\"async\" class=\"alignnone  wp-image-1669\" src=\"https:\/\/gd4caminhos.com\/naom\/wp-content\/uploads\/2020\/07\/HPereiro1_excerto-1-250x250.jpg\" alt=\"\" width=\"224\" height=\"224\" srcset=\"https:\/\/gd4caminhos.com\/naom\/wp-content\/uploads\/2020\/07\/HPereiro1_excerto-1-250x250.jpg 250w, https:\/\/gd4caminhos.com\/naom\/wp-content\/uploads\/2020\/07\/HPereiro1_excerto-1-150x150.jpg 150w, https:\/\/gd4caminhos.com\/naom\/wp-content\/uploads\/2020\/07\/HPereiro1_excerto-1-120x120.jpg 120w, https:\/\/gd4caminhos.com\/naom\/wp-content\/uploads\/2020\/07\/HPereiro1_excerto-1.jpg 438w\" sizes=\"auto, (max-width: 224px) 100vw, 224px\" \/><\/p>\n<h2><strong>February, 18th<\/strong><\/h2>\n<p>08h30 &#8211; Event centre opening \u2013 Arena;<br \/>\n10h00 &#8211; Middle distance WRE \u2013 Cancho (Castelo de Vide);<br \/>\n11h30 &#8211; Deadline for start from open classes;<br \/>\n13h00 &#8211; NAOM 2024 Prize giving ceremony<\/p>\n<p><img loading=\"lazy\" decoding=\"async\" class=\"alignnone wp-image-2422 size-medium\" src=\"https:\/\/gd4caminhos.com\/naom\/wp-content\/uploads\/2023\/12\/Cancho-RM-excerto-A-250x250.jpg\" alt=\"\" width=\"250\" height=\"250\" srcset=\"https:\/\/gd4caminhos.com\/naom\/wp-content\/uploads\/2023\/12\/Cancho-RM-excerto-A-250x250.jpg 250w, https:\/\/gd4caminhos.com\/naom\/wp-content\/uploads\/2023\/12\/Cancho-RM-excerto-A-1000x1001.jpg 1000w, https:\/\/gd4caminhos.com\/naom\/wp-content\/uploads\/2023\/12\/Cancho-RM-excerto-A-150x150.jpg 150w, https:\/\/gd4caminhos.com\/naom\/wp-content\/uploads\/2023\/12\/Cancho-RM-excerto-A-768x769.jpg 768w, https:\/\/gd4caminhos.com\/naom\/wp-content\/uploads\/2023\/12\/Cancho-RM-excerto-A-120x120.jpg 120w, https:\/\/gd4caminhos.com\/naom\/wp-content\/uploads\/2023\/12\/Cancho-RM-excerto-A.jpg 1088w\" sizes=\"auto, (max-width: 250px) 100vw, 250px\" \/> <img loading=\"lazy\" decoding=\"async\" class=\"alignnone  wp-image-1841\" src=\"https:\/\/gd4caminhos.com\/naom\/wp-content\/uploads\/2021\/11\/web-250x250.jpg\" alt=\"\" width=\"226\" height=\"226\" srcset=\"https:\/\/gd4caminhos.com\/naom\/wp-content\/uploads\/2021\/11\/web-250x250.jpg 250w, https:\/\/gd4caminhos.com\/naom\/wp-content\/uploads\/2021\/11\/web-1000x999.jpg 1000w, https:\/\/gd4caminhos.com\/naom\/wp-content\/uploads\/2021\/11\/web-150x150.jpg 150w, https:\/\/gd4caminhos.com\/naom\/wp-content\/uploads\/2021\/11\/web-768x767.jpg 768w, https:\/\/gd4caminhos.com\/naom\/wp-content\/uploads\/2021\/11\/web-120x120.jpg 120w, https:\/\/gd4caminhos.com\/naom\/wp-content\/uploads\/2021\/11\/web.jpg 1441w\" sizes=\"auto, (max-width: 226px) 100vw, 226px\" \/><\/p>\n","protected":false},"excerpt":{"rendered":"Training Camps: During the winter period ( January &#8211; Mars) you can take advantage of the GD4C \/ Orievents training camps that have permanent controls. NAOM 2024 February, 09th 1st deadline for entries with lower prices. February, 12th Final deadline for entries in competition classes. February, 15th Start times announcement. February, 16th 10h00 &#8211; Event&#8230; <a class=\"view-article\" href=\"https:\/\/gd4caminhos.com\/naom\/en\/programme\/\"><\/a>","protected":false},"author":2,"featured_media":0,"parent":0,"menu_order":0,"comment_status":"closed","ping_status":"closed","template":"","meta":{"footnotes":""},"class_list":["post-406","page","type-page","status-publish","hentry"],"_links":{"self":[{"href":"https:\/\/gd4caminhos.com\/naom\/en\/wp-json\/wp\/v2\/pages\/406","targetHints":{"allow":["GET"]}}],"collection":[{"href":"https:\/\/gd4caminhos.com\/naom\/en\/wp-json\/wp\/v2\/pages"}],"about":[{"href":"https:\/\/gd4caminhos.com\/naom\/en\/wp-json\/wp\/v2\/types\/page"}],"author":[{"embeddable":true,"href":"https:\/\/gd4caminhos.com\/naom\/en\/wp-json\/wp\/v2\/users\/2"}],"replies":[{"embeddable":true,"href":"https:\/\/gd4caminhos.com\/naom\/en\/wp-json\/wp\/v2\/comments?post=406"}],"version-history":[{"count":22,"href":"https:\/\/gd4caminhos.com\/naom\/en\/wp-json\/wp\/v2\/pages\/406\/revisions"}],"predecessor-version":[{"id":2690,"href":"https:\/\/gd4caminhos.com\/naom\/en\/wp-json\/wp\/v2\/pages\/406\/revisions\/2690"}],"wp:attachment":[{"href":"https:\/\/gd4caminhos.com\/naom\/en\/wp-json\/wp\/v2\/media?parent=406"}],"curies":[{"name":"wp","href":"https:\/\/api.w.org\/{rel}","templated":true}]}}