{"id":434,"date":"2024-02-15T04:08:09","date_gmt":"2024-02-15T04:08:09","guid":{"rendered":"https:\/\/gd4caminhos.com\/naom\/2019\/?page_id=434"},"modified":"2024-02-16T00:21:45","modified_gmt":"2024-02-16T00:21:45","slug":"locations","status":"publish","type":"page","link":"https:\/\/gd4caminhos.com\/naom\/en\/locations\/","title":{"rendered":"Locations"},"content":{"rendered":"<h1>Coordinates:<\/h1>\n<p>General overview of locations for NAOM 2024 and training maps: <a href=\"https:\/\/www.google.com\/maps\/d\/u\/0\/edit?mid=1Wod9s3AwZ67NRO3ocAW29tdkyNMlzTA&amp;usp=sharing\" target=\"_blank\" rel=\"noopener\">Locations<\/a><\/p>\n<p>Event locations:<br \/><a href=\"https:\/\/www.orioasis.pt\/oasis\/events.php?eventid=2690&amp;action=event_map\" target=\"_blank\" rel=\"noopener\">https:\/\/www.orioasis.pt\/oasis\/events.php?eventid=2690&amp;action=event_map<\/a><\/p>\n<p><strong>Event centre (friday)\u00a0&#8211; Quinta dos Ribeiros (Alpalh\u00e3o) <\/strong><br \/><a href=\"https:\/\/maps.app.goo.gl\/8EEeJZFkbPTFEyeM8\" target=\"_blank\" rel=\"noopener\">39.407600, -7.624300<\/a><strong><br \/><\/strong><\/p>\n<p><strong>Model event &#8211; Vale D&#8217;Ornas (Castelo de Vide)<\/strong><br \/><a href=\"https:\/\/maps.app.goo.gl\/16QT1zYQJBkxbGiQ8\" target=\"_blank\" rel=\"noopener\">39.453477, -7.441058<\/a><\/p>\n<p><strong>Hard floor &#8211; Pavilh\u00e3o Escola B\u00e1sica Crist\u00f3v\u00e3o Falc\u00e3o<br \/><\/strong><a href=\"https:\/\/maps.app.goo.gl\/obc4MonnhCkTHNEU7\" target=\"_blank\" rel=\"noopener\">39.300200 -7.433000<\/a><\/p>\n<h2><strong>Day 1\u00a0<\/strong><\/h2>\n<p><strong>Stage 1 &#8211; Herdade de Almojanda (Portalegre)<\/strong><br \/><a href=\"https:\/\/maps.app.goo.gl\/N33fEnZNuB2muq2F7\" target=\"_blank\" rel=\"noopener\">39.290321, -7.496556<\/a><\/p>\n<p><strong>Stage 2 &#8211; Sprint WRE &#8211; Arena &#8211; Portalegre<\/strong><br \/><a href=\"https:\/\/maps.app.goo.gl\/xq9wYwa9ym83ZByM7\">39.297498, -7.427461<\/a><\/p>\n<p><strong>Stage 2 \u2013 Sprint WRE<\/strong> \u2013 <strong>Quarentine<\/strong> (M21E and W21E classes): <a href=\"https:\/\/maps.app.goo.gl\/QrqcqUU5yd8N2b7E9\">39.295732,-7.426917<\/a><\/p>\n<h2><strong>Day 2<\/strong><\/h2>\n<p><strong>Stage 3 &#8211; Cancho (Castelo de Vide)<\/strong><br \/><a href=\"https:\/\/maps.app.goo.gl\/gDWDfqAyxqEqYGjp7\" target=\"_blank\" rel=\"noopener\">39.434436, -7.438975<\/a><\/p>\n<p>The parking on stage 3 will be along the access road. As such, the traffic will be limited and controlled by local Police. The access should be done from south. No traffic will be allowed from north.<\/p>\n<p><strong>Public transportation<\/strong>: Bus (<a href=\"https:\/\/www.rede-expressos.pt\/\">Rede Expressos<\/a>)<br \/>Coordinates of the Sete Rios Bus Terminal (Lisbon): <a href=\"https:\/\/maps.app.goo.gl\/pXqcDgYxS6NT5Fdw6\">38.742354, -9.166595<\/a><\/p>\n\n\n<p><\/p>\n\n\n\n<figure class=\"wp-block-image size-medium\"><img loading=\"lazy\" decoding=\"async\" width=\"250\" height=\"433\" src=\"https:\/\/gd4caminhos.com\/naom\/wp-content\/uploads\/2018\/11\/Mapa_Localiza\u00e7\u00e3o-250x433.png\" alt=\"\" class=\"wp-image-515\" srcset=\"https:\/\/gd4caminhos.com\/naom\/wp-content\/uploads\/2018\/11\/Mapa_Localiza\u00e7\u00e3o-250x433.png 250w, https:\/\/gd4caminhos.com\/naom\/wp-content\/uploads\/2018\/11\/Mapa_Localiza\u00e7\u00e3o-120x208.png 120w, https:\/\/gd4caminhos.com\/naom\/wp-content\/uploads\/2018\/11\/Mapa_Localiza\u00e7\u00e3o.png 646w\" sizes=\"auto, (max-width: 250px) 100vw, 250px\" \/><\/figure>\n","protected":false},"excerpt":{"rendered":"Coordinates: General overview of locations for NAOM 2024 and training maps: Locations Event locations:https:\/\/www.orioasis.pt\/oasis\/events.php?eventid=2690&amp;action=event_map Event centre (friday)\u00a0&#8211; Quinta dos Ribeiros (Alpalh\u00e3o) 39.407600, -7.624300 Model event &#8211; Vale D&#8217;Ornas (Castelo de Vide)39.453477, -7.441058 Hard floor &#8211; Pavilh\u00e3o Escola B\u00e1sica Crist\u00f3v\u00e3o Falc\u00e3o39.300200 -7.433000 Day 1\u00a0 Stage 1 &#8211; Herdade de Almojanda (Portalegre)39.290321, -7.496556 Stage 2 &#8211; Sprint&#8230; <a class=\"view-article\" href=\"https:\/\/gd4caminhos.com\/naom\/en\/locations\/\"><\/a>","protected":false},"author":2,"featured_media":0,"parent":0,"menu_order":0,"comment_status":"closed","ping_status":"closed","template":"","meta":{"footnotes":""},"class_list":["post-434","page","type-page","status-publish","hentry"],"_links":{"self":[{"href":"https:\/\/gd4caminhos.com\/naom\/en\/wp-json\/wp\/v2\/pages\/434","targetHints":{"allow":["GET"]}}],"collection":[{"href":"https:\/\/gd4caminhos.com\/naom\/en\/wp-json\/wp\/v2\/pages"}],"about":[{"href":"https:\/\/gd4caminhos.com\/naom\/en\/wp-json\/wp\/v2\/types\/page"}],"author":[{"embeddable":true,"href":"https:\/\/gd4caminhos.com\/naom\/en\/wp-json\/wp\/v2\/users\/2"}],"replies":[{"embeddable":true,"href":"https:\/\/gd4caminhos.com\/naom\/en\/wp-json\/wp\/v2\/comments?post=434"}],"version-history":[{"count":28,"href":"https:\/\/gd4caminhos.com\/naom\/en\/wp-json\/wp\/v2\/pages\/434\/revisions"}],"predecessor-version":[{"id":2708,"href":"https:\/\/gd4caminhos.com\/naom\/en\/wp-json\/wp\/v2\/pages\/434\/revisions\/2708"}],"wp:attachment":[{"href":"https:\/\/gd4caminhos.com\/naom\/en\/wp-json\/wp\/v2\/media?parent=434"}],"curies":[{"name":"wp","href":"https:\/\/api.w.org\/{rel}","templated":true}]}}