{"id":456,"date":"2018-11-10T09:42:15","date_gmt":"2018-11-10T09:42:15","guid":{"rendered":"https:\/\/gd4caminhos.com\/naom\/2019\/?page_id=456"},"modified":"2018-11-10T19:40:10","modified_gmt":"2018-11-10T19:40:10","slug":"what-to-do","status":"publish","type":"page","link":"https:\/\/gd4caminhos.com\/naom\/en\/what-to-do\/","title":{"rendered":"What to do?"},"content":{"rendered":"<p><strong>Portalegre<\/strong><\/p>\n<p><a href=\"http:\/\/www.cm-portalegre.pt\/pt\/atividade-municipal\/cultura\/museus\" target=\"_blank\" rel=\"noopener\">Museums in Portalegre (in Portuguese):<\/a><br \/>\nMuseu Municipal de Portalegre<br \/>\nMuseu Jos\u00e9 R\u00e9gio<br \/>\nMuseu da Tape\u00e7aria de Portalegre Guy Fino<br \/>\nhttp:\/\/www.cm-portalegre.pt\/pt\/atividade-municipal\/cultura\/museus<\/p>\n<p><a href=\"http:\/\/www.mtportalegre.pt\/en\/\" target=\"_blank\" rel=\"noopener\">Portalegre tapestry manufacture<\/a><br \/>\nhttp:\/\/www.mtportalegre.pt\/en\/<\/p>\n<p><strong>Crato<\/strong><br \/>\nMosteiro de Santa Maria de Flor da Rosa<br \/>\nAnta Grande do Tapad\u00e3o<br \/>\nMuseu Municipal do Crato<br \/>\n<a href=\"http:\/\/scmcrato.com\/index1.php?p=10\" target=\"_blank\" rel=\"noopener\">Casa Museu Padre Belo (in Portuguese):<\/a><br \/>\nhttp:\/\/scmcrato.com\/index1.php?p=10<\/p>\n<p><strong>Alter do Ch\u00e3o<\/strong><br \/>\n<a href=\"http:\/\/www.cm-alter-chao.pt\/pt\/turismo\/museus\" target=\"_blank\" rel=\"noopener\">Municipal Museum of Alter do Ch\u00e3o (in Portuguese):<\/a><br \/>\nhttp:\/\/www.cm-alter-chao.pt\/pt\/turismo\/museus<br \/>\n<a href=\"http:\/\/www.alterreal.pt\/\" target=\"_blank\" rel=\"noopener\">Alter do Ch\u00e3o Stud Farm (in Portuguese):<\/a><br \/>\nhttp:\/\/www.alterreal.pt\/<\/p>\n<p><strong>Nisa<\/strong><br \/>\n<a href=\"http:\/\/museubordadoebarro.cm-nisa.pt\/en\/\" target=\"_blank\" rel=\"noopener\">Nisa\u2019s Museum of Embroidery and Clay<\/a><br \/>\nhttp:\/\/museubordadoebarro.cm-nisa.pt\/en\/<\/p>\n<p><strong>Marv\u00e3o<\/strong><br \/>\n<a href=\"http:\/\/www.ammaia.pt\/\" target=\"_blank\" rel=\"noopener\">Roman City of Ammaia Foundation (in Portuguese):<\/a><br \/>\nhttp:\/\/www.ammaia.pt\/<\/p>\n<p><strong>Castelo de Vide<\/strong><br \/>\n<a href=\"http:\/\/www.castelodevide.pt\/turismo\/en\/ver-e-fazer\/patrimonio\/roteiro-judaico\" target=\"_blank\" rel=\"noopener\">Jewish Itinerary<\/a><br \/>\nhttp:\/\/www.castelodevide.pt\/turismo\/en\/ver-e-fazer\/patrimonio\/roteiro-judaico<\/p>\n<p><strong>Campo maior<\/strong><\/p>\n<p><a href=\"http:\/\/centrocienciacafe.com\/\" target=\"_blank\" rel=\"noopener\">Coffee Science Center (in Portuguese):<\/a><br \/>\nhttp:\/\/centrocienciacafe.com\/<\/p>\n","protected":false},"excerpt":{"rendered":"Portalegre Museums in Portalegre (in Portuguese): Museu Municipal de Portalegre Museu Jos\u00e9 R\u00e9gio Museu da Tape\u00e7aria de Portalegre Guy Fino http:\/\/www.cm-portalegre.pt\/pt\/atividade-municipal\/cultura\/museus Portalegre tapestry manufacture http:\/\/www.mtportalegre.pt\/en\/ Crato Mosteiro de Santa Maria de Flor da Rosa Anta Grande do Tapad\u00e3o Museu Municipal do Crato Casa Museu Padre Belo (in Portuguese): http:\/\/scmcrato.com\/index1.php?p=10 Alter do Ch\u00e3o Municipal Museum of&#8230; <a class=\"view-article\" href=\"https:\/\/gd4caminhos.com\/naom\/en\/what-to-do\/\"><\/a>","protected":false},"author":2,"featured_media":0,"parent":0,"menu_order":0,"comment_status":"closed","ping_status":"closed","template":"","meta":{"footnotes":""},"class_list":["post-456","page","type-page","status-publish","hentry"],"_links":{"self":[{"href":"https:\/\/gd4caminhos.com\/naom\/en\/wp-json\/wp\/v2\/pages\/456","targetHints":{"allow":["GET"]}}],"collection":[{"href":"https:\/\/gd4caminhos.com\/naom\/en\/wp-json\/wp\/v2\/pages"}],"about":[{"href":"https:\/\/gd4caminhos.com\/naom\/en\/wp-json\/wp\/v2\/types\/page"}],"author":[{"embeddable":true,"href":"https:\/\/gd4caminhos.com\/naom\/en\/wp-json\/wp\/v2\/users\/2"}],"replies":[{"embeddable":true,"href":"https:\/\/gd4caminhos.com\/naom\/en\/wp-json\/wp\/v2\/comments?post=456"}],"version-history":[{"count":0,"href":"https:\/\/gd4caminhos.com\/naom\/en\/wp-json\/wp\/v2\/pages\/456\/revisions"}],"wp:attachment":[{"href":"https:\/\/gd4caminhos.com\/naom\/en\/wp-json\/wp\/v2\/media?parent=456"}],"curies":[{"name":"wp","href":"https:\/\/api.w.org\/{rel}","templated":true}]}}