{"id":10,"date":"2022-09-17T01:40:00","date_gmt":"2022-09-17T00:40:00","guid":{"rendered":"http:\/\/localhost\/naom\/?page_id=10"},"modified":"2023-12-26T12:07:15","modified_gmt":"2023-12-26T12:07:15","slug":"introducao","status":"publish","type":"page","link":"https:\/\/gd4caminhos.com\/naom\/introducao\/","title":{"rendered":"Introdu\u00e7\u00e3o"},"content":{"rendered":"<p>Pelo d\u00e9cimo s\u00e9timo ano, o Grupo Desportivo dos Quatro Caminhos organiza o Norte Alentejano O&#8217; Meeting (NAOM). O evento realiza-se em dois concelhos diferentes, Castelo de Vide e Portalegre.<\/p>\n<p>O Norte Alentejano &#8220;O&#8221; Meeting, \u00e9 um evento de orienta\u00e7\u00e3o pedestre, aberto \u00e0 participa\u00e7\u00e3o de pessoas de qualquer idade, seja em escal\u00f5es de competi\u00e7\u00e3o, escal\u00f5es abertos ou principiantes, individualmente ou em grupo.<\/p>\n<p>O evento est\u00e1 inclu\u00eddo nos seguintes calend\u00e1rios:<\/p>\n<ul>\n<li>Federa\u00e7\u00e3o Internacional de Orienta\u00e7\u00e3o (IOF)<\/li>\n<li>Federa\u00e7\u00e3o Portuguesa de Orienta\u00e7\u00e3o (FPO)<\/li>\n<\/ul>\n<p>As etapas de Sprint de dia 17 e de dist\u00e2ncia M\u00e9dia do dia 18 de fevereiro pontuam para o ranking mundial (IOF WRE).<br \/>\nAs etapas de dist\u00e2ncia M\u00e9dia fazem parte da Ta\u00e7a de Portugal da FPO.<\/p>\n<p><!--Durante a primeira etapa existir\u00e3o dois percursos que fazem parte dos Jogos do Alto Alentejo e haver\u00e1 um percurso de Orienta\u00e7\u00e3o Adaptada.\n\n-->O Norte Alentejano &#8220;O&#8221; Meeting 2024 ser\u00e1 constitu\u00eddo pelas seguintes etapas:<\/p>\n<ul class=\"list-group\">\n<li class=\"list-group-item\">Campos de treino.<\/li>\n<li class=\"list-group-item\">16 de fevereiro &#8211; <strong><em>Prova de Treino <\/em><\/strong>&#8211; Vale D&#8217;Ornas<\/li>\n<li class=\"list-group-item\">17 de fevereiro &#8211; <strong><em>Dist\u00e2ncia M\u00e9dia <\/em><\/strong>\u2013 Herdade de Almojanda (Portalegre) &#8211; <em><strong>Mapa Novo<\/strong><\/em><\/li>\n<li class=\"list-group-item\">17 de fevereiro &#8211; <strong><em>Sprint WRE<\/em>\u00a0<\/strong>\u2013 Portalegre<\/li>\n<li class=\"list-group-item\">18 de fevereiro &#8211; <strong><em>Dist\u00e2ncia M\u00e9dia<\/em><\/strong><strong> WRE <\/strong>\u2013 Amieira (Castelo de Vide) &#8211; <em><strong>Mapa Novo<\/strong><\/em><\/li>\n<\/ul>\n<p>A classifica\u00e7\u00e3o no Norte Alentejano &#8220;O&#8221; Meeting nos v\u00e1rios escal\u00f5es ser\u00e1 encontrada atrav\u00e9s da soma dos pontos das tr\u00eas etapas.<\/p>\n<p>A organiza\u00e7\u00e3o sa\u00fada todos os participantes do NAOM 2024 e deseja que desfrutem desta regi\u00e3o com excelentes condi\u00e7\u00f5es para o turismo Desportivo e da Natureza.<\/p>\n","protected":false},"excerpt":{"rendered":"Pelo d\u00e9cimo s\u00e9timo ano, o Grupo Desportivo dos Quatro Caminhos organiza o Norte Alentejano O&#8217; Meeting (NAOM). O evento realiza-se em dois concelhos diferentes, Castelo de Vide e Portalegre. O Norte Alentejano &#8220;O&#8221; Meeting, \u00e9 um evento de orienta\u00e7\u00e3o pedestre, aberto \u00e0 participa\u00e7\u00e3o de pessoas de qualquer idade, seja em escal\u00f5es de competi\u00e7\u00e3o, escal\u00f5es abertos&#8230; <a class=\"view-article\" href=\"https:\/\/gd4caminhos.com\/naom\/introducao\/\"><\/a>","protected":false},"author":2,"featured_media":0,"parent":0,"menu_order":0,"comment_status":"closed","ping_status":"closed","template":"","meta":{"footnotes":""},"class_list":["post-10","page","type-page","status-publish","hentry"],"_links":{"self":[{"href":"https:\/\/gd4caminhos.com\/naom\/wp-json\/wp\/v2\/pages\/10","targetHints":{"allow":["GET"]}}],"collection":[{"href":"https:\/\/gd4caminhos.com\/naom\/wp-json\/wp\/v2\/pages"}],"about":[{"href":"https:\/\/gd4caminhos.com\/naom\/wp-json\/wp\/v2\/types\/page"}],"author":[{"embeddable":true,"href":"https:\/\/gd4caminhos.com\/naom\/wp-json\/wp\/v2\/users\/2"}],"replies":[{"embeddable":true,"href":"https:\/\/gd4caminhos.com\/naom\/wp-json\/wp\/v2\/comments?post=10"}],"version-history":[{"count":10,"href":"https:\/\/gd4caminhos.com\/naom\/wp-json\/wp\/v2\/pages\/10\/revisions"}],"predecessor-version":[{"id":2487,"href":"https:\/\/gd4caminhos.com\/naom\/wp-json\/wp\/v2\/pages\/10\/revisions\/2487"}],"wp:attachment":[{"href":"https:\/\/gd4caminhos.com\/naom\/wp-json\/wp\/v2\/media?parent=10"}],"curies":[{"name":"wp","href":"https:\/\/api.w.org\/{rel}","templated":true}]}}