{"id":12,"date":"2024-02-15T04:14:03","date_gmt":"2024-02-15T04:14:03","guid":{"rendered":"http:\/\/localhost\/naom\/?page_id=12"},"modified":"2024-02-16T00:20:17","modified_gmt":"2024-02-16T00:20:17","slug":"localizacoes","status":"publish","type":"page","link":"https:\/\/gd4caminhos.com\/naom\/localizacoes\/","title":{"rendered":"Localiza\u00e7\u00f5es"},"content":{"rendered":"<h1>Coordenadas:<\/h1>\n<p>Vista geral da localiza\u00e7\u00e3o das v\u00e1rias etapas e mapas de treino: <a href=\"https:\/\/www.google.com\/maps\/d\/u\/0\/edit?mid=1Wod9s3AwZ67NRO3ocAW29tdkyNMlzTA&amp;usp=sharing\">Localiza\u00e7\u00f5es<\/a><\/p>\n<p>Localiza\u00e7\u00f5es do evento:<br \/>\n<a href=\"https:\/\/www.orioasis.pt\/oasis\/events.php?eventid=2690&amp;action=event_map\" target=\"_blank\" rel=\"noopener\">https:\/\/www.orioasis.pt\/oasis\/events.php?eventid=2690&amp;action=event_map<\/a><\/p>\n<p><strong>Secretariado (sexta-feira) &#8211; Quinta dos Ribeiros (Alpalh\u00e3o)<br \/>\n<\/strong><a href=\"https:\/\/maps.app.goo.gl\/8EEeJZFkbPTFEyeM8\" target=\"_blank\" rel=\"noopener\">39.407600, -7.624300<\/a><\/p>\n<p><strong>Model event &#8211; Vale D&#8217;Ornas (Castelo de Vide)<br \/>\n<\/strong><a href=\"https:\/\/maps.app.goo.gl\/16QT1zYQJBkxbGiQ8\" target=\"_blank\" rel=\"noopener\">39.453477, -7.441058<\/a><\/p>\n<p><strong>Solo duro &#8211; Pavilh\u00e3o da Escola B\u00e1sica Crist\u00f3v\u00e3o Falc\u00e3o<br \/>\n<\/strong><a href=\"https:\/\/maps.app.goo.gl\/obc4MonnhCkTHNEU7\" target=\"_blank\" rel=\"noopener\">39.300200 -7.433000<\/a><\/p>\n<h2><strong>Dia 1<\/strong><\/h2>\n<p><strong>Etapa 1 &#8211; Herdade de Almojanda (Portalegre)<\/strong><br \/>\n<a href=\"https:\/\/maps.app.goo.gl\/N33fEnZNuB2muq2F7\" target=\"_blank\" rel=\"noopener\">39.290321, -7.496556<\/a><\/p>\n<p><strong>Etapa 2 &#8211; Sprint WRE &#8211; Arena &#8211; Portalegre<\/strong><br \/>\n<a href=\"https:\/\/maps.app.goo.gl\/xq9wYwa9ym83ZByM7\" target=\"_blank\" rel=\"noopener\">39.297498, -7.427461<\/a><\/p>\n<p style=\"text-align: left;\"><strong>Etapa 2 &#8211; Sprint WRE &#8211; Localiza\u00e7\u00e3o quarentena<\/strong> (Escal\u00f5es M21E e W21E): <a href=\"https:\/\/maps.app.goo.gl\/CAjQeSxpi6a9kiKX9\">39.295732,-7.426917<\/a><\/p>\n<h2><strong>Dia 2<\/strong><\/h2>\n<p><strong>Etapa 3 &#8211; Cancho (Castelo de Vide)<\/strong><br \/>\n<a href=\"https:\/\/maps.app.goo.gl\/gDWDfqAyxqEqYGjp7\" target=\"_blank\" rel=\"noopener\">39.434436, -7.438975<\/a><\/p>\n<p>O estacionamento da etapa 3 ser\u00e1 feito ao longo da estrada de acesso. O tr\u00e2nsito ser\u00e1 controlado pela GNR e apenas permitido circular no sentido sul-norte.<\/p>\n<p><strong>Transportes P\u00fablicos<\/strong>: Autocarro (<a href=\"https:\/\/www.rede-expressos.pt\/\">Rede Expressos<\/a>)<br \/>\nCoordenadas da Esta\u00e7\u00e3o Sete Rios em Lisboa: <a href=\"https:\/\/maps.app.goo.gl\/pXqcDgYxS6NT5Fdw6\">38.742354, -9.166595\u00a0<\/a><\/p>\n<p><a href=\"https:\/\/www.orioasis.pt\/oasis\/events.php?eventid=2690&amp;action=event_map\" target=\"_blank\" rel=\"noopener\"><img loading=\"lazy\" decoding=\"async\" class=\"alignnone wp-image-515 size-medium\" src=\"https:\/\/gd4caminhos.com\/naom\/wp-content\/uploads\/2018\/11\/Mapa_Localiza\u00e7\u00e3o-250x433.png\" alt=\"\" width=\"250\" height=\"433\" srcset=\"https:\/\/gd4caminhos.com\/naom\/wp-content\/uploads\/2018\/11\/Mapa_Localiza\u00e7\u00e3o-250x433.png 250w, https:\/\/gd4caminhos.com\/naom\/wp-content\/uploads\/2018\/11\/Mapa_Localiza\u00e7\u00e3o-120x208.png 120w, https:\/\/gd4caminhos.com\/naom\/wp-content\/uploads\/2018\/11\/Mapa_Localiza\u00e7\u00e3o.png 646w\" sizes=\"auto, (max-width: 250px) 100vw, 250px\" \/><\/a><\/p>\n","protected":false},"excerpt":{"rendered":"Coordenadas: Vista geral da localiza\u00e7\u00e3o das v\u00e1rias etapas e mapas de treino: Localiza\u00e7\u00f5es Localiza\u00e7\u00f5es do evento: https:\/\/www.orioasis.pt\/oasis\/events.php?eventid=2690&amp;action=event_map Secretariado (sexta-feira) &#8211; Quinta dos Ribeiros (Alpalh\u00e3o) 39.407600, -7.624300 Model event &#8211; Vale D&#8217;Ornas (Castelo de Vide) 39.453477, -7.441058 Solo duro &#8211; Pavilh\u00e3o da Escola B\u00e1sica Crist\u00f3v\u00e3o Falc\u00e3o 39.300200 -7.433000 Dia 1 Etapa 1 &#8211; Herdade de Almojanda&#8230; <a class=\"view-article\" href=\"https:\/\/gd4caminhos.com\/naom\/localizacoes\/\"><\/a>","protected":false},"author":2,"featured_media":0,"parent":0,"menu_order":0,"comment_status":"closed","ping_status":"closed","template":"","meta":{"footnotes":""},"class_list":["post-12","page","type-page","status-publish","hentry"],"_links":{"self":[{"href":"https:\/\/gd4caminhos.com\/naom\/wp-json\/wp\/v2\/pages\/12","targetHints":{"allow":["GET"]}}],"collection":[{"href":"https:\/\/gd4caminhos.com\/naom\/wp-json\/wp\/v2\/pages"}],"about":[{"href":"https:\/\/gd4caminhos.com\/naom\/wp-json\/wp\/v2\/types\/page"}],"author":[{"embeddable":true,"href":"https:\/\/gd4caminhos.com\/naom\/wp-json\/wp\/v2\/users\/2"}],"replies":[{"embeddable":true,"href":"https:\/\/gd4caminhos.com\/naom\/wp-json\/wp\/v2\/comments?post=12"}],"version-history":[{"count":24,"href":"https:\/\/gd4caminhos.com\/naom\/wp-json\/wp\/v2\/pages\/12\/revisions"}],"predecessor-version":[{"id":2706,"href":"https:\/\/gd4caminhos.com\/naom\/wp-json\/wp\/v2\/pages\/12\/revisions\/2706"}],"wp:attachment":[{"href":"https:\/\/gd4caminhos.com\/naom\/wp-json\/wp\/v2\/media?parent=12"}],"curies":[{"name":"wp","href":"https:\/\/api.w.org\/{rel}","templated":true}]}}