{"id":14,"date":"2018-10-01T11:41:01","date_gmt":"2018-10-01T11:41:01","guid":{"rendered":"http:\/\/localhost\/naom\/?page_id=14"},"modified":"2023-12-04T12:25:33","modified_gmt":"2023-12-04T12:25:33","slug":"inscricoes","status":"publish","type":"page","link":"https:\/\/gd4caminhos.com\/naom\/inscricoes\/","title":{"rendered":"Inscri\u00e7\u00f5es"},"content":{"rendered":"<h2>Inscri\u00e7\u00e3o online<\/h2>\n<p><a href=\"https:\/\/www.orioasis.pt\/oasis\/events.php?action=event_view_info&amp;eventid=2690\" target=\"_blank\" rel=\"noopener\"><strong>OriO\u00e1sis<\/strong><\/a><\/p>\n<h2>Taxas de inscri\u00e7\u00e3o para cada etapa:<\/h2>\n<p>Ver taxas detalhadas no <strong><a href=\"https:\/\/www.orioasis.pt\/oasis\/events.php?action=event_view_info&amp;eventid=2690\">OriO\u00e1sis<\/a>.<\/strong><\/p>\n<p>Nos escal\u00f5es abertos n\u00e3o \u00e9 cobrado aluguer de chip e n\u00e3o h\u00e1 agravamento de taxa at\u00e9 ao dia da prova.<\/p>\n<p>Alunos do Desporto Escolar &#8211; 2,00 \u20ac (Isen\u00e7\u00e3o de aluguer de SI e da taxa de seguro, desde que enquadrados pelos docentes, sendo obrigat\u00f3ria apresenta\u00e7\u00e3o de comprovativo do Seguro Escolar, passado pelo Estabelecimento de Ensino).<\/p>\n<p>Participantes pertencentes a Associa\u00e7\u00f5es\/Clubes dos Concelhos de Marv\u00e3o, Castelo de Vide e Portalegre ter\u00e3o inscri\u00e7\u00f5es gratuitas.<\/p>\n<h2>Outras Taxas:<\/h2>\n<p>Model event &#8211; 5,00\u20ac<br \/>\nAltera\u00e7\u00f5es no dia do evento &#8211; 2,00\u20ac<br \/>\nAluguer de chip (federados) &#8211; 1,50\u20ac\/ dia<\/p>\n<h2>Processo de inscri\u00e7\u00e3o<\/h2>\n<p>Os atletas federados ou pertencentes a clubes filiados na FPO devem efetuar as inscri\u00e7\u00f5es online via <a href=\"https:\/\/www.orioasis.pt\/oasis\/guide.php?eventid=2635&amp;action=register_entry\" target=\"_blank\" rel=\"noopener\">OriOasis<\/a>.<\/p>\n<p>Em caso de dificuldades ou d\u00favidas enviar e-mail para: inscrever@gd4caminhos.com<\/p>\n<p><strong>MENSAGEM IMPORTANTE PARA OS ATLETAS ESPANH\u00d3IS \u2013 COM LICEN\u00c7A FEDO<\/strong><\/p>\n<p>Para conseguirem inscrever-se com os pre\u00e7os correctos \u2013 iguais aos atletas Portugueses com Licen\u00e7a FPO \u2013 n\u00e3o podem submeter as vossas inscri\u00e7\u00f5es utilizando o formul\u00e1rio \u201cExpress Entries\u201d.<\/p>\n<p>Para se inscreverem corretamente, primeiro tem que fazer no ORIOASIS utilizando o mesmo username e password que normalmente utilizam no sistema online da FEDO.<br \/>\nPara tal utilizem o seguinte link \u2013 <a href=\"http:\/\/orioasis.pt\/oasis\/login_ask.php?plugin=1\">http:\/\/orioasis.pt\/oasis\/login_ask.php?plugin=1\u00a0<\/a><\/p>\n<p><strong><br \/>\nDados obrigat\u00f3rios para inscri\u00e7\u00e3o (individual ou em grupo):<\/strong><br \/>\nNome(s) do(s) participante(s);<br \/>\nData(s) de nascimento;<br \/>\nNome do Clube;<br \/>\nN\u00ba de filiado na FPO (caso n\u00e3o seja filiado na FPO o n\u00ba de Bilhete de Identidade);<br \/>\nN\u00ba do SI Card, caso tenha um. Na aus\u00eancia deste, ser-lhe-\u00e1 alugado um;<br \/>\nAluguer de SI-Card: atletas federados pagam 1,00 \u20ac por dia;<br \/>\nA perda ou n\u00e3o devolu\u00e7\u00e3o do SI Card alugado implica o pagamento de 50\u20ac<br \/>\nN\u00ba de telem\u00f3vel;<br \/>\nEscal\u00e3o de participa\u00e7\u00e3o;<br \/>\nN\u00ba de dias de participa\u00e7\u00e3o (na eventualidade de participar apenas num dos dias, mencionar qual)<\/p>\n<p>As inscri\u00e7\u00f5es para os escal\u00f5es abertos podem ser efetuadas at\u00e9 ao dia de prova, ficando, no entanto, condicionadas \u00e0 disponibilidade de mapas.<\/p>\n<p>Nota: Os atletas que pretendem participar em grupo, devem efetuar apenas uma \u00fanica inscri\u00e7\u00e3o mencionando os dados obrigat\u00f3rios de todos os participantes que o constituem.<\/p>\n<h2>Pagamento alternativo por transfer\u00eancia banc\u00e1ria:<\/h2>\n<p>IBAN: PT50 0036 0295 9910 0001177 27<br \/>\nTitular: GRUPO DESPORTIVO QUATRO CAMINHOS<br \/>\nBalc\u00e3o: MATOSINHOS-PARQUE<\/p>\n","protected":false},"excerpt":{"rendered":"Inscri\u00e7\u00e3o online OriO\u00e1sis Taxas de inscri\u00e7\u00e3o para cada etapa: Ver taxas detalhadas no OriO\u00e1sis. Nos escal\u00f5es abertos n\u00e3o \u00e9 cobrado aluguer de chip e n\u00e3o h\u00e1 agravamento de taxa at\u00e9 ao dia da prova. Alunos do Desporto Escolar &#8211; 2,00 \u20ac (Isen\u00e7\u00e3o de aluguer de SI e da taxa de seguro, desde que enquadrados pelos&#8230; <a class=\"view-article\" href=\"https:\/\/gd4caminhos.com\/naom\/inscricoes\/\"><\/a>","protected":false},"author":2,"featured_media":0,"parent":0,"menu_order":0,"comment_status":"closed","ping_status":"closed","template":"","meta":{"footnotes":""},"class_list":["post-14","page","type-page","status-publish","hentry"],"_links":{"self":[{"href":"https:\/\/gd4caminhos.com\/naom\/wp-json\/wp\/v2\/pages\/14","targetHints":{"allow":["GET"]}}],"collection":[{"href":"https:\/\/gd4caminhos.com\/naom\/wp-json\/wp\/v2\/pages"}],"about":[{"href":"https:\/\/gd4caminhos.com\/naom\/wp-json\/wp\/v2\/types\/page"}],"author":[{"embeddable":true,"href":"https:\/\/gd4caminhos.com\/naom\/wp-json\/wp\/v2\/users\/2"}],"replies":[{"embeddable":true,"href":"https:\/\/gd4caminhos.com\/naom\/wp-json\/wp\/v2\/comments?post=14"}],"version-history":[{"count":14,"href":"https:\/\/gd4caminhos.com\/naom\/wp-json\/wp\/v2\/pages\/14\/revisions"}],"predecessor-version":[{"id":2457,"href":"https:\/\/gd4caminhos.com\/naom\/wp-json\/wp\/v2\/pages\/14\/revisions\/2457"}],"wp:attachment":[{"href":"https:\/\/gd4caminhos.com\/naom\/wp-json\/wp\/v2\/media?parent=14"}],"curies":[{"name":"wp","href":"https:\/\/api.w.org\/{rel}","templated":true}]}}