{"id":16,"date":"2018-10-01T11:41:14","date_gmt":"2018-10-01T11:41:14","guid":{"rendered":"http:\/\/localhost\/naom\/?page_id=16"},"modified":"2022-09-17T05:06:21","modified_gmt":"2022-09-17T04:06:21","slug":"f-a-q","status":"publish","type":"page","link":"https:\/\/gd4caminhos.com\/naom\/f-a-q\/","title":{"rendered":"F.A.Q"},"content":{"rendered":"<h1>Perguntas Frequentes<\/h1>\n<h2>1. Nunca fiz Orienta\u00e7\u00e3o. Mesmo assim posso participar?<\/h2>\n<p>Claro que sim. Todas as organiza\u00e7\u00f5es t\u00eam quatro percursos abertos (F\u00e1cil Curto, F\u00e1cil Longo, Dif\u00edcil Curto e Dif\u00edcil Longo) para os n\u00e3o federados com ou sem experi\u00eancia. h\u00e1 a possibilidade de ter acompanhamento com monitor no acompanhamento e ensino de grupos. No ato da inscri\u00e7\u00e3o devem mencionar a necessidade de apoio de monitor e o facto de fazerem o percurso em grupo. Os grupos n\u00e3o t\u00eam n\u00ba limite de participantes, contudo no caso desejarem monitor para ensino n\u00e3o dever\u00e1 ultrapassar os seis elementos.<\/p>\n<h2>2. Como devo proceder para fazer as inscri\u00e7\u00f5es?<\/h2>\n<p>De prefer\u00eancia utilizar o portal online www.orioasis.pt. Alternativamente, pode utilizar o e-mail que encontrar\u00e1 no link inscri\u00e7\u00f5es do menu do site da prova: inscrever@gd4caminhos.com Poder\u00e1 ainda utilizar o telem\u00f3vel 936 264 216.<\/p>\n<h2>3. Fa\u00e7o parte de uma associa\u00e7\u00e3o \/ Clube dos Concelhos de&nbsp; Castelo de Vide e Marv\u00e3o, tenho algum pre\u00e7o especial nas inscri\u00e7\u00f5es do Evento?<\/h2>\n<p>Participantes pertencentes a Associa\u00e7\u00f5es\/ Clubes do Concelho de Castelo de Vide e Marv\u00e3o ter\u00e3o inscri\u00e7\u00f5es gratuitas.<\/p>\n<h2>4. O que devo mencionar no ato da inscri\u00e7\u00e3o?<\/h2>\n<p>Deve mencionar o seu nome, data de nascimento, n\u00ba do BI e n\u00ba telem\u00f3vel.<br \/>\nEm caso de participar em grupo indicar os mesmos dados para todos os elementos do grupo.<\/p>\n<h2>5. Como devo proceder para fazer o pagamento das inscri\u00e7\u00f5es?<\/h2>\n<p>Poder\u00e1 efetuar o pagamento no local do evento, mas para simplificar o levantamento dos seus documentos no dia da competi\u00e7\u00e3o poder\u00e1 enviar o valor correspondente por transfer\u00eancia banc\u00e1ria (NIB-003602959910000117727), em cheque ou vale postal para a morada indicada na informa\u00e7\u00e3o geral. As taxas de inscri\u00e7\u00e3o est\u00e3o mencionadas no link <a href=\"https:\/\/gd4caminhos.com\/naom\/inscricoes\/\">inscri\u00e7\u00f5es<\/a> no site do evento.<\/p>\n<h2>6. Os participantes que n\u00e3o s\u00e3o federados podem participar nos escal\u00f5es de competi\u00e7\u00e3o?<\/h2>\n<p>Nesta competi\u00e7\u00e3o n\u00e3o \u00e9 poss\u00edvel.<\/p>\n<h2>7. Posso inscrever-me em apenas uma etapa quando a prova t\u00eam v\u00e1rias etapas?<\/h2>\n<p>Sim.<br \/>\nNormalmente, os eventos de orienta\u00e7\u00e3o s\u00e3o designados por trof\u00e9us. Esses trof\u00e9us podem ter uma ou v\u00e1rias etapas. Em qualquer um dos casos, as inscri\u00e7\u00f5es s\u00e3o relativas a cada etapa. Neste caso a classifica\u00e7\u00e3o final \u00e9 o somat\u00f3rio dos pontos dos tr\u00eas eventos. Poder\u00e3o inscrever-se s\u00f3 num dos eventos.<\/p>\n<h2>8. Que tipo de roupa se deve utilizar para efetuar a prova?<\/h2>\n<p>Apesar dos atletas experientes utilizarem equipamentos espec\u00edficos, para quem vai cumprir um percurso pela primeira vez, poder\u00e1 vestir uma roupa desportiva ou fato de treino e cal\u00e7ar sapatilhas de desporto com um piso com alguma ader\u00eancia. Recomenda-se tamb\u00e9m roupa e cal\u00e7ado para trocar no final caso seja necess\u00e1rio.<\/p>\n<h2>9. Que tipos de utens\u00edlios podem os participantes levar na execu\u00e7\u00e3o da prova?<\/h2>\n<p>Para ajuda dos participantes somente podem ser portadores de uma b\u00fassola.<\/p>\n<h2>10. A organiza\u00e7\u00e3o fornece b\u00fassola para os participantes?<\/h2>\n<p>A b\u00fassola \u00e9 da responsabilidade dos participantes. A organiza\u00e7\u00e3o n\u00e3o fornece b\u00fassolas aos participantes, mas poder\u00e1 adquirir uma de boa qualidade na arena do evento.<\/p>\n<h2>11. Como \u00e9 que \u00e9 efetuado o controlo da prova?<\/h2>\n<p>A prova ser\u00e1 controlada eletronicamente atrav\u00e9s do sistema de controlo Sport Ident. Cada participante ou grupo dever\u00e1 ser portador de um cart\u00e3o eletr\u00f3nico (chip). Pode consultar instru\u00e7\u00f5es de utiliza\u00e7\u00e3o em: http:\/\/www.joaomota.com\/pt\/sportident.html<\/p>\n<h2>12. Como devo levantar o chip?<\/h2>\n<p>O chip ser\u00e1 colocado no envelope respetivo do clube ou participante individual onde existir\u00e1 uma rela\u00e7\u00e3o nominal para atribui\u00e7\u00e3o a cada participante. A participa\u00e7\u00e3o com um chip que n\u00e3o corresponda \u00e0 rela\u00e7\u00e3o fornecida pela organiza\u00e7\u00e3o implica a desclassifica\u00e7\u00e3o.<\/p>\n<h2>13. Se n\u00e3o completar o percurso o que devo fazer?<\/h2>\n<p>Deve passar sempre pela chegada e descarregar o seu chip e entreg\u00e1-lo.<\/p>\n","protected":false},"excerpt":{"rendered":"Perguntas Frequentes 1. Nunca fiz Orienta\u00e7\u00e3o. Mesmo assim posso participar? Claro que sim. Todas as organiza\u00e7\u00f5es t\u00eam quatro percursos abertos (F\u00e1cil Curto, F\u00e1cil Longo, Dif\u00edcil Curto e Dif\u00edcil Longo) para os n\u00e3o federados com ou sem experi\u00eancia. h\u00e1 a possibilidade de ter acompanhamento com monitor no acompanhamento e ensino de grupos. No ato da inscri\u00e7\u00e3o&#8230; <a class=\"view-article\" href=\"https:\/\/gd4caminhos.com\/naom\/f-a-q\/\"><\/a>","protected":false},"author":2,"featured_media":0,"parent":0,"menu_order":0,"comment_status":"closed","ping_status":"closed","template":"","meta":{"footnotes":""},"class_list":["post-16","page","type-page","status-publish","hentry"],"_links":{"self":[{"href":"https:\/\/gd4caminhos.com\/naom\/wp-json\/wp\/v2\/pages\/16","targetHints":{"allow":["GET"]}}],"collection":[{"href":"https:\/\/gd4caminhos.com\/naom\/wp-json\/wp\/v2\/pages"}],"about":[{"href":"https:\/\/gd4caminhos.com\/naom\/wp-json\/wp\/v2\/types\/page"}],"author":[{"embeddable":true,"href":"https:\/\/gd4caminhos.com\/naom\/wp-json\/wp\/v2\/users\/2"}],"replies":[{"embeddable":true,"href":"https:\/\/gd4caminhos.com\/naom\/wp-json\/wp\/v2\/comments?post=16"}],"version-history":[{"count":1,"href":"https:\/\/gd4caminhos.com\/naom\/wp-json\/wp\/v2\/pages\/16\/revisions"}],"predecessor-version":[{"id":2095,"href":"https:\/\/gd4caminhos.com\/naom\/wp-json\/wp\/v2\/pages\/16\/revisions\/2095"}],"wp:attachment":[{"href":"https:\/\/gd4caminhos.com\/naom\/wp-json\/wp\/v2\/media?parent=16"}],"curies":[{"name":"wp","href":"https:\/\/api.w.org\/{rel}","templated":true}]}}