{"id":451,"date":"2018-11-10T09:33:20","date_gmt":"2018-11-10T09:33:20","guid":{"rendered":"https:\/\/gd4caminhos.com\/naom\/2019\/?page_id=451"},"modified":"2020-07-10T00:28:51","modified_gmt":"2020-07-09T23:28:51","slug":"what-to-do","status":"publish","type":"page","link":"https:\/\/gd4caminhos.com\/naom\/what-to-do\/","title":{"rendered":"O que fazer?"},"content":{"rendered":"<h3>MARV\u00c3O<\/h3>\n<p><a href=\"http:\/\/www.cm-marvao.pt\/pt\/visitas-guiadas-e-animacao\/percursos-pedestres\"><strong>Percursos pedestres<\/strong><\/a><\/p>\n<p><a href=\"http:\/\/www.cm-marvao.pt\/pt\/visitas-guiadas-e-animacao\/animacao-turistica\"><strong>Atividades tur\u00edsticas<\/strong><\/a><\/p>\n<p><a href=\"http:\/\/www.ammaia.pt\/\" target=\"_blank\" rel=\"noopener noreferrer\"><strong>Funda\u00e7\u00e3o Cidade de Ammaia<\/strong><\/a><\/p>\n<p><strong><a href=\"http:\/\/www.cm-marvao.pt\/pt\/museus\/casa-da-cultura\">Casa da Cultura<\/a><\/strong><\/p>\n<p><a href=\"http:\/\/www.cm-marvao.pt\/pt\/museus\/castelo\"><strong>Castelo<\/strong><\/a><\/p>\n<p><strong><br \/>\nCASTELO DE VIDE<br \/>\n<\/strong><br \/>\n<a href=\"http:\/\/www.castelodevide.pt\/turismo\/pt\/ver-e-fazer\/patrimonio\/roteiro-judaico\"><strong>Roteiro Judaico<\/strong><\/a><\/p>\n<p><a href=\"http:\/\/www.castelodevide.pt\/pt\/ver-e-fazer\/patrimonio\/museus\"><strong>Museus<\/strong><\/a><\/p>\n<p><a href=\"http:\/\/www.castelodevide.pt\/pt\/ver-e-fazer\/patrimonio\/monumentos\"><strong>Monumentos<\/strong><\/a><\/p>\n<p><strong><br \/>\nPortalegre<\/strong><\/p>\n<p><a href=\"http:\/\/www.cm-portalegre.pt\/pt\/atividade-municipal\/cultura\/museus\" target=\"_blank\" rel=\"noopener noreferrer\">Museus de Portalegre:<\/a><br \/>\nMuseu Municipal de Portalegre<br \/>\nMuseu Jos\u00e9 R\u00e9gio<br \/>\nMuseu da Tape\u00e7aria de Portalegre Guy Fino<br \/>\nhttp:\/\/www.cm-portalegre.pt\/pt\/atividade-municipal\/cultura\/museus<\/p>\n<p><a href=\"http:\/\/www.mtportalegre.pt\/pt\/\" target=\"_blank\" rel=\"noopener noreferrer\">Manufaturas de Tape\u00e7arias de Portalegre<\/a>:<br \/>\nhttp:\/\/www.mtportalegre.pt\/pt\/<\/p>\n<p><strong>Crato<\/strong><br \/>\nMosteiro de Santa Maria de Flor da Rosa<br \/>\nAnta Grande do Tapad\u00e3o<br \/>\nMuseu Municipal do Crato<br \/>\n<a href=\"http:\/\/scmcrato.com\/index1.php?p=10\" target=\"_blank\" rel=\"noopener noreferrer\">Casa Museu Padre Belo<\/a><br \/>\nhttp:\/\/scmcrato.com\/index1.php?p=10<\/p>\n<p><strong>Alter do Ch\u00e3o<\/strong><br \/>\n<a href=\"http:\/\/www.cm-alter-chao.pt\/pt\/turismo\/museus\" target=\"_blank\" rel=\"noopener noreferrer\">Museu Municipal de Alter do Ch\u00e3o:<\/a><br \/>\nhttp:\/\/www.cm-alter-chao.pt\/pt\/turismo\/museus<br \/>\n<a href=\"http:\/\/www.alterreal.pt\/\" target=\"_blank\" rel=\"noopener noreferrer\">Coudelaria de Alter do Ch\u00e3o:<\/a><br \/>\nhttp:\/\/www.alterreal.pt\/<\/p>\n<p><strong>Nisa<\/strong><br \/>\n<a href=\"http:\/\/museubordadoebarro.cm-nisa.pt\/pt\/clayhistory\/\" target=\"_blank\" rel=\"noopener noreferrer\">Museu do Bordado e do Barro de Nisa<\/a><br \/>\nhttp:\/\/museubordadoebarro.cm-nisa.pt\/pt\/clayhistory\/<\/p>\n<p><strong>Campo Maior<\/strong><\/p>\n<p><a href=\"http:\/\/centrocienciacafe.com\/\" target=\"_blank\" rel=\"noopener noreferrer\">Centro de Ci\u00eancia do Caf\u00e9:<\/a><br \/>\nhttp:\/\/centrocienciacafe.com\/<\/p>\n","protected":false},"excerpt":{"rendered":"MARV\u00c3O Percursos pedestres Atividades tur\u00edsticas Funda\u00e7\u00e3o Cidade de Ammaia Casa da Cultura Castelo CASTELO DE VIDE Roteiro Judaico Museus Monumentos Portalegre Museus de Portalegre: Museu Municipal de Portalegre Museu Jos\u00e9 R\u00e9gio Museu da Tape\u00e7aria de Portalegre Guy Fino http:\/\/www.cm-portalegre.pt\/pt\/atividade-municipal\/cultura\/museus Manufaturas de Tape\u00e7arias de Portalegre: http:\/\/www.mtportalegre.pt\/pt\/ Crato Mosteiro de Santa Maria de Flor da Rosa Anta&#8230; <a class=\"view-article\" href=\"https:\/\/gd4caminhos.com\/naom\/what-to-do\/\"><\/a>","protected":false},"author":2,"featured_media":0,"parent":0,"menu_order":0,"comment_status":"closed","ping_status":"closed","template":"","meta":{"footnotes":""},"class_list":["post-451","page","type-page","status-publish","hentry"],"_links":{"self":[{"href":"https:\/\/gd4caminhos.com\/naom\/wp-json\/wp\/v2\/pages\/451","targetHints":{"allow":["GET"]}}],"collection":[{"href":"https:\/\/gd4caminhos.com\/naom\/wp-json\/wp\/v2\/pages"}],"about":[{"href":"https:\/\/gd4caminhos.com\/naom\/wp-json\/wp\/v2\/types\/page"}],"author":[{"embeddable":true,"href":"https:\/\/gd4caminhos.com\/naom\/wp-json\/wp\/v2\/users\/2"}],"replies":[{"embeddable":true,"href":"https:\/\/gd4caminhos.com\/naom\/wp-json\/wp\/v2\/comments?post=451"}],"version-history":[{"count":0,"href":"https:\/\/gd4caminhos.com\/naom\/wp-json\/wp\/v2\/pages\/451\/revisions"}],"wp:attachment":[{"href":"https:\/\/gd4caminhos.com\/naom\/wp-json\/wp\/v2\/media?parent=451"}],"curies":[{"name":"wp","href":"https:\/\/api.w.org\/{rel}","templated":true}]}}