{"id":8,"date":"2022-09-17T01:40:00","date_gmt":"2022-09-17T00:40:00","guid":{"rendered":"http:\/\/localhost\/naom\/?page_id=8"},"modified":"2024-02-15T19:06:29","modified_gmt":"2024-02-15T19:06:29","slug":"programa","status":"publish","type":"page","link":"https:\/\/gd4caminhos.com\/naom\/programa\/","title":{"rendered":"Programa"},"content":{"rendered":"<h1>NAOM 2024<\/h1>\n<h1><strong>09 fevereiro<\/strong><\/h1>\n<p><span style=\"font-weight: 400;\">23h59 \u2013 Data limite para inscri\u00e7\u00f5es com pre\u00e7os vantajosos.<\/span><\/p>\n<h1><strong>12 fevereiro<\/strong><\/h1>\n<p><span style=\"font-weight: 400;\">Data limite para inscri\u00e7\u00f5es em escal\u00f5es de competi\u00e7\u00e3o.<\/span><\/p>\n<h1><strong>15 fevereiro<\/strong><\/h1>\n<p><span style=\"font-weight: 400;\">Divulga\u00e7\u00e3o das horas de partida.<\/span><\/p>\n<h1><strong>16 fevereiro<\/strong><\/h1>\n<p><span style=\"font-weight: 400;\">10h00 &#8211; Abertura do secretariado (Qta. dos Ribeiros &#8211; Alpalh\u00e3o)<br \/>\n<\/span><span style=\"font-weight: 400;\">10h30 &#8211; Model Event<br \/>\n12h30 &#8211; Secretariado encerra para almo\u00e7o<br \/>\n14h00 &#8211; Reabertura de secretariado<br \/>\n<\/span><span style=\"font-weight: 400;\">18h00 &#8211; Encerramento do secretariado<br \/>\n20h00 &#8211; Abertura solo-duro (EB Crist\u00f3v\u00e3o Falc\u00e3o)<\/span><\/p>\n<h1><strong>17 fevereiro<\/strong><\/h1>\n<p><span style=\"font-weight: 400;\">08h30 &#8211; Abertura do secretariado no local do evento<br \/>\n<\/span><span style=\"font-weight: 400;\">10h00 &#8211; Dist\u00e2ncia M\u00e9dia \u2013 Herdade de Almojanda (Portalegre)<br \/>\n<\/span>11h30 &#8211; Hora limite para\u00a0 partidas nos escal\u00f5es abertos<\/p>\n<p>12h30 \u2013 Abertura da Quarentena Pre-O<br \/>\n12h45 \u2013 Fecho da Quarentena Pre-O<br \/>\n13h30 \u2013 1\u00aa partida Pre-O<\/p>\n<p>14h00 &#8211; Sprint WRE &#8211; Abertura da quarentena (Escal\u00f5es M21E e W21E)<\/p>\n<p><span style=\"font-weight: 400;\">14h30 &#8211; Abertura do secretariado em Portalegre<br \/>\n<\/span>14h45 &#8211; <span style=\"font-weight: 400;\">Sprint WRE &#8211; Fecho quarentena (Escal\u00f5es M21E e W21E)<br \/>\n<\/span>15h45 &#8211; <span style=\"font-weight: 400;\">Sprint WRE &#8211; Portalegre<\/span><\/p>\n<p><span style=\"font-weight: 400;\">17h30 &#8211; Entrega de pr\u00e9mios WRE e Pre-O &#8211; Portalegre<\/span><\/p>\n<h1><strong>18 fevereiro<\/strong><\/h1>\n<p><span style=\"font-weight: 400;\">08h30 &#8211; Abertura do secretariado no local da prova<br \/>\n<\/span><span style=\"font-weight: 400;\">10h00 &#8211; Dist\u00e2ncia M\u00e9dia WRE &#8211;\u00a0 Cancho (Castelo de Vide)<br \/>\n<\/span>11h30 &#8211; Hora limite para\u00a0 partidas nos escal\u00f5es abertos<br \/>\n<span style=\"font-weight: 400;\">13h00 &#8211; Cerim\u00f3nia de entrega de pr\u00e9mios NAOM 2024<\/span><span style=\"font-weight: 400;\"> e encerramento<\/span><\/p>\n","protected":false},"excerpt":{"rendered":"NAOM 2024 09 fevereiro 23h59 \u2013 Data limite para inscri\u00e7\u00f5es com pre\u00e7os vantajosos. 12 fevereiro Data limite para inscri\u00e7\u00f5es em escal\u00f5es de competi\u00e7\u00e3o. 15 fevereiro Divulga\u00e7\u00e3o das horas de partida. 16 fevereiro 10h00 &#8211; Abertura do secretariado (Qta. dos Ribeiros &#8211; Alpalh\u00e3o) 10h30 &#8211; Model Event 12h30 &#8211; Secretariado encerra para almo\u00e7o 14h00 &#8211; Reabertura&#8230; <a class=\"view-article\" href=\"https:\/\/gd4caminhos.com\/naom\/programa\/\"><\/a>","protected":false},"author":2,"featured_media":0,"parent":0,"menu_order":0,"comment_status":"closed","ping_status":"closed","template":"","meta":{"footnotes":""},"class_list":["post-8","page","type-page","status-publish","hentry"],"_links":{"self":[{"href":"https:\/\/gd4caminhos.com\/naom\/wp-json\/wp\/v2\/pages\/8","targetHints":{"allow":["GET"]}}],"collection":[{"href":"https:\/\/gd4caminhos.com\/naom\/wp-json\/wp\/v2\/pages"}],"about":[{"href":"https:\/\/gd4caminhos.com\/naom\/wp-json\/wp\/v2\/types\/page"}],"author":[{"embeddable":true,"href":"https:\/\/gd4caminhos.com\/naom\/wp-json\/wp\/v2\/users\/2"}],"replies":[{"embeddable":true,"href":"https:\/\/gd4caminhos.com\/naom\/wp-json\/wp\/v2\/comments?post=8"}],"version-history":[{"count":21,"href":"https:\/\/gd4caminhos.com\/naom\/wp-json\/wp\/v2\/pages\/8\/revisions"}],"predecessor-version":[{"id":2692,"href":"https:\/\/gd4caminhos.com\/naom\/wp-json\/wp\/v2\/pages\/8\/revisions\/2692"}],"wp:attachment":[{"href":"https:\/\/gd4caminhos.com\/naom\/wp-json\/wp\/v2\/media?parent=8"}],"curies":[{"name":"wp","href":"https:\/\/api.w.org\/{rel}","templated":true}]}}