{"id":12,"date":"2019-02-28T15:34:29","date_gmt":"2019-02-28T14:34:29","guid":{"rendered":"https:\/\/gd4caminhos.com\/oriviladoconde\/?page_id=12"},"modified":"2019-02-28T16:59:30","modified_gmt":"2019-02-28T15:59:30","slug":"f-a-q","status":"publish","type":"page","link":"https:\/\/gd4caminhos.com\/oriviladoconde\/f-a-q\/","title":{"rendered":"F.A.Q"},"content":{"rendered":"\n<p><strong>1. Qual \u00e9 o Programa do evento?<\/strong><br> <br>O evento ser\u00e1 constitu\u00eddo por uma etapa, no dia 14 de abril, pontu\u00e1vel para o circuito <a href=\"http:\/\/www.cityrace.pt\">Portugal City Race 2019<\/a>.<br>No dia anterior poder\u00e1 tamb\u00e9m participar em Matosinhos, no <a href=\"https:\/\/gd4caminhos.com\/matosinhoscityrace\">Matosinhos City Race<\/a> organizado tamb\u00e9m pelo Grupo Desportivo dos 4 Caminhos <\/p>\n\n\n\n<p><strong>2. Nunca fiz Orienta\u00e7\u00e3o. Mesmo assim posso participar?<\/strong><br>Claro que sim. Todas as organiza\u00e7\u00f5es t\u00eam que estar preparadas com monitores para fazer o acompanhamento e ensino de grupos. Para participar em grupo tem que escolher um dos percursos abertos. No ato da inscri\u00e7\u00e3o devem mencionar a necessidade de apoio de monitor.<\/p>\n\n\n\n<p><strong>3. Posso participar em Grupo<\/strong><br>Pode participar em grupo (convide familiares e amigos e venha \u00e0 descoberta). Os grupos n\u00e3o t\u00eam n\u00ba limite de participantes, contudo no caso desejarem monitor para ensino n\u00e3o dever\u00e1 ultrapassar os seis elementos. No ato da inscri\u00e7\u00e3o devem mencionar os dados de todos os elementos do grupo.<\/p>\n\n\n\n<p><strong>4. Como devo proceder para fazer as inscri\u00e7\u00f5es?<\/strong><br>De prefer\u00eancia utilizar o portal online Orio\u00e1sis Em alternativa, pode utilizar o e-mail que encontrar\u00e1 no link inscri\u00e7\u00f5es do menu do site da prova: inscrever@gd4caminhos.com<\/p>\n\n\n\n<p>Pode consultar aqui a lista de Inscritos<\/p>\n\n\n\n<p>Poder\u00e1 ainda utilizar o telem\u00f3vel 936 264 216 para informa\u00e7\u00f5es.<\/p>\n\n\n\n<p><strong>5. O que devo mencionar no ato da inscri\u00e7\u00e3o?<\/strong><br>Deve mencionar o seu nome, escal\u00e3o, n\u00ba de telem\u00f3vel, data de nascimento e n\u00ba do BI.<\/p>\n\n\n\n<p>Em caso de participar em grupo indicar os mesmos dados para todos os elementos do grupo. O n\u00ba telem\u00f3vel servir\u00e1 para envio de sms sobre o evento e o n\u00ba BI para o seguro desportivo.<\/p>\n\n\n\n<p><strong>6. Como devo proceder para fazer o pagamento das inscri\u00e7\u00f5es?<\/strong><br>Por transfer\u00eancia banc\u00e1ria (IBAN PT50 0036 0295 9910 0001177 27).<\/p>\n\n\n\n<p>As taxas de inscri\u00e7\u00e3o est\u00e3o mencionadas no link inscri\u00e7\u00f5es no site do evento.<\/p>\n\n\n\n<p><strong>7. Os participantes que n\u00e3o s\u00e3o federados podem participar nos escal\u00f5es de competi\u00e7\u00e3o?&nbsp;<\/strong><br>Em que escal\u00e3o me devo inscrever?<\/p>\n\n\n\n<p>SIM, nos eventos da Ta\u00e7a de Portugal isso n\u00e3o \u00e9 poss\u00edvel. No entanto, em algumas provas locais \u00e9 permitido aos participantes n\u00e3o federados participarem nos escal\u00f5es de competi\u00e7\u00e3o como \u00e9 o caso da Porto City Race. Se nunca experimentou deve come\u00e7ar pelo Open Curto onde pode participar individualmente ou em grupo e at\u00e9 com acompanhamento se o solicitar na partida ou no ato da inscri\u00e7\u00e3o. Se j\u00e1 se sente perfeitamente integrado na modalidade poder\u00e1 se o desejar fazer a inscri\u00e7\u00e3o na categoria correspondente \u00e1 sua idade (consultar a informa\u00e7\u00e3o Geral).<strong>?<\/strong><\/p>\n\n\n\n<p><strong>8. Como funcionam as partidas nos eventos de Orienta\u00e7\u00e3o?<\/strong><br>as partidas s\u00e3o realizadas em sistema de contra-rel\u00f3gio. Antes do evento, estar\u00e3o dispon\u00edveis as listas de partida para cada categoria a qual dever\u00e1 ser respeitada. Assim sendo, n\u00e3o \u00e9 necess\u00e1rio fazer uma fila de espera na partida. No caso de n\u00e3o poder partir no hor\u00e1rio atribu\u00eddo pela organiza\u00e7\u00e3o, poder\u00e1 partir mais tarde. O seu tempo de prova ser\u00e1 accionado ao levantar o mapa e introduzir o chip numa base eletr\u00f3nica na partida. Importante referir que o tempo de chamada estar\u00e1 3 minutos adiantado em rela\u00e7\u00e3o \u00e0 hora real ( Esses 3 minutos servem para a organiza\u00e7\u00e3o verificar o seu n\u00ba de peitoral, n\u00ba de chip e entregar a sinaletica suplementar).<\/p>\n\n\n\n<p><strong>9. Nos eventos de Orienta\u00e7\u00e3o existe corte de tr\u00e2nsito?<\/strong><br>Pode haver eventos urbanos com corte de tr\u00e2nsito, principalmente em provas denominadas de Sprint, realizadas em centros hist\u00f3ricos. Nas provas do circuito City Race, como a Porto City Race, normalmente n\u00e3o existe corte de tr\u00e2nsito, podendo haver situa\u00e7\u00f5es onde a organiza\u00e7\u00e3o solicita \u00e0 Pol\u00edcia Municipal a regulariza\u00e7\u00e3o de tr\u00e2nsito em locais espec\u00edficos. Assim solicita-se a todos os participantes o m\u00e1ximo cuidado no atravessamento de estradas e cruzamentos.<\/p>\n\n\n\n<p><strong>10. Que tipo de roupa se deve utilizar para efetuar a prova?<\/strong><br>Apesar dos atletas experientes utilizarem equipamentos espec\u00edficos, para quem vai cumprir um percurso pela primeira vez, poder\u00e1 vestir uma roupa desportiva ou fato de treino e cal\u00e7ar sapatilhas de desporto com um piso com alguma ader\u00eancia. Recomenda-se tamb\u00e9m roupa e cal\u00e7ado para trocar no final caso seja necess\u00e1rio.<\/p>\n\n\n\n<p><strong>11. Que tipos de utens\u00edlios podem os participantes levar na execu\u00e7\u00e3o da prova?<\/strong><br>Para ajuda dos participantes somente podem ser portadores de uma b\u00fassola.<\/p>\n\n\n\n<p><strong>12. A organiza\u00e7\u00e3o fornece b\u00fassola para os participantes?<\/strong><br>A b\u00fassola \u00e9 da responsabilidade dos participantes. A organiza\u00e7\u00e3o n\u00e3o fornece b\u00fassolas aos participantes, mas poder\u00e1 adquirir uma de boa qualidade na arena do evento.<\/p>\n\n\n\n<p><strong>13. Como \u00e9 que \u00e9 efetuado o controlo da prova?<\/strong><br>A prova ser\u00e1 controlada eletronicamente atrav\u00e9s do sistema de controlo Sport Ident. Cada participante ou grupo dever\u00e1 ser portador de um cart\u00e3o eletr\u00f3nico (chip). \u201cEm caso de mau funcionamento da esta\u00e7\u00e3o SI, dever\u00e3o ser picotadas as reservas existentes no mapa com o alicate dos postos de controlo e mostradas aos ju\u00edzes no final da prova.\u201d<\/p>\n\n\n\n<p><strong>14. Como devo levantar o chip?<\/strong><br>O chip ser\u00e1 colocado no envelope respetivo do clube ou participante individual onde existir\u00e1 uma rela\u00e7\u00e3o nominal para atribui\u00e7\u00e3o a cada participante. A participa\u00e7\u00e3o com um chip que n\u00e3o corresponda \u00e1 rela\u00e7\u00e3o fornecida pela organiza\u00e7\u00e3o implica a desclassifica\u00e7\u00e3o.<\/p>\n\n\n\n<p><strong>15. Se n\u00e3o completar o percurso o que devo fazer?<\/strong><br>Deve passar sempre pela chegada e descarregar o seu chip e entreg\u00e1-lo.<\/p>\n\n\n\n<p><strong>16. Contactos:<\/strong><br>inscrever@gd4caminhos.com<br>936264216<\/p>\n","protected":false},"excerpt":{"rendered":"<p>1. Qual \u00e9 o Programa do evento? O evento ser\u00e1 constitu\u00eddo por uma etapa, no dia 14 de abril, pontu\u00e1vel para o circuito Portugal City Race 2019.No dia anterior poder\u00e1 tamb\u00e9m participar em Matosinhos, no Matosinhos City Race organizado tamb\u00e9m pelo Grupo Desportivo dos 4 Caminhos 2. Nunca fiz Orienta\u00e7\u00e3o. Mesmo assim posso participar?Claro que [&hellip;]<\/p>\n","protected":false},"author":1,"featured_media":0,"parent":0,"menu_order":0,"comment_status":"closed","ping_status":"closed","template":"","meta":{"footnotes":""},"class_list":["post-12","page","type-page","status-publish","hentry"],"_links":{"self":[{"href":"https:\/\/gd4caminhos.com\/oriviladoconde\/wp-json\/wp\/v2\/pages\/12","targetHints":{"allow":["GET"]}}],"collection":[{"href":"https:\/\/gd4caminhos.com\/oriviladoconde\/wp-json\/wp\/v2\/pages"}],"about":[{"href":"https:\/\/gd4caminhos.com\/oriviladoconde\/wp-json\/wp\/v2\/types\/page"}],"author":[{"embeddable":true,"href":"https:\/\/gd4caminhos.com\/oriviladoconde\/wp-json\/wp\/v2\/users\/1"}],"replies":[{"embeddable":true,"href":"https:\/\/gd4caminhos.com\/oriviladoconde\/wp-json\/wp\/v2\/comments?post=12"}],"version-history":[{"count":2,"href":"https:\/\/gd4caminhos.com\/oriviladoconde\/wp-json\/wp\/v2\/pages\/12\/revisions"}],"predecessor-version":[{"id":37,"href":"https:\/\/gd4caminhos.com\/oriviladoconde\/wp-json\/wp\/v2\/pages\/12\/revisions\/37"}],"wp:attachment":[{"href":"https:\/\/gd4caminhos.com\/oriviladoconde\/wp-json\/wp\/v2\/media?parent=12"}],"curies":[{"name":"wp","href":"https:\/\/api.w.org\/{rel}","templated":true}]}}