{"id":15,"date":"2019-02-28T15:35:18","date_gmt":"2019-02-28T14:35:18","guid":{"rendered":"https:\/\/gd4caminhos.com\/oriviladoconde\/?page_id=15"},"modified":"2019-03-29T21:08:48","modified_gmt":"2019-03-29T20:08:48","slug":"localizacao","status":"publish","type":"page","link":"https:\/\/gd4caminhos.com\/oriviladoconde\/localizacao\/","title":{"rendered":"Localiza\u00e7\u00e3o"},"content":{"rendered":"\n<p>ARENA: Alameda dos Descobrimentos (sul).<br>GPS: 41.349533, -8.744931 <\/p>\n\n\n\n<p>WC e BANHOS: <br>No pavilh\u00e3o do Parque de Jogos da Avenida J\u00falio Gra\u00e7a, a cerca de 150 metros da arena. <br>GPS: 41.348534, -8.746240 <\/p>\n\n\n\n<p>ESTACIONAMENTO: Recomenda-se a utiliza\u00e7\u00e3o dos arruamento a oeste da arena.<\/p>\n","protected":false},"excerpt":{"rendered":"<p>ARENA: Alameda dos Descobrimentos (sul).GPS: 41.349533, -8.744931 WC e BANHOS: No pavilh\u00e3o do Parque de Jogos da Avenida J\u00falio Gra\u00e7a, a cerca de 150 metros da arena. GPS: 41.348534, -8.746240 ESTACIONAMENTO: Recomenda-se a utiliza\u00e7\u00e3o dos arruamento a oeste da arena.<\/p>\n","protected":false},"author":1,"featured_media":0,"parent":0,"menu_order":0,"comment_status":"closed","ping_status":"closed","template":"","meta":{"footnotes":""},"class_list":["post-15","page","type-page","status-publish","hentry"],"_links":{"self":[{"href":"https:\/\/gd4caminhos.com\/oriviladoconde\/wp-json\/wp\/v2\/pages\/15","targetHints":{"allow":["GET"]}}],"collection":[{"href":"https:\/\/gd4caminhos.com\/oriviladoconde\/wp-json\/wp\/v2\/pages"}],"about":[{"href":"https:\/\/gd4caminhos.com\/oriviladoconde\/wp-json\/wp\/v2\/types\/page"}],"author":[{"embeddable":true,"href":"https:\/\/gd4caminhos.com\/oriviladoconde\/wp-json\/wp\/v2\/users\/1"}],"replies":[{"embeddable":true,"href":"https:\/\/gd4caminhos.com\/oriviladoconde\/wp-json\/wp\/v2\/comments?post=15"}],"version-history":[{"count":5,"href":"https:\/\/gd4caminhos.com\/oriviladoconde\/wp-json\/wp\/v2\/pages\/15\/revisions"}],"predecessor-version":[{"id":91,"href":"https:\/\/gd4caminhos.com\/oriviladoconde\/wp-json\/wp\/v2\/pages\/15\/revisions\/91"}],"wp:attachment":[{"href":"https:\/\/gd4caminhos.com\/oriviladoconde\/wp-json\/wp\/v2\/media?parent=15"}],"curies":[{"name":"wp","href":"https:\/\/api.w.org\/{rel}","templated":true}]}}