{"id":5,"date":"2019-02-28T15:31:22","date_gmt":"2019-02-28T14:31:22","guid":{"rendered":"https:\/\/gd4caminhos.com\/oriviladoconde\/?page_id=5"},"modified":"2019-02-28T16:06:32","modified_gmt":"2019-02-28T15:06:32","slug":"programa","status":"publish","type":"page","link":"https:\/\/gd4caminhos.com\/oriviladoconde\/programa\/","title":{"rendered":"Programa"},"content":{"rendered":"\n<p><strong>Quinta-feira, 11 abril<\/strong><br>Data limite para inscri\u00e7\u00f5es &#8211; 23:59 H<br>A inscri\u00e7\u00e3o posterior poder\u00e1 ser feita sob reserva e estar\u00e1 limitada pelo n\u00famero de mapas dispon\u00edveis.  <\/p>\n\n\n\n<p><strong>Domingo, 14 abril<\/strong><br>09h00 \u2013 Abertura do secretariado.<br>10h00 \u2013 In\u00edcio das partidas City Race.<br>10h10 &#8211; In\u00edcio das partidas da Orienta\u00e7\u00e3o Adaptada.<br>10:10 \u2013 In\u00edcio dos percursos abertos.<br>10:10 \u2013 In\u00edcio do percurso Tur\u00edstico.<br>12h30 \u2013 Encerramento e entrega de Pr\u00e9mios City Race (hor\u00e1rio provis\u00f3rio). <\/p>\n","protected":false},"excerpt":{"rendered":"<p>Quinta-feira, 11 abrilData limite para inscri\u00e7\u00f5es &#8211; 23:59 HA inscri\u00e7\u00e3o posterior poder\u00e1 ser feita sob reserva e estar\u00e1 limitada pelo n\u00famero de mapas dispon\u00edveis. Domingo, 14 abril09h00 \u2013 Abertura do secretariado.10h00 \u2013 In\u00edcio das partidas City Race.10h10 &#8211; In\u00edcio das partidas da Orienta\u00e7\u00e3o Adaptada.10:10 \u2013 In\u00edcio dos percursos abertos.10:10 \u2013 In\u00edcio do percurso Tur\u00edstico.12h30 \u2013 [&hellip;]<\/p>\n","protected":false},"author":1,"featured_media":0,"parent":0,"menu_order":0,"comment_status":"closed","ping_status":"closed","template":"","meta":{"footnotes":""},"class_list":["post-5","page","type-page","status-publish","hentry"],"_links":{"self":[{"href":"https:\/\/gd4caminhos.com\/oriviladoconde\/wp-json\/wp\/v2\/pages\/5","targetHints":{"allow":["GET"]}}],"collection":[{"href":"https:\/\/gd4caminhos.com\/oriviladoconde\/wp-json\/wp\/v2\/pages"}],"about":[{"href":"https:\/\/gd4caminhos.com\/oriviladoconde\/wp-json\/wp\/v2\/types\/page"}],"author":[{"embeddable":true,"href":"https:\/\/gd4caminhos.com\/oriviladoconde\/wp-json\/wp\/v2\/users\/1"}],"replies":[{"embeddable":true,"href":"https:\/\/gd4caminhos.com\/oriviladoconde\/wp-json\/wp\/v2\/comments?post=5"}],"version-history":[{"count":2,"href":"https:\/\/gd4caminhos.com\/oriviladoconde\/wp-json\/wp\/v2\/pages\/5\/revisions"}],"predecessor-version":[{"id":28,"href":"https:\/\/gd4caminhos.com\/oriviladoconde\/wp-json\/wp\/v2\/pages\/5\/revisions\/28"}],"wp:attachment":[{"href":"https:\/\/gd4caminhos.com\/oriviladoconde\/wp-json\/wp\/v2\/media?parent=5"}],"curies":[{"name":"wp","href":"https:\/\/api.w.org\/{rel}","templated":true}]}}