{"id":7,"date":"2019-02-28T15:31:53","date_gmt":"2019-02-28T14:31:53","guid":{"rendered":"https:\/\/gd4caminhos.com\/oriviladoconde\/?page_id=7"},"modified":"2019-04-01T09:56:51","modified_gmt":"2019-04-01T08:56:51","slug":"introducao","status":"publish","type":"page","link":"https:\/\/gd4caminhos.com\/oriviladoconde\/introducao\/","title":{"rendered":"Introdu\u00e7\u00e3o"},"content":{"rendered":"\n<p><strong>Vila do Conde City Race 2019 est\u00e1 a chegar, agora com o mapa a chegar ao mar.<\/strong> <br><\/p>\n\n\n\n<p>\u00c9 altura de esticar as pernas e mentes e preparar a chegada do Ver\u00e3o. Orienta\u00e7\u00e3o numa cidade hist\u00f3rica vem mesmo a calhar. Competi\u00e7\u00e3o, percurso Curto, M\u00e9dio, Longo ou Tur\u00edstico,&nbsp; a escolha \u00e9 tua.<\/p>\n\n\n\n<p>Esperamos por ti!<\/p>\n\n\n\n<p>Inscri\u00e7\u00f5es aqui no <a href=\"http:\/\/www.orioasis.pt\/oasis\/express.php?action=express&amp;sh=s&amp;eventid=2066\">OASIS<\/a> ou enviando email para:\u00a0inscrever@gd4caminhos.com\u00a0<\/p>\n\n\n\n<p>E porque n\u00e3o aproveitar para ficar a desfrutar de tudo o que Vila do Conde tem para oferecer?&nbsp;<a href=\"http:\/\/www.cm-viladoconde.pt\/\" target=\"_blank\" rel=\"noreferrer noopener\">http:\/\/www.cm-viladoconde.pt\/<\/a><\/p>\n\n\n\n<p>Visita-nos no facebook:&nbsp;\/viladocondecityrace<\/p>\n\n\n\n<figure class=\"wp-block-image\"><img loading=\"lazy\" decoding=\"async\" width=\"729\" height=\"1024\" src=\"https:\/\/gd4caminhos.com\/oriviladoconde\/wp-content\/uploads\/2019\/03\/cartazvccr2019-1-729x1024.jpg\" alt=\"\" class=\"wp-image-64\" srcset=\"https:\/\/gd4caminhos.com\/oriviladoconde\/wp-content\/uploads\/2019\/03\/cartazvccr2019-1-729x1024.jpg 729w, https:\/\/gd4caminhos.com\/oriviladoconde\/wp-content\/uploads\/2019\/03\/cartazvccr2019-1-214x300.jpg 214w, https:\/\/gd4caminhos.com\/oriviladoconde\/wp-content\/uploads\/2019\/03\/cartazvccr2019-1-768x1079.jpg 768w\" sizes=\"auto, (max-width: 729px) 100vw, 729px\" \/><\/figure>\n","protected":false},"excerpt":{"rendered":"<p>Vila do Conde City Race 2019 est\u00e1 a chegar, agora com o mapa a chegar ao mar. \u00c9 altura de esticar as pernas e mentes e preparar a chegada do Ver\u00e3o. Orienta\u00e7\u00e3o numa cidade hist\u00f3rica vem mesmo a calhar. Competi\u00e7\u00e3o, percurso Curto, M\u00e9dio, Longo ou Tur\u00edstico,&nbsp; a escolha \u00e9 tua. Esperamos por ti! Inscri\u00e7\u00f5es aqui [&hellip;]<\/p>\n","protected":false},"author":1,"featured_media":0,"parent":0,"menu_order":0,"comment_status":"closed","ping_status":"closed","template":"","meta":{"footnotes":""},"class_list":["post-7","page","type-page","status-publish","hentry"],"_links":{"self":[{"href":"https:\/\/gd4caminhos.com\/oriviladoconde\/wp-json\/wp\/v2\/pages\/7","targetHints":{"allow":["GET"]}}],"collection":[{"href":"https:\/\/gd4caminhos.com\/oriviladoconde\/wp-json\/wp\/v2\/pages"}],"about":[{"href":"https:\/\/gd4caminhos.com\/oriviladoconde\/wp-json\/wp\/v2\/types\/page"}],"author":[{"embeddable":true,"href":"https:\/\/gd4caminhos.com\/oriviladoconde\/wp-json\/wp\/v2\/users\/1"}],"replies":[{"embeddable":true,"href":"https:\/\/gd4caminhos.com\/oriviladoconde\/wp-json\/wp\/v2\/comments?post=7"}],"version-history":[{"count":10,"href":"https:\/\/gd4caminhos.com\/oriviladoconde\/wp-json\/wp\/v2\/pages\/7\/revisions"}],"predecessor-version":[{"id":99,"href":"https:\/\/gd4caminhos.com\/oriviladoconde\/wp-json\/wp\/v2\/pages\/7\/revisions\/99"}],"wp:attachment":[{"href":"https:\/\/gd4caminhos.com\/oriviladoconde\/wp-json\/wp\/v2\/media?parent=7"}],"curies":[{"name":"wp","href":"https:\/\/api.w.org\/{rel}","templated":true}]}}