{"id":73,"date":"2019-03-22T11:22:19","date_gmt":"2019-03-22T10:22:19","guid":{"rendered":"https:\/\/gd4caminhos.com\/oriviladoconde\/?page_id=73"},"modified":"2019-04-05T19:37:09","modified_gmt":"2019-04-05T18:37:09","slug":"informacao-tecnica","status":"publish","type":"page","link":"https:\/\/gd4caminhos.com\/oriviladoconde\/informacao-tecnica\/","title":{"rendered":"Informa\u00e7\u00e3o T\u00e9cnica"},"content":{"rendered":"\n<figure class=\"wp-block-image\"><img loading=\"lazy\" decoding=\"async\" width=\"1024\" height=\"915\" src=\"https:\/\/gd4caminhos.com\/oriviladoconde\/wp-content\/uploads\/2019\/04\/ficha-tecnica_vccr_2019-1024x915.png\" alt=\"\" class=\"wp-image-100\" srcset=\"https:\/\/gd4caminhos.com\/oriviladoconde\/wp-content\/uploads\/2019\/04\/ficha-tecnica_vccr_2019-1024x915.png 1024w, https:\/\/gd4caminhos.com\/oriviladoconde\/wp-content\/uploads\/2019\/04\/ficha-tecnica_vccr_2019-300x268.png 300w, https:\/\/gd4caminhos.com\/oriviladoconde\/wp-content\/uploads\/2019\/04\/ficha-tecnica_vccr_2019-768x686.png 768w, https:\/\/gd4caminhos.com\/oriviladoconde\/wp-content\/uploads\/2019\/04\/ficha-tecnica_vccr_2019.png 1805w\" sizes=\"auto, (max-width: 1024px) 100vw, 1024px\" \/><figcaption>Informa\u00e7\u00f5es t\u00e9cnicas finais.<\/figcaption><\/figure>\n\n\n\n<p>MAPA: Novo mapa realizado em mar\u00e7o de 2019.<\/p>\n\n\n\n<figure class=\"wp-block-image\"><img loading=\"lazy\" decoding=\"async\" width=\"632\" height=\"916\" src=\"https:\/\/gd4caminhos.com\/oriviladoconde\/wp-content\/uploads\/2019\/03\/Untitled-1.png\" alt=\"\" class=\"wp-image-60\" srcset=\"https:\/\/gd4caminhos.com\/oriviladoconde\/wp-content\/uploads\/2019\/03\/Untitled-1.png 632w, https:\/\/gd4caminhos.com\/oriviladoconde\/wp-content\/uploads\/2019\/03\/Untitled-1-207x300.png 207w\" sizes=\"auto, (max-width: 632px) 100vw, 632px\" \/><figcaption>Mapa existente e \u00e1rea total do novo mapa.<\/figcaption><\/figure>\n","protected":false},"excerpt":{"rendered":"<p>MAPA: Novo mapa realizado em mar\u00e7o de 2019.<\/p>\n","protected":false},"author":1,"featured_media":0,"parent":0,"menu_order":0,"comment_status":"closed","ping_status":"closed","template":"","meta":{"footnotes":""},"class_list":["post-73","page","type-page","status-publish","hentry"],"_links":{"self":[{"href":"https:\/\/gd4caminhos.com\/oriviladoconde\/wp-json\/wp\/v2\/pages\/73","targetHints":{"allow":["GET"]}}],"collection":[{"href":"https:\/\/gd4caminhos.com\/oriviladoconde\/wp-json\/wp\/v2\/pages"}],"about":[{"href":"https:\/\/gd4caminhos.com\/oriviladoconde\/wp-json\/wp\/v2\/types\/page"}],"author":[{"embeddable":true,"href":"https:\/\/gd4caminhos.com\/oriviladoconde\/wp-json\/wp\/v2\/users\/1"}],"replies":[{"embeddable":true,"href":"https:\/\/gd4caminhos.com\/oriviladoconde\/wp-json\/wp\/v2\/comments?post=73"}],"version-history":[{"count":4,"href":"https:\/\/gd4caminhos.com\/oriviladoconde\/wp-json\/wp\/v2\/pages\/73\/revisions"}],"predecessor-version":[{"id":104,"href":"https:\/\/gd4caminhos.com\/oriviladoconde\/wp-json\/wp\/v2\/pages\/73\/revisions\/104"}],"wp:attachment":[{"href":"https:\/\/gd4caminhos.com\/oriviladoconde\/wp-json\/wp\/v2\/media?parent=73"}],"curies":[{"name":"wp","href":"https:\/\/api.w.org\/{rel}","templated":true}]}}