{"id":75,"date":"2019-03-22T11:22:45","date_gmt":"2019-03-22T10:22:45","guid":{"rendered":"https:\/\/gd4caminhos.com\/oriviladoconde\/?page_id=75"},"modified":"2019-04-12T20:04:12","modified_gmt":"2019-04-12T19:04:12","slug":"lista-de-partidas","status":"publish","type":"page","link":"https:\/\/gd4caminhos.com\/oriviladoconde\/lista-de-partidas\/","title":{"rendered":"Lista de partidas"},"content":{"rendered":"\n<p>As partidas ser\u00e3o por esta\u00e7\u00e3o START, conforme hor\u00e1rio previamente atribu\u00eddo.<\/p>\n\n\n\n<p>Quem n\u00e3o estiver presente, aguarda por ordem de chegada at\u00e9 haver vaga no seu escal\u00e3o.<\/p>\n\n\n\n<h4 class=\"wp-block-heading\"><a href=\"https:\/\/gd4caminhos.com\/oriviladoconde\/wp-content\/uploads\/2019\/04\/VCCR2019_startlist_clubs.html\">Partidas por clubes (aqui)<\/a><\/h4>\n\n\n\n<h4 class=\"wp-block-heading\"><a href=\"https:\/\/gd4caminhos.com\/oriviladoconde\/wp-content\/uploads\/2019\/04\/VCCR2019_startlist_classes.html\">Partidas por escal\u00e3o (aqui)<\/a><\/h4>\n\n\n\n<p><\/p>\n","protected":false},"excerpt":{"rendered":"<p>As partidas ser\u00e3o por esta\u00e7\u00e3o START, conforme hor\u00e1rio previamente atribu\u00eddo. Quem n\u00e3o estiver presente, aguarda por ordem de chegada at\u00e9 haver vaga no seu escal\u00e3o. Partidas por clubes (aqui) Partidas por escal\u00e3o (aqui)<\/p>\n","protected":false},"author":1,"featured_media":0,"parent":0,"menu_order":0,"comment_status":"closed","ping_status":"closed","template":"","meta":{"footnotes":""},"class_list":["post-75","page","type-page","status-publish","hentry"],"_links":{"self":[{"href":"https:\/\/gd4caminhos.com\/oriviladoconde\/wp-json\/wp\/v2\/pages\/75","targetHints":{"allow":["GET"]}}],"collection":[{"href":"https:\/\/gd4caminhos.com\/oriviladoconde\/wp-json\/wp\/v2\/pages"}],"about":[{"href":"https:\/\/gd4caminhos.com\/oriviladoconde\/wp-json\/wp\/v2\/types\/page"}],"author":[{"embeddable":true,"href":"https:\/\/gd4caminhos.com\/oriviladoconde\/wp-json\/wp\/v2\/users\/1"}],"replies":[{"embeddable":true,"href":"https:\/\/gd4caminhos.com\/oriviladoconde\/wp-json\/wp\/v2\/comments?post=75"}],"version-history":[{"count":9,"href":"https:\/\/gd4caminhos.com\/oriviladoconde\/wp-json\/wp\/v2\/pages\/75\/revisions"}],"predecessor-version":[{"id":122,"href":"https:\/\/gd4caminhos.com\/oriviladoconde\/wp-json\/wp\/v2\/pages\/75\/revisions\/122"}],"wp:attachment":[{"href":"https:\/\/gd4caminhos.com\/oriviladoconde\/wp-json\/wp\/v2\/media?parent=75"}],"curies":[{"name":"wp","href":"https:\/\/api.w.org\/{rel}","templated":true}]}}