{"id":9,"date":"2019-02-28T15:34:43","date_gmt":"2019-02-28T14:34:43","guid":{"rendered":"https:\/\/gd4caminhos.com\/oriviladoconde\/?page_id=9"},"modified":"2019-02-28T15:41:52","modified_gmt":"2019-02-28T14:41:52","slug":"inscricoes","status":"publish","type":"page","link":"https:\/\/gd4caminhos.com\/oriviladoconde\/inscricoes\/","title":{"rendered":"Inscri\u00e7\u00f5es"},"content":{"rendered":"\n<p><strong>Inscri\u00e7\u00e3o online<\/strong>\u00a0\u2013\u00a0<a href=\"http:\/\/www.orioasis.pt\/oasis\/entries.php?action=club_class&amp;eventid=2066\">Portal O\u00e1sis<\/a><br>Via e-mail \u2013 inscrever@gd4caminhos.com<br>Tel: +351 936 264 216<\/p>\n\n\n\n<p><strong>Dados obrigat\u00f3rios para inscri\u00e7\u00e3o (individual ou em grupo) via e-mail:<\/strong><br>Nome(s) do(s) participante(s);<br>Ano(s) de nascimento;<br>Nome do Clube;<br>N\u00ba de filiado na FPO (caso n\u00e3o seja filiado na FPO, o n\u00ba de Bilhete de Identidade ou de cart\u00e3o de cidad\u00e3o);<br>N\u00ba do SI Card. Na aus\u00eancia deste, ser-lhe-\u00e1 alugado um; A perda ou n\u00e3o devolu\u00e7\u00e3o do SI Card alugado implica o pagamento de 30\u20ac ou 37,50\u20ac, consoante o modelo;<br>N\u00ba de telem\u00f3vel;<br>Escal\u00e3o de participa\u00e7\u00e3o;<br><\/p>\n\n\n\n<p>Nota: Os atletas que pretendem participar em grupo, devem efectuar apenas uma \u00fanica inscri\u00e7\u00e3o mencionando os dados obrigat\u00f3rios de todos os participantes que o constituem.<\/p>\n\n\n\n<p><strong><br>Taxas de Inscri\u00e7\u00e3o:<\/strong><br>Adultos (&gt; 20 anos) \u2013 5,00\u20ac <br>Jovens (&lt; = 20 anos) \u2013 3,00\u20ac <br>Escolas \u2013 1,50\u20ac <\/p>\n\n\n\n<p><strong><br>Pagamento por transfer\u00eancia Banc\u00e1ria:<\/strong><br>Montepio Geral<br>IBAN: PT50 0036 0295 9910 0001 1772 7<br>SWIFT \/ BIC CODE: MPIOPTPL<\/p>\n","protected":false},"excerpt":{"rendered":"<p>Inscri\u00e7\u00e3o online\u00a0\u2013\u00a0Portal O\u00e1sisVia e-mail \u2013 inscrever@gd4caminhos.comTel: +351 936 264 216 Dados obrigat\u00f3rios para inscri\u00e7\u00e3o (individual ou em grupo) via e-mail:Nome(s) do(s) participante(s);Ano(s) de nascimento;Nome do Clube;N\u00ba de filiado na FPO (caso n\u00e3o seja filiado na FPO, o n\u00ba de Bilhete de Identidade ou de cart\u00e3o de cidad\u00e3o);N\u00ba do SI Card. Na aus\u00eancia deste, ser-lhe-\u00e1 alugado [&hellip;]<\/p>\n","protected":false},"author":1,"featured_media":0,"parent":0,"menu_order":0,"comment_status":"closed","ping_status":"closed","template":"","meta":{"footnotes":""},"class_list":["post-9","page","type-page","status-publish","hentry"],"_links":{"self":[{"href":"https:\/\/gd4caminhos.com\/oriviladoconde\/wp-json\/wp\/v2\/pages\/9","targetHints":{"allow":["GET"]}}],"collection":[{"href":"https:\/\/gd4caminhos.com\/oriviladoconde\/wp-json\/wp\/v2\/pages"}],"about":[{"href":"https:\/\/gd4caminhos.com\/oriviladoconde\/wp-json\/wp\/v2\/types\/page"}],"author":[{"embeddable":true,"href":"https:\/\/gd4caminhos.com\/oriviladoconde\/wp-json\/wp\/v2\/users\/1"}],"replies":[{"embeddable":true,"href":"https:\/\/gd4caminhos.com\/oriviladoconde\/wp-json\/wp\/v2\/comments?post=9"}],"version-history":[{"count":2,"href":"https:\/\/gd4caminhos.com\/oriviladoconde\/wp-json\/wp\/v2\/pages\/9\/revisions"}],"predecessor-version":[{"id":17,"href":"https:\/\/gd4caminhos.com\/oriviladoconde\/wp-json\/wp\/v2\/pages\/9\/revisions\/17"}],"wp:attachment":[{"href":"https:\/\/gd4caminhos.com\/oriviladoconde\/wp-json\/wp\/v2\/media?parent=9"}],"curies":[{"name":"wp","href":"https:\/\/api.w.org\/{rel}","templated":true}]}}