{"id":11,"date":"2022-09-11T01:31:31","date_gmt":"2022-09-11T01:31:31","guid":{"rendered":"https:\/\/gd4caminhos.com\/portocityrace\/?page_id=11"},"modified":"2025-06-22T18:58:35","modified_gmt":"2025-06-22T18:58:35","slug":"faq","status":"publish","type":"page","link":"https:\/\/gd4caminhos.com\/portocityrace\/faq\/","title":{"rendered":"FAQ"},"content":{"rendered":"<p><b>1. <\/b><strong>Qual \u00e9 o Programa do evento?<\/strong><br \/>\n<span style=\"font-weight: 400;\">O evento em 2025 vai contar com 3 etapas diferentes. \u00c9 aberto a todos, podendo participar nos escal\u00f5es abertos ou nas categorias de competi\u00e7\u00e3o. Nas categorias de competi\u00e7\u00e3o s\u00f3 podem executar os percursos individualmente enquanto na forma\u00e7\u00e3o e escal\u00f5es abertos pode ser realizado individualmente ou em grupo.<\/span><\/p>\n<p><span style=\"font-weight: 400;\">No dia <strong>27 de setembro<\/strong> de manh\u00e3 realiza-se a prova de Sprint e a prova de Orienta\u00e7\u00e3o Adaptada nos Jardins do Pal\u00e1cio de Cristal.<\/span><\/p>\n<p><span style=\"font-weight: 400;\">No dia <strong>27 de setembro<\/strong> \u00e0 noite a Porto City Race by Night realiza-se em Paranhos numa etapa noturna com o local de concentra\u00e7\u00e3o na Escola Secund\u00e1ria Ant\u00f3nio Nobre<\/span><\/p>\n<p>No dia <strong>28<\/strong><span style=\"font-weight: 400;\"><strong>\u00a0de setembro<\/strong><\/span> de manh\u00e3 realiza-se em Aldoar e Ramalde a prova rainha, tendo como local de concentra\u00e7\u00e3o a Escola B\u00e1sica Manoel de Oliveira. Esta etapa conta para o Circuito Nacional <strong>&#8221; <a href=\"https:\/\/cityrace.pt\">Portugal City Race<\/a>&#8220;.<\/strong><\/p>\n<p>&nbsp;<\/p>\n<p><b>2. Como posso chegar em transportes p\u00fablicos aos eventos?<br \/>\n<\/b>Consultar na informa\u00e7\u00e3o geral a informa\u00e7\u00e3o sobre <a href=\"https:\/\/gd4caminhos.com\/portocityrace\/informacao-geral\/\">transportes p\u00fablicos<\/a><\/p>\n<p>&nbsp;<\/p>\n<p><b>3. Nunca fiz Orienta\u00e7\u00e3o. Mesmo assim posso participar?<\/b><br \/>\n<span style=\"font-weight: 400;\">Claro que sim. Todas as organiza\u00e7\u00f5es t\u00eam que estar preparadas com monitores para fazer o acompanhamento e ensino de grupos. Para participar em grupo tem que escolher um dos percursos abertos. No ato da inscri\u00e7\u00e3o devem mencionar a necessidade de apoio de monitor;<\/span><\/p>\n<p>&nbsp;<\/p>\n<p><b>4. Posso participar em Grupo?<\/b><br \/>\n<span style=\"font-weight: 400;\">Pode participar em grupo (convide familiares e amigos e venha \u00e0 descoberta). Os grupos n\u00e3o t\u00eam n\u00ba limite de participantes, contudo no caso desejarem monitor para ensino n\u00e3o dever\u00e1 ultrapassar os seis elementos. No ato da inscri\u00e7\u00e3o devem mencionar os dados de todos os elementos do grupo (Nome, D.Nasc, C.C. telem\u00f3vel) e especificar qual o percurso que desejam efectuar (Open Curto, Open M\u00e9dio ou Open Longo);<\/span><\/p>\n<p>&nbsp;<\/p>\n<p><b>5. Qual a dist\u00e2ncia dos percursos?<\/b><br \/>\nPode consultar as dist\u00e2ncias na p\u00e1gina da <a href=\"https:\/\/gd4caminhos.com\/portocityrace\/informacao-tecnica\/\">Informa\u00e7\u00e3o t\u00e9cnica<\/a><\/p>\n<p>&nbsp;<\/p>\n<p><b>6. Como devo proceder para fazer as inscri\u00e7\u00f5es?<\/b><br \/>\n<span style=\"font-weight: 400;\">As instru\u00e7\u00f5es sobre como se inscrever est\u00e3o p\u00e1gina <a href=\"https:\/\/gd4caminhos.com\/portocityrace\/inscricoes\/\">Inscri\u00e7\u00f5es<\/a><br \/>\n<\/span><\/p>\n<p>&nbsp;<\/p>\n<p><b>7. O que devo mencionar no ato da inscri\u00e7\u00e3o?<\/b><br \/>\n<span style=\"font-weight: 400;\">Deve mencionar o seu nome, escal\u00e3o, n\u00ba de telem\u00f3vel, data de nascimento e n\u00ba do BI.<br \/>\n<\/span><span style=\"font-weight: 400;\">Em caso de participar em grupo indicar os mesmos dados para todos os elementos do grupo. O n\u00ba telem\u00f3vel servir\u00e1 para envio de sms sobre o evento e o n\u00ba contribuinte para o seguro desportivo;<\/span><\/p>\n<p>&nbsp;<\/p>\n<p><b>8. Como devo proceder para fazer o pagamento das inscri\u00e7\u00f5es?<\/b><br \/>\n<span style=\"font-weight: 400;\">Preferencialmente pode efectuar o pagamento por MBway, Paypal ou Visa\/Mastercard.<br \/>\nEm alternativa por transfer\u00eancia banc\u00e1ria (IBAN PT50 0036 0295 9910 0001177 27).<br \/>\n<\/span><span style=\"font-weight: 400;\">As taxas de inscri\u00e7\u00e3o est\u00e3o mencionadas no link inscri\u00e7\u00f5es no site do evento;<\/span><\/p>\n<p>&nbsp;<\/p>\n<p><b>9. Os participantes que n\u00e3o s\u00e3o federados podem participar nos escal\u00f5es de competi\u00e7\u00e3o? <\/b><br \/>\n<strong>Em que escal\u00e3o me devo inscrever?<\/strong><\/p>\n<p><span style=\"font-weight: 400;\"><strong>SIM<\/strong>, \u00e9 permitido aos participantes n\u00e3o federados participarem nos escal\u00f5es de competi\u00e7\u00e3o como \u00e9 o caso da Porto City Race. No entanto, se nunca experimentou deve come\u00e7ar pelo Open Curto onde pode participar individualmente ou em grupo e at\u00e9 com acompanhamento se o solicitar na partida ou no ato da inscri\u00e7\u00e3o. Se j\u00e1 se sente perfeitamente integrado na modalidade poder\u00e1 se o desejar fazer a inscri\u00e7\u00e3o na categoria correspondente \u00e1 sua idade (consultar a informa\u00e7\u00e3o Geral);<\/span><\/p>\n<p>&nbsp;<\/p>\n<p><b>10. Posso inscrever-me em apenas uma das etapas?<br \/>\n<\/b><span style=\"font-weight: 400;\">Sim. Normalmente, os eventos de orienta\u00e7\u00e3o s\u00e3o designados por trof\u00e9us. Esses trof\u00e9us podem ter uma ou v\u00e1rias etapas. Em qualquer um dos casos, as inscri\u00e7\u00f5es s\u00e3o relativas a cada dia.\u00a0 Poder\u00e3o inscrever-se s\u00f3 num dos eventos;<\/span><\/p>\n<p>&nbsp;<\/p>\n<p><b>11. Como funcionam as partidas nos eventos de Orienta\u00e7\u00e3o?<\/b><br \/>\n<span style=\"font-weight: 400;\">As partidas s\u00e3o realizadas em sistema de contra-rel\u00f3gio. Antes do evento, estar\u00e3o dispon\u00edveis as listas de partida para cada categoria a qual dever\u00e1 ser respeitada. Assim sendo, n\u00e3o \u00e9 necess\u00e1rio fazer uma fila de espera na partida. No caso de n\u00e3o poder partir no hor\u00e1rio atribu\u00eddo pela organiza\u00e7\u00e3o, poder\u00e1 partir mais tarde. O seu tempo de prova ser\u00e1 accionado ao levantar o mapa e introduzir o chip numa base electr\u00f3nica na partida. Importante referir que o tempo de chamada estar\u00e1 3 minutos adiantado em rela\u00e7\u00e3o \u00e0 hora real (esses 3 minutos servem para a organiza\u00e7\u00e3o verificar o seu n\u00ba de peitoral, n\u00ba de chip e entregar a sinal\u00e9tica suplementar);<\/span><\/p>\n<p>&nbsp;<\/p>\n<p><b>12. Nos eventos de Orienta\u00e7\u00e3o existe corte de tr\u00e2nsito?<\/b><br \/>\n<span style=\"font-weight: 400;\">Pode haver eventos urbanos com corte de tr\u00e2nsito, principalmente em provas denominadas de Sprint, realizadas em centros hist\u00f3ricos. Nas provas do circuito City Race, como a Porto City Race, normalmente n\u00e3o existe corte de tr\u00e2nsito, podendo haver situa\u00e7\u00f5es onde a organiza\u00e7\u00e3o solicita \u00e0 Pol\u00edcia Municipal a regulariza\u00e7\u00e3o de tr\u00e2nsito em locais espec\u00edficos. Assim solicita-se a todos os participantes o m\u00e1ximo cuidado no atravessamento de estradas e cruzamentos;<\/span><\/p>\n<p>&nbsp;<\/p>\n<p><b>14. Que tipo de roupa se deve utilizar para efetuar a prova?<\/b><br \/>\n<span style=\"font-weight: 400;\">Apesar dos atletas experientes utilizarem equipamentos espec\u00edficos, para quem vai cumprir um percurso pela primeira vez, poder\u00e1 vestir uma roupa desportiva ou fato de treino e cal\u00e7ar sapatilhas de desporto com um piso com alguma ader\u00eancia. Recomenda-se tamb\u00e9m roupa e cal\u00e7ado para trocar no final caso seja necess\u00e1rio;<\/span><\/p>\n<p>&nbsp;<\/p>\n<p><b>15. Que tipos de utens\u00edlios podem os participantes levar na execu\u00e7\u00e3o da prova?<\/b><br \/>\nPara aux\u00edlio os participantes podem ser portadores de uma b\u00fassola e lanterna caso a prova decorra \u00e0 noite;<\/p>\n<p>&nbsp;<\/p>\n<p><b>16. A organiza\u00e7\u00e3o fornece b\u00fassola para os participantes?<\/b><br \/>\nA b\u00fassola \u00e9 da responsabilidade dos participantes. A organiza\u00e7\u00e3o n\u00e3o fornece b\u00fassolas aos participantes, mas poder\u00e1 adquirir uma de boa qualidade na arena do evento;<\/p>\n<p>&nbsp;<\/p>\n<p><b>17. Como \u00e9 que \u00e9 efetuado o controlo da prova?<\/b><br \/>\nA prova ser\u00e1 controlada eletronicamente atrav\u00e9s do sistema de controlo Sport Ident. Cada participante ou grupo dever\u00e1 ser portador de um cart\u00e3o eletr\u00f3nico (SI-card). &#8220;Em caso de mau funcionamento da esta\u00e7\u00e3o electr\u00f3nica, dever\u00e3o ser picotadas as reservas existentes no mapa com o alicate dos postos de controlo e mostradas aos ju\u00edzes no final da prova.&#8221;<\/p>\n<p>&nbsp;<\/p>\n<p><b>18. Como devo levantar o chip?<\/b><br \/>\nO chip ser\u00e1 colocado no envelope respetivo do clube ou participante individual onde existir\u00e1 uma rela\u00e7\u00e3o nominal para atribui\u00e7\u00e3o a cada participante. A participa\u00e7\u00e3o com um chip que n\u00e3o corresponda \u00e1 rela\u00e7\u00e3o fornecida pela organiza\u00e7\u00e3o implica a desclassifica\u00e7\u00e3o;<\/p>\n<p>&nbsp;<\/p>\n<p><b>19. Se n\u00e3o completar o percurso o que devo fazer?<\/b><br \/>\nDeve passar sempre pela chegada e descarregar o seu chip e entreg\u00e1-lo;<\/p>\n<p>&nbsp;<\/p>\n<p><b>20. Contactos:<\/b><br \/>\ninscrever@gd4caminhos.com<\/p>\n","protected":false},"excerpt":{"rendered":"1. Qual \u00e9 o Programa do evento? O evento em 2025 vai contar com 3 etapas diferentes. \u00c9 aberto a todos, podendo participar nos escal\u00f5es abertos ou nas categorias de competi\u00e7\u00e3o. Nas categorias de competi\u00e7\u00e3o s\u00f3 podem executar os percursos individualmente enquanto na forma\u00e7\u00e3o e escal\u00f5es abertos pode ser realizado individualmente ou em grupo. No&#8230; <a class=\"view-article\" href=\"https:\/\/gd4caminhos.com\/portocityrace\/faq\/\"><\/a>","protected":false},"author":1,"featured_media":0,"parent":0,"menu_order":0,"comment_status":"closed","ping_status":"closed","template":"","meta":{"footnotes":""},"class_list":["post-11","page","type-page","status-publish","hentry"],"_links":{"self":[{"href":"https:\/\/gd4caminhos.com\/portocityrace\/wp-json\/wp\/v2\/pages\/11","targetHints":{"allow":["GET"]}}],"collection":[{"href":"https:\/\/gd4caminhos.com\/portocityrace\/wp-json\/wp\/v2\/pages"}],"about":[{"href":"https:\/\/gd4caminhos.com\/portocityrace\/wp-json\/wp\/v2\/types\/page"}],"author":[{"embeddable":true,"href":"https:\/\/gd4caminhos.com\/portocityrace\/wp-json\/wp\/v2\/users\/1"}],"replies":[{"embeddable":true,"href":"https:\/\/gd4caminhos.com\/portocityrace\/wp-json\/wp\/v2\/comments?post=11"}],"version-history":[{"count":9,"href":"https:\/\/gd4caminhos.com\/portocityrace\/wp-json\/wp\/v2\/pages\/11\/revisions"}],"predecessor-version":[{"id":1003,"href":"https:\/\/gd4caminhos.com\/portocityrace\/wp-json\/wp\/v2\/pages\/11\/revisions\/1003"}],"wp:attachment":[{"href":"https:\/\/gd4caminhos.com\/portocityrace\/wp-json\/wp\/v2\/media?parent=11"}],"curies":[{"name":"wp","href":"https:\/\/api.w.org\/{rel}","templated":true}]}}