{"id":139,"date":"2024-09-10T01:52:59","date_gmt":"2024-09-10T01:52:59","guid":{"rendered":"https:\/\/gd4caminhos.com\/portocityrace\/?page_id=139"},"modified":"2025-09-24T13:18:27","modified_gmt":"2025-09-24T13:18:27","slug":"informacao-tecnica","status":"publish","type":"page","link":"https:\/\/gd4caminhos.com\/portocityrace\/informacao-tecnica\/","title":{"rendered":"Informa\u00e7\u00e3o t\u00e9cnica"},"content":{"rendered":"\r\n<h1 style=\"text-align: left;\"><strong>27 de setembro &#8211; Sprint, Jardins do Pal\u00e1cio de Cristal<\/strong><\/h1>\r\n<p style=\"text-align: left;\"><strong>Mapa &#8211; <\/strong>Escala 1\/3.000, equidist\u00e2ncia, 2m<strong><br \/>Arena &#8211; <\/strong>Jardins do Pal\u00e1cio de Cristal<strong><br \/>Terreno &#8211; <\/strong>Misto de floresta e jardim urbano.<br \/><strong>Cartografo<\/strong>: Jos\u00e9 Maia<br \/><strong>Tra\u00e7ador de percurso:<\/strong>\u00a0Ivan Mostepanov<\/p>\r\n<p><strong>Percursos com dist\u00e2ncias t\u00edpicas de sprint<\/strong><\/p>\r\n<p>* Dist\u00e2ncia em metros medida pela op\u00e7\u00e3o mais curta.<\/p>\r\n<p>&nbsp;<\/p>\r\n<table style=\"height: 563px;\" width=\"768\">\r\n<tbody>\r\n<tr>\r\n<td>\r\n<p style=\"text-align: center;\"><span style=\"font-weight: 400;\">Escal\u00f5es<\/span><\/p>\r\n<\/td>\r\n<td style=\"text-align: center;\">\r\n<p><span style=\"font-weight: 400;\">Dist\u00e2ncia (m)<\/span><\/p>\r\n<\/td>\r\n<td style=\"text-align: center;\">\r\n<p><span style=\"font-weight: 400;\">Controlos<\/span><\/p>\r\n<\/td>\r\n<td style=\"text-align: center;\">\r\n<p><span style=\"font-weight: 400;\">Desn\u00edvel (m)<\/span><\/p>\r\n<\/td>\r\n<td style=\"text-align: center;\">\r\n<p>Mapa frente e verso<\/p>\r\n<\/td>\r\n<\/tr>\r\n<tr>\r\n<td>\r\n<p style=\"text-align: left;\">HE<\/p>\r\n<\/td>\r\n<td style=\"text-align: center;\">3020<\/td>\r\n<td style=\"text-align: center;\">25<\/td>\r\n<td style=\"text-align: center;\">130 m<\/td>\r\n<td style=\"text-align: center;\">\u00a0Sim<\/td>\r\n<\/tr>\r\n<tr>\r\n<td>\r\n<p style=\"text-align: left;\">H20, H21A, H35<\/p>\r\n<\/td>\r\n<td style=\"text-align: center;\">2830<\/td>\r\n<td style=\"text-align: center;\">23<\/td>\r\n<td style=\"text-align: center;\">110 m<\/td>\r\n<td style=\"text-align: center;\">Sim<\/td>\r\n<\/tr>\r\n<tr>\r\n<td>\r\n<p style=\"text-align: left;\">H18, H40, H45, Vermelho<\/p>\r\n<\/td>\r\n<td style=\"text-align: center;\">2680<\/td>\r\n<td style=\"text-align: center;\">24<\/td>\r\n<td style=\"text-align: center;\">105 m<\/td>\r\n<td style=\"text-align: center;\">Sim<\/td>\r\n<\/tr>\r\n<tr>\r\n<td>\r\n<p style=\"text-align: left;\">H16, H21B<\/p>\r\n<\/td>\r\n<td style=\"text-align: center;\">2520<\/td>\r\n<td style=\"text-align: center;\">23<\/td>\r\n<td style=\"text-align: center;\">100 m<\/td>\r\n<td style=\"text-align: center;\">Sim<\/td>\r\n<\/tr>\r\n<tr>\r\n<td>\r\n<p style=\"text-align: left;\">DE<\/p>\r\n<\/td>\r\n<td style=\"text-align: center;\">2570<\/td>\r\n<td style=\"text-align: center;\">22<\/td>\r\n<td style=\"text-align: center;\">100 m<\/td>\r\n<td style=\"text-align: center;\">Sim<\/td>\r\n<\/tr>\r\n<tr>\r\n<td>\r\n<p style=\"text-align: left;\">D20, D21A, D35<\/p>\r\n<\/td>\r\n<td style=\"text-align: center;\">2390<\/td>\r\n<td style=\"text-align: center;\">20<\/td>\r\n<td style=\"text-align: center;\">95 m<\/td>\r\n<td style=\"text-align: center;\">Sim<\/td>\r\n<\/tr>\r\n<tr>\r\n<td style=\"text-align: center;\">\r\n<p style=\"text-align: left;\">D18, D40, D45, Amarelo<\/p>\r\n<\/td>\r\n<td style=\"text-align: center;\">\r\n<p>2170<\/p>\r\n<\/td>\r\n<td style=\"text-align: center;\">22<\/td>\r\n<td style=\"text-align: center;\">75 m<\/td>\r\n<td style=\"text-align: center;\">N\u00e3o<\/td>\r\n<\/tr>\r\n<tr>\r\n<td style=\"text-align: center;\">\r\n<p style=\"text-align: left;\">D16, D21B<\/p>\r\n<\/td>\r\n<td style=\"text-align: center;\">2050<\/td>\r\n<td style=\"text-align: center;\">21<\/td>\r\n<td style=\"text-align: center;\">65 m<\/td>\r\n<td style=\"text-align: center;\">N\u00e3o<\/td>\r\n<\/tr>\r\n<tr>\r\n<td>\r\n<p style=\"text-align: left;\">H14, H50, H55<\/p>\r\n<\/td>\r\n<td style=\"text-align: center;\">1950<\/td>\r\n<td style=\"text-align: center;\">23<\/td>\r\n<td style=\"text-align: center;\">65 m<\/td>\r\n<td style=\"text-align: center;\">N\u00e3o<\/td>\r\n<\/tr>\r\n<tr>\r\n<td>\r\n<p style=\"text-align: left;\">D14, D50, D55, H60, H65, Verde<\/p>\r\n<\/td>\r\n<td style=\"text-align: center;\">1950<\/td>\r\n<td style=\"text-align: center;\">20<\/td>\r\n<td style=\"text-align: center;\">65 m<\/td>\r\n<td style=\"text-align: center;\">N\u00e3o<\/td>\r\n<\/tr>\r\n<tr>\r\n<td style=\"text-align: center;\">\r\n<p style=\"text-align: left;\">D60, D65, H70, H75<\/p>\r\n<\/td>\r\n<td style=\"text-align: center;\">1830<\/td>\r\n<td style=\"text-align: center;\">19<\/td>\r\n<td style=\"text-align: center;\">40 m<\/td>\r\n<td style=\"text-align: center;\">N\u00e3o<\/td>\r\n<\/tr>\r\n<tr>\r\n<td style=\"text-align: center;\">\r\n<p style=\"text-align: left;\">H12, D12<\/p>\r\n<\/td>\r\n<td style=\"text-align: center;\">1260<\/td>\r\n<td style=\"text-align: center;\">19<\/td>\r\n<td style=\"text-align: center;\">20 m<\/td>\r\n<td style=\"text-align: center;\">N\u00e3o<\/td>\r\n<\/tr>\r\n<tr>\r\n<td>\r\n<p style=\"text-align: left;\">T10, Branco<\/p>\r\n<\/td>\r\n<td style=\"text-align: center;\">1030<\/td>\r\n<td style=\"text-align: center;\">16<\/td>\r\n<td style=\"text-align: center;\">0 m<\/td>\r\n<td style=\"text-align: center;\">N\u00e3o<\/td>\r\n<\/tr>\r\n<tr>\r\n<td>\u00a0<\/td>\r\n<\/tr>\r\n<\/tbody>\r\n<\/table>\r\n<p style=\"text-align: center;\">\u00a0<\/p>\r\n<h1><strong>27 de Setembro &#8211; Porto by Night (Paranhos)<\/strong><\/h1>\r\n<p><strong>Partida em massa \u00e0s 1930 (competi\u00e7\u00e3o) e 19h40 (Opens)<\/strong><\/p>\r\n<p><strong>Mapa &#8211; <\/strong>Escala 1\/4.000, equidist\u00e2ncia, 2m<strong><br \/>Arena &#8211; <\/strong>ES Ant\u00f3nio Nobre<br \/><strong>Terreno<\/strong> &#8211; Urbano\u00a0<br \/><strong>Cartografo<\/strong>: Jos\u00e9 Maia<br \/><strong>Tra\u00e7ador de percurso: <\/strong>Ivan Mostepanov<\/p>\r\n<p><strong>Percursos com dist\u00e2ncias:<\/strong><\/p>\r\n<p>* Dist\u00e2ncia em metros medida pela op\u00e7\u00e3o mais curta.<\/p>\r\n<table style=\"height: 683px;\" width=\"753\">\r\n<tbody>\r\n<tr>\r\n<td>\r\n<p><span style=\"font-weight: 400;\">Escal\u00f5es<\/span><\/p>\r\n<\/td>\r\n<td>\r\n<p style=\"text-align: center;\"><span style=\"font-weight: 400;\">Dist\u00e2ncia (m)<\/span><\/p>\r\n<\/td>\r\n<td style=\"text-align: center;\">\r\n<p><span style=\"font-weight: 400;\">Controlos<\/span><\/p>\r\n<\/td>\r\n<td style=\"text-align: center;\">\r\n<p><span style=\"font-weight: 400;\">Desn\u00edvel (m)<\/span><\/p>\r\n<\/td>\r\n<td style=\"text-align: center;\">\r\n<p><span style=\"font-weight: 400;\">Loops<\/span><\/p>\r\n<\/td>\r\n<\/tr>\r\n<tr>\r\n<td>\r\n<p><span style=\"font-weight: 400;\">SEN-M<\/span><\/p>\r\n<\/td>\r\n<td style=\"text-align: center;\">7620<\/td>\r\n<td style=\"text-align: center;\">38<\/td>\r\n<td style=\"text-align: center;\">68<\/td>\r\n<td style=\"text-align: center;\">Sim<\/td>\r\n<\/tr>\r\n<tr>\r\n<td style=\"text-align: center;\">\r\n<p style=\"text-align: left;\"><span style=\"font-weight: 400;\">SEN-F<\/span><\/p>\r\n<\/td>\r\n<td style=\"text-align: center;\">6170<\/td>\r\n<td style=\"text-align: center;\">31<\/td>\r\n<td style=\"text-align: center;\">60<\/td>\r\n<td style=\"text-align: center;\">Sim<\/td>\r\n<\/tr>\r\n<tr>\r\n<td>\r\n<p><span style=\"font-weight: 400;\">JUN-M, VET-M1<\/span><\/p>\r\n<\/td>\r\n<td style=\"text-align: center;\">6620<\/td>\r\n<td style=\"text-align: center;\">36<\/td>\r\n<td style=\"text-align: center;\">64<\/td>\r\n<td style=\"text-align: center;\">Sim<\/td>\r\n<\/tr>\r\n<tr>\r\n<td>\r\n<p><span style=\"font-weight: 400;\">JUN-F, VET-F1<\/span><\/p>\r\n<\/td>\r\n<td>\r\n<p style=\"text-align: center;\">5470<\/p>\r\n<\/td>\r\n<td style=\"text-align: center;\">29<\/td>\r\n<td style=\"text-align: center;\">60<\/td>\r\n<td style=\"text-align: center;\">Sim<\/td>\r\n<\/tr>\r\n<tr>\r\n<td>\r\n<p><span style=\"font-weight: 400;\">Open Longo, VET-M2<\/span><\/p>\r\n<\/td>\r\n<td style=\"text-align: center;\">5740<\/td>\r\n<td style=\"text-align: center;\">30<\/td>\r\n<td style=\"text-align: center;\">52<\/td>\r\n<td style=\"text-align: center;\">Sim<\/td>\r\n<\/tr>\r\n<tr>\r\n<td>\r\n<p><span style=\"font-weight: 400;\">JUV-M<\/span><\/p>\r\n<\/td>\r\n<td style=\"text-align: center;\">5050<\/td>\r\n<td style=\"text-align: center;\">26<\/td>\r\n<td style=\"text-align: center;\">48<\/td>\r\n<td style=\"text-align: center;\">Sim<\/td>\r\n<\/tr>\r\n<tr>\r\n<td>\r\n<p><span style=\"font-weight: 400;\">JUV-F, Open M\u00e9dio<\/span><\/p>\r\n<\/td>\r\n<td style=\"text-align: center;\">4190<\/td>\r\n<td style=\"text-align: center;\">19<\/td>\r\n<td style=\"text-align: center;\">40<\/td>\r\n<td style=\"text-align: center;\">Sim<\/td>\r\n<\/tr>\r\n<tr>\r\n<td>\r\n<p><span style=\"font-weight: 400;\">VET-F2, VET-M3<\/span><\/p>\r\n<\/td>\r\n<td style=\"text-align: center;\">4250<\/td>\r\n<td style=\"text-align: center;\">20<\/td>\r\n<td style=\"text-align: center;\">48<\/td>\r\n<td style=\"text-align: center;\">Sim<\/td>\r\n<\/tr>\r\n<tr>\r\n<td>\r\n<p><span style=\"font-weight: 400;\">VET-F3<\/span><\/p>\r\n<\/td>\r\n<td style=\"text-align: center;\">3280<\/td>\r\n<td style=\"text-align: center;\">17<\/td>\r\n<td style=\"text-align: center;\">32<\/td>\r\n<td>\r\n<p style=\"text-align: center;\">Sim<\/p>\r\n<\/td>\r\n<\/tr>\r\n<tr>\r\n<td>\r\n<p><span style=\"font-weight: 400;\">VET-M4, VET-F4<\/span><\/p>\r\n<\/td>\r\n<td style=\"text-align: center;\">2650<\/td>\r\n<td style=\"text-align: center;\">14<\/td>\r\n<td style=\"text-align: center;\">32<\/td>\r\n<td style=\"text-align: center;\">Sim<\/td>\r\n<\/tr>\r\n<tr>\r\n<td>\r\n<p><span style=\"font-weight: 400;\">Open Curto<\/span><\/p>\r\n<\/td>\r\n<td style=\"text-align: center;\">2410<\/td>\r\n<td style=\"text-align: center;\">14<\/td>\r\n<td style=\"text-align: center;\">32<\/td>\r\n<td style=\"text-align: center;\">N\u00e3o<\/td>\r\n<\/tr>\r\n<tr>\r\n<td>\r\n<p><span style=\"font-weight: 400;\">Forma\u00e7\u00e3o<\/span><\/p>\r\n<\/td>\r\n<td style=\"text-align: center;\">1530<\/td>\r\n<td style=\"text-align: center;\">12<\/td>\r\n<td style=\"text-align: center;\">24<\/td>\r\n<td style=\"text-align: center;\">N\u00e3o<\/td>\r\n<\/tr>\r\n<tr>\r\n<td>\u00a0<\/td>\r\n<td>\u00a0<\/td>\r\n<td>\u00a0<\/td>\r\n<td>\u00a0<\/td>\r\n<td>\u00a0<\/td>\r\n<\/tr>\r\n<tr>\r\n<td>\u00a0<\/td>\r\n<td>\u00a0<\/td>\r\n<td>\u00a0<\/td>\r\n<td>\u00a0<\/td>\r\n<td>\u00a0<\/td>\r\n<\/tr>\r\n<\/tbody>\r\n<\/table>\r\n<h1>\u00a0<\/h1>\r\n<h1><strong>28 de setembro &#8211; Porto City Race\u00a0<\/strong><\/h1>\r\n<p><strong>Mapa &#8211; <\/strong>Escala 1\/4.000, equidist\u00e2ncia, 2m<strong><br \/>Arena &#8211; <\/strong>Escola B\u00e1sica Manoel de Oliveira<br \/><strong>Terreno<\/strong> &#8211; Urbano<br \/><strong>Cartografo<\/strong>: Jos\u00e9 Maia<br \/><strong>Tra\u00e7ador de percurso<\/strong> &#8211; Ivan Mostepanov<\/p>\r\n<p><strong>Percursos com dist\u00e2ncias:<\/strong><\/p>\r\n<p>* Dist\u00e2ncia em metros medida pela op\u00e7\u00e3o mais curta.<\/p>\r\n<table style=\"height: 750px;\" width=\"719\">\r\n<tbody>\r\n<tr>\r\n<td>\r\n<p><span style=\"font-weight: 400;\">Escal\u00f5es<\/span><\/p>\r\n<\/td>\r\n<td>\r\n<p style=\"text-align: center;\"><span style=\"font-weight: 400;\">Dist\u00e2ncia (m)<\/span><\/p>\r\n<\/td>\r\n<td>\r\n<p style=\"text-align: center;\"><span style=\"font-weight: 400;\">Controlos<\/span><\/p>\r\n<\/td>\r\n<td>\r\n<p style=\"text-align: center;\"><span style=\"font-weight: 400;\">Desn\u00edvel (m)<\/span><\/p>\r\n<\/td>\r\n<\/tr>\r\n<tr>\r\n<td>\r\n<p><span style=\"font-weight: 400;\">SEN-M<\/span><\/p>\r\n<\/td>\r\n<td style=\"text-align: center;\">10480<\/td>\r\n<td style=\"text-align: center;\">33<\/td>\r\n<td style=\"text-align: center;\">112<\/td>\r\n<\/tr>\r\n<tr>\r\n<td>\r\n<p><span style=\"font-weight: 400;\">SEN-F<\/span><\/p>\r\n<\/td>\r\n<td>\r\n<p style=\"text-align: center;\">8050<\/p>\r\n<\/td>\r\n<td style=\"text-align: center;\">27<\/td>\r\n<td style=\"text-align: center;\">76<\/td>\r\n<\/tr>\r\n<tr>\r\n<td>\r\n<p><span style=\"font-weight: 400;\">JUN-M, VET-M1<\/span><\/p>\r\n<\/td>\r\n<td style=\"text-align: center;\">8430<\/td>\r\n<td style=\"text-align: center;\">30<\/td>\r\n<td style=\"text-align: center;\">84<\/td>\r\n<\/tr>\r\n<tr>\r\n<td>\r\n<p>JUN-F, VET-F1<\/p>\r\n<\/td>\r\n<td style=\"text-align: center;\">6670<\/td>\r\n<td style=\"text-align: center;\">25<\/td>\r\n<td style=\"text-align: center;\">62<\/td>\r\n<\/tr>\r\n<tr>\r\n<td>\r\n<p>Open Longo, VET-M2<\/p>\r\n<\/td>\r\n<td style=\"text-align: center;\">7020<\/td>\r\n<td style=\"text-align: center;\">27<\/td>\r\n<td style=\"text-align: center;\">76<\/td>\r\n<\/tr>\r\n<tr>\r\n<td>\r\n<p>JUV-M<\/p>\r\n<\/td>\r\n<td style=\"text-align: center;\">6380<\/td>\r\n<td style=\"text-align: center;\">21<\/td>\r\n<td style=\"text-align: center;\">60<\/td>\r\n<\/tr>\r\n<tr>\r\n<td>\r\n<p>JUV-F, Open M\u00e9dio<\/p>\r\n<\/td>\r\n<td style=\"text-align: center;\">5240<\/td>\r\n<td style=\"text-align: center;\">18<\/td>\r\n<td style=\"text-align: center;\">52<\/td>\r\n<\/tr>\r\n<tr>\r\n<td>\r\n<p>VET-F2, VET-M3<\/p>\r\n<\/td>\r\n<td style=\"text-align: center;\">5530<\/td>\r\n<td style=\"text-align: center;\">21<\/td>\r\n<td style=\"text-align: center;\">52<\/td>\r\n<\/tr>\r\n<tr>\r\n<td>\r\n<p>VET-F3<\/p>\r\n<\/td>\r\n<td style=\"text-align: center;\">4520<\/td>\r\n<td style=\"text-align: center;\">16<\/td>\r\n<td style=\"text-align: center;\">54<\/td>\r\n<\/tr>\r\n<tr>\r\n<td>\r\n<p>VET-M4, VET-F4<\/p>\r\n<\/td>\r\n<td style=\"text-align: center;\">3620<\/td>\r\n<td style=\"text-align: center;\">12<\/td>\r\n<td style=\"text-align: center;\">40<\/td>\r\n<\/tr>\r\n<tr>\r\n<td>\r\n<p>Open Curto<\/p>\r\n<\/td>\r\n<td style=\"text-align: center;\">2740<\/td>\r\n<td style=\"text-align: center;\">16<\/td>\r\n<td style=\"text-align: center;\">30<\/td>\r\n<\/tr>\r\n<tr>\r\n<td>\r\n<p>Forma\u00e7\u00e3o<\/p>\r\n<\/td>\r\n<td style=\"text-align: center;\">2270<\/td>\r\n<td style=\"text-align: center;\">17<\/td>\r\n<td style=\"text-align: center;\">28<\/td>\r\n<\/tr>\r\n<tr>\r\n<td>\r\n<p>&nbsp;<\/p>\r\n<\/td>\r\n<td>\u00a0<\/td>\r\n<td>\u00a0<\/td>\r\n<td>\u00a0<\/td>\r\n<\/tr>\r\n<tr>\r\n<td>\r\n<p>&nbsp;<\/p>\r\n<\/td>\r\n<td>\u00a0<\/td>\r\n<td>\u00a0<\/td>\r\n<td>\u00a0<\/td>\r\n<\/tr>\r\n<tr>\r\n<td>\r\n<p>&nbsp;<\/p>\r\n<\/td>\r\n<td>\u00a0<\/td>\r\n<td>\u00a0<\/td>\r\n<td>\u00a0<\/td>\r\n<\/tr>\r\n<\/tbody>\r\n<\/table>\r\n<p>&nbsp;<\/p>\r\n","protected":false},"excerpt":{"rendered":"27 de setembro &#8211; Sprint, Jardins do Pal\u00e1cio de Cristal Mapa &#8211; Escala 1\/3.000, equidist\u00e2ncia, 2mArena &#8211; Jardins do Pal\u00e1cio de CristalTerreno &#8211; Misto de floresta e jardim urbano.Cartografo: Jos\u00e9 MaiaTra\u00e7ador de percurso:\u00a0Ivan Mostepanov Percursos com dist\u00e2ncias t\u00edpicas de sprint * Dist\u00e2ncia em metros medida pela op\u00e7\u00e3o mais curta. &nbsp; Escal\u00f5es Dist\u00e2ncia (m) Controlos Desn\u00edvel&#8230; <a class=\"view-article\" href=\"https:\/\/gd4caminhos.com\/portocityrace\/informacao-tecnica\/\"><\/a>","protected":false},"author":1,"featured_media":0,"parent":0,"menu_order":0,"comment_status":"closed","ping_status":"closed","template":"","meta":{"footnotes":""},"class_list":["post-139","page","type-page","status-publish","hentry"],"_links":{"self":[{"href":"https:\/\/gd4caminhos.com\/portocityrace\/wp-json\/wp\/v2\/pages\/139","targetHints":{"allow":["GET"]}}],"collection":[{"href":"https:\/\/gd4caminhos.com\/portocityrace\/wp-json\/wp\/v2\/pages"}],"about":[{"href":"https:\/\/gd4caminhos.com\/portocityrace\/wp-json\/wp\/v2\/types\/page"}],"author":[{"embeddable":true,"href":"https:\/\/gd4caminhos.com\/portocityrace\/wp-json\/wp\/v2\/users\/1"}],"replies":[{"embeddable":true,"href":"https:\/\/gd4caminhos.com\/portocityrace\/wp-json\/wp\/v2\/comments?post=139"}],"version-history":[{"count":31,"href":"https:\/\/gd4caminhos.com\/portocityrace\/wp-json\/wp\/v2\/pages\/139\/revisions"}],"predecessor-version":[{"id":1104,"href":"https:\/\/gd4caminhos.com\/portocityrace\/wp-json\/wp\/v2\/pages\/139\/revisions\/1104"}],"wp:attachment":[{"href":"https:\/\/gd4caminhos.com\/portocityrace\/wp-json\/wp\/v2\/media?parent=139"}],"curies":[{"name":"wp","href":"https:\/\/api.w.org\/{rel}","templated":true}]}}