{"id":18,"date":"2022-09-11T01:20:43","date_gmt":"2022-09-11T01:20:43","guid":{"rendered":"https:\/\/gd4caminhos.com\/portocityrace\/?page_id=18"},"modified":"2025-08-14T00:22:59","modified_gmt":"2025-08-14T00:22:59","slug":"inscricoes","status":"publish","type":"page","link":"https:\/\/gd4caminhos.com\/portocityrace\/inscricoes\/","title":{"rendered":"Inscri\u00e7\u00f5es"},"content":{"rendered":"<p><strong>Data limite para inscri\u00e7\u00f5es: 22 de Setembro de 2025<\/strong><\/p>\n<p><strong>Inscri\u00e7\u00e3o online (m\u00e9todo preferencial)<\/strong> &#8211; <strong><a href=\"https:\/\/www.orioasis.pt\/oasis\/events.php?action=event_view_info&amp;eventid=3007\" target=\"_blank\" rel=\"noopener\">Portal OriOasis<\/a><\/strong><\/p>\n<p><strong>Via e-mail &#8211; <\/strong>inscrever@gd4caminhos.com<\/p>\n<p><strong>Dados obrigat\u00f3rios para inscri\u00e7\u00e3o (individual ou em grupo) via e-mail:<\/strong><br \/>\n&#8211; Nome(s) do(s) participante(s);<br \/>\n&#8211; Ano(s) de nascimento;<br \/>\n&#8211; Nome do Clube\/Equipa;<br \/>\n&#8211; N\u00ba de filiado na FPO (caso n\u00e3o seja filiado na FPO, NIF e o n\u00ba de Bilhete de Identidade ou de cart\u00e3o de cidad\u00e3o);<br \/>\n&#8211; N\u00ba do SI-card. Na aus\u00eancia deste, ser-lhe-\u00e1 alugado um; A perda ou n\u00e3o devolu\u00e7\u00e3o do SI-card alugado implica o pagamento de 35,00 \u20ac<br \/>\n&#8211; N\u00ba de telem\u00f3vel e e-mail;<br \/>\n&#8211; Escal\u00e3o de participa\u00e7\u00e3o; ( <a href=\"https:\/\/gd4caminhos.com\/portocityrace\/informacao-geral\/\">Ver Informa\u00e7\u00e3o geral<\/a>)<br \/>\n&#8211; Etapas de participa\u00e7\u00e3o;<\/p>\n<p><strong>Nota<\/strong>: Os atletas que pretendam participar todos juntos em grupo devem efectuar apenas uma \u00fanica inscri\u00e7\u00e3o mencionando todos os participantes que o constituem e respectivos dados obrigat\u00f3rios (ver acima).<\/p>\n<p><strong>Participa\u00e7\u00e3o em grupo<\/strong>:<br \/>\nCada participante ter\u00e1 direito a um mapa;<br \/>\nAo grupo ser\u00e1 atribu\u00eddo um peitoral e um chip (SI-card)<\/p>\n<p><strong><br \/>\nTaxas de Inscri\u00e7\u00e3o em cada etapa:<\/strong><\/p>\n<p><strong>Etapa 1:<\/strong>\u00a0<strong>Sprint \u2013 Ta\u00e7a de Portugal de Sprint (27 de setembro)<\/strong><\/p>\n<figure class=\"wp-block-table\">\n<table class=\"has-fixed-layout\">\n<thead>\n<tr>\n<th>Abertos<\/th>\n<th>Taxa Federado<\/th>\n<th>Taxa N\u00e3o Federado<\/th>\n<\/tr>\n<\/thead>\n<tbody>\n<tr>\n<td>Adulto<\/td>\n<td>8,00 \u20ac<\/td>\n<td>8,00 \u20ac<\/td>\n<\/tr>\n<tr>\n<td>Jovem<\/td>\n<td>4,50 \u20ac<\/td>\n<td>4,50 \u20ac<\/td>\n<\/tr>\n<\/tbody>\n<\/table>\n<\/figure>\n<figure class=\"wp-block-table\">\n<table class=\"has-fixed-layout\">\n<thead>\n<tr>\n<th>Competi\u00e7\u00e3o<\/th>\n<th>Taxa Federado<\/th>\n<th>Taxa N\u00e3o Federado<\/th>\n<\/tr>\n<\/thead>\n<tbody>\n<tr>\n<td>Adulto<\/td>\n<td>8,00 \u20ac<\/td>\n<td>14,00 \u20ac<\/td>\n<\/tr>\n<tr>\n<td>Jovem<\/td>\n<td>4,50 \u20ac<\/td>\n<td>9,00 \u20ac<\/td>\n<\/tr>\n<\/tbody>\n<\/table>\n<\/figure>\n<p><strong>Etapas 2 e 3:<\/strong>\u00a0<strong>Dist\u00e2ncia Longa \u2013 Sprint by Night (27 de setembro) e Portugal City Race\u00a0 (28 de setembro)<\/strong><\/p>\n<figure class=\"wp-block-table\">\n<table class=\"has-fixed-layout\">\n<thead>\n<tr>\n<th>Abertos<\/th>\n<th>Taxa Federado<\/th>\n<th>Taxa N\u00e3o Federado<\/th>\n<\/tr>\n<\/thead>\n<tbody>\n<tr>\n<td>Adulto<\/td>\n<td>8,00 \u20ac<\/td>\n<td>8,00 \u20ac<\/td>\n<\/tr>\n<tr>\n<td>Jovem<\/td>\n<td>4,50 \u20ac<\/td>\n<td>4,50 \u20ac<\/td>\n<\/tr>\n<\/tbody>\n<\/table>\n<\/figure>\n<figure class=\"wp-block-table\">\n<table class=\"has-fixed-layout\">\n<thead>\n<tr>\n<th>Competi\u00e7\u00e3o<\/th>\n<th>Taxa Federado<\/th>\n<th>Taxa N\u00e3o Federado<\/th>\n<\/tr>\n<\/thead>\n<tbody>\n<tr>\n<td>Adulto<\/td>\n<td>8,00 \u20ac<\/td>\n<td>8,00 \u20ac<\/td>\n<\/tr>\n<tr>\n<td>Jovem<\/td>\n<td>4,50 \u20ac<\/td>\n<td>4,50 \u20ac<\/td>\n<\/tr>\n<\/tbody>\n<\/table>\n<\/figure>\n<p>&nbsp;<\/p>\n<p><strong>Pagamento preferencial por MBway, Paypal ou VISA\/Mastercard<\/strong><\/p>\n<p><strong><br \/>\nPagamento por transfer\u00eancia Banc\u00e1ria:<\/strong><br \/>\nMontepio Geral<br \/>\nIBAN: PT50 0036 0295 9910 0001 1772 7<br \/>\nSWIFT \/ BIC CODE: MPIOPTPL<\/p>\n<p><a href=\"https:\/\/gd4caminhos.com\/portocityrace\/wp-content\/uploads\/2024\/07\/394030617_740927311179343_4374012001176157601_n.jpg\"><img loading=\"lazy\" decoding=\"async\" class=\"alignnone wp-image-878\" src=\"https:\/\/gd4caminhos.com\/portocityrace\/wp-content\/uploads\/2024\/07\/394030617_740927311179343_4374012001176157601_n-1000x1500.jpg\" alt=\"\" width=\"502\" height=\"752\" srcset=\"https:\/\/gd4caminhos.com\/portocityrace\/wp-content\/uploads\/2024\/07\/394030617_740927311179343_4374012001176157601_n-1000x1500.jpg 1000w, https:\/\/gd4caminhos.com\/portocityrace\/wp-content\/uploads\/2024\/07\/394030617_740927311179343_4374012001176157601_n-250x375.jpg 250w, https:\/\/gd4caminhos.com\/portocityrace\/wp-content\/uploads\/2024\/07\/394030617_740927311179343_4374012001176157601_n-768x1152.jpg 768w, https:\/\/gd4caminhos.com\/portocityrace\/wp-content\/uploads\/2024\/07\/394030617_740927311179343_4374012001176157601_n-1024x1536.jpg 1024w, https:\/\/gd4caminhos.com\/portocityrace\/wp-content\/uploads\/2024\/07\/394030617_740927311179343_4374012001176157601_n-120x180.jpg 120w, https:\/\/gd4caminhos.com\/portocityrace\/wp-content\/uploads\/2024\/07\/394030617_740927311179343_4374012001176157601_n.jpg 1365w\" sizes=\"auto, (max-width: 502px) 100vw, 502px\" \/><\/a><\/p>\n<p style=\"text-align: center;\">\n","protected":false},"excerpt":{"rendered":"Data limite para inscri\u00e7\u00f5es: 22 de Setembro de 2025 Inscri\u00e7\u00e3o online (m\u00e9todo preferencial) &#8211; Portal OriOasis Via e-mail &#8211; inscrever@gd4caminhos.com Dados obrigat\u00f3rios para inscri\u00e7\u00e3o (individual ou em grupo) via e-mail: &#8211; Nome(s) do(s) participante(s); &#8211; Ano(s) de nascimento; &#8211; Nome do Clube\/Equipa; &#8211; N\u00ba de filiado na FPO (caso n\u00e3o seja filiado na FPO, NIF&#8230; <a class=\"view-article\" href=\"https:\/\/gd4caminhos.com\/portocityrace\/inscricoes\/\"><\/a>","protected":false},"author":1,"featured_media":0,"parent":0,"menu_order":0,"comment_status":"closed","ping_status":"closed","template":"","meta":{"footnotes":""},"class_list":["post-18","page","type-page","status-publish","hentry"],"_links":{"self":[{"href":"https:\/\/gd4caminhos.com\/portocityrace\/wp-json\/wp\/v2\/pages\/18","targetHints":{"allow":["GET"]}}],"collection":[{"href":"https:\/\/gd4caminhos.com\/portocityrace\/wp-json\/wp\/v2\/pages"}],"about":[{"href":"https:\/\/gd4caminhos.com\/portocityrace\/wp-json\/wp\/v2\/types\/page"}],"author":[{"embeddable":true,"href":"https:\/\/gd4caminhos.com\/portocityrace\/wp-json\/wp\/v2\/users\/1"}],"replies":[{"embeddable":true,"href":"https:\/\/gd4caminhos.com\/portocityrace\/wp-json\/wp\/v2\/comments?post=18"}],"version-history":[{"count":13,"href":"https:\/\/gd4caminhos.com\/portocityrace\/wp-json\/wp\/v2\/pages\/18\/revisions"}],"predecessor-version":[{"id":1037,"href":"https:\/\/gd4caminhos.com\/portocityrace\/wp-json\/wp\/v2\/pages\/18\/revisions\/1037"}],"wp:attachment":[{"href":"https:\/\/gd4caminhos.com\/portocityrace\/wp-json\/wp\/v2\/media?parent=18"}],"curies":[{"name":"wp","href":"https:\/\/api.w.org\/{rel}","templated":true}]}}