{"id":24,"date":"2022-09-11T01:31:06","date_gmt":"2022-09-11T01:31:06","guid":{"rendered":"https:\/\/gd4caminhos.com\/portocityrace\/?page_id=24"},"modified":"2025-09-05T16:27:35","modified_gmt":"2025-09-05T16:27:35","slug":"informacao-geral","status":"publish","type":"page","link":"https:\/\/gd4caminhos.com\/portocityrace\/informacao-geral\/","title":{"rendered":"Informa\u00e7\u00e3o geral"},"content":{"rendered":"<p><strong>Escal\u00f5es Abertos (Etapas 1, 2 e 3)<\/strong><\/p>\n<table style=\"height: 144px;\" border=\"0\" width=\"664\" cellspacing=\"0\">\n<colgroup width=\"160\"><\/colgroup>\n<colgroup width=\"382\"><\/colgroup>\n<tbody>\n<tr>\n<td align=\"left\" height=\"26\"><span style=\"font-family: Arial Unicode MS;\">Branco<\/span><\/td>\n<td align=\"left\"><span style=\"font-family: Arial Unicode MS;\">Qualquer idade, sexo, individualmente ou em grupo<\/span><\/td>\n<\/tr>\n<tr>\n<td align=\"left\" bgcolor=\"#DDDDDD\" height=\"26\"><span style=\"font-family: Arial Unicode MS;\">Open Curto &#8212;- Verde<\/span><\/td>\n<td align=\"left\" bgcolor=\"#DDDDDD\"><span style=\"font-family: Arial Unicode MS;\">Qualquer idade, sexo, individualmente ou em grupo<\/span><\/td>\n<\/tr>\n<tr>\n<td align=\"left\" height=\"26\"><span style=\"font-family: Arial Unicode MS;\">Open M\u00e9dio &#8212;- Amarelo<\/span><\/td>\n<td align=\"left\"><span style=\"font-family: Arial Unicode MS;\">Qualquer idade, sexo, individualmente ou em grupo<\/span><\/td>\n<\/tr>\n<tr>\n<td align=\"left\" bgcolor=\"#DDDDDD\" height=\"26\"><span style=\"font-family: Arial Unicode MS;\">Open Longo &#8212;- Vermelho<\/span><\/td>\n<td align=\"left\" bgcolor=\"#DDDDDD\"><span style=\"font-family: Arial Unicode MS;\">Qualquer idade, sexo, individualmente ou em grupo<\/span><\/td>\n<\/tr>\n<tr>\n<td align=\"left\" height=\"26\"><span style=\"font-family: Arial Unicode MS;\">Forma\u00e7\u00e3o<\/span><\/td>\n<td align=\"left\"><span style=\"font-family: Arial Unicode MS;\">Nascidos em 2013 ou depois <\/span><\/td>\n<\/tr>\n<\/tbody>\n<\/table>\n<p>&nbsp;<\/p>\n<p><strong>Escal\u00f5es Competi\u00e7\u00e3o (Etapas 2 e 3)<\/strong><\/p>\n<table border=\"0\" cellspacing=\"0\">\n<colgroup width=\"160\"><\/colgroup>\n<colgroup width=\"382\"><\/colgroup>\n<tbody>\n<tr>\n<td align=\"left\" bgcolor=\"#DDDDDD\" height=\"26\"><span style=\"font-family: Arial Unicode MS;\">Juvenis H\/D<\/span><\/td>\n<td align=\"left\" bgcolor=\"#DDDDDD\"><span style=\"font-family: Arial Unicode MS;\">Nascidos de 2006 a 2009<\/span><\/td>\n<\/tr>\n<tr>\n<td align=\"left\" height=\"26\"><span style=\"font-family: Arial Unicode MS;\">Junior H\/D<\/span><\/td>\n<td align=\"left\"><span style=\"font-family: Arial Unicode MS;\">Nascidos de 2003 a 2005<\/span><\/td>\n<\/tr>\n<tr>\n<td align=\"left\" bgcolor=\"#DDDDDD\" height=\"26\"><span style=\"font-family: Arial Unicode MS;\">Seniores H\/D<\/span><\/td>\n<td align=\"left\" bgcolor=\"#DDDDDD\"><span style=\"font-family: Arial Unicode MS;\">Nascidos de 1986 a 2004<\/span><\/td>\n<\/tr>\n<tr>\n<td align=\"left\" height=\"26\"><span style=\"font-family: Arial Unicode MS;\">Veteranos I H\/D<\/span><\/td>\n<td align=\"left\"><span style=\"font-family: Arial Unicode MS;\">Nascidos de 1971 a 1985<\/span><\/td>\n<\/tr>\n<tr>\n<td align=\"left\" bgcolor=\"#DDDDDD\" height=\"26\"><span style=\"font-family: Arial Unicode MS;\">Veteranos II H\/D<\/span><\/td>\n<td align=\"left\" bgcolor=\"#DDDDDD\"><span style=\"font-family: Arial Unicode MS;\">Nascidos de 1961 a 1970<\/span><\/td>\n<\/tr>\n<tr>\n<td align=\"left\" height=\"26\"><span style=\"font-family: Arial Unicode MS;\">Veteranos III H\/D<\/span><\/td>\n<td align=\"left\"><span style=\"font-family: Arial Unicode MS;\">Nascidos de 1951 a 1960<\/span><\/td>\n<\/tr>\n<tr>\n<td align=\"left\" bgcolor=\"#DDDDDD\" height=\"26\"><span style=\"font-family: Arial Unicode MS;\">Veteranos IV H\/D<\/span><\/td>\n<td align=\"left\" bgcolor=\"#DDDDDD\"><span style=\"font-family: Arial Unicode MS;\">Nascidos de 1950 <\/span><span style=\"font-family: Arial Unicode MS;\">ou antes<\/span><\/td>\n<\/tr>\n<\/tbody>\n<\/table>\n<p>&nbsp;<\/p>\n<p>*Os participantes n\u00e3o federados, podem escolher os escal\u00f5es de competi\u00e7\u00e3o, mas tem de realizar a prova individualmente.<\/p>\n<p>No caso de desejarem participar em grupo, tem que optar pelos escal\u00f5es abertos (Open Curto, Open M\u00e9dio ou Open Longo)<\/p>\n<p>Se tem alguma d\u00favida sobre o evento, consulte a p\u00e1gina das perguntas mais frequentes<a href=\"https:\/\/gd4caminhos.com\/portocityrace\/faq\/\"> (FAQ)<\/a>, antes de fazer a sua inscri\u00e7\u00e3o.<\/p>\n<p><strong>Orienta\u00e7\u00e3o adaptada:<br \/>\n<\/strong>Em coordena\u00e7\u00e3o com a ANDDI ( Associa\u00e7\u00e3o Nacional de Desporto para o Desenvolvimento Intelectual)<\/p>\n<p><strong>Estacionamento:<\/strong><br \/>\nJunto \u00e0 arena existe local para estacionamento. Os participantes devem seguir as indica\u00e7\u00f5es da organiza\u00e7\u00e3o.<\/p>\n<p><strong>Babysitting:<\/strong><br \/>\nO baby-sitting estar\u00e1 a funcionar na arena.<\/p>\n<p><strong>Solo duro:<\/strong><br \/>\nHaver\u00e1 solo duro, de s\u00e1bado para domingo, na ES Ant\u00f3nio Nobre.<\/p>\n<p><strong>Bar:<\/strong><br \/>\nN\u00e3o haver\u00e1 servi\u00e7o de bar, em nenhuma das tr\u00eas etapas do evento.<\/p>\n<p><strong>WC:<br \/>\n<\/strong>Na arena.<\/p>\n<p><strong>Pr\u00e9mios<\/strong><br \/>\n&#8211; Medalh\u00e3o para os tr\u00eas primeiros de cada categoria, excepto os seniores que ser\u00e3o premiados os cinco primeiros.<\/p>\n<p><strong>Transportes P\u00fablicos:<br \/>\n<\/strong>Mapa da rede de <a href=\"https:\/\/www.stcp.pt\/pt\/viajar\/\" target=\"_blank\" rel=\"noopener\">Bus do Porto<\/a><br \/>\nMapa da rede do <a href=\"https:\/\/www.metrodoporto.pt\/\" target=\"_blank\" rel=\"noopener\">Metro do Porto<\/a><\/p>\n<p><strong>Contactos:<\/strong><br \/>\ninscrever@gd4caminhos.com<\/p>\n<p><strong>Outras Informa\u00e7\u00f5es:<\/strong><br \/>\nN\u00e3o ser\u00e3o permitidas partidas a atletas sem cart\u00e3o SI-card (chip) ou com um n\u00famero diferente do constante da inscri\u00e7\u00e3o, altera\u00e7\u00f5es dever\u00e3o ser feitas com anteced\u00eancia pelo e-mail de inscri\u00e7\u00f5es ou, no dia da prova, no secretariado;<br \/>\nOs participantes dever\u00e3o levantar um peitoral do evento no secretariado.<br \/>\nRegulamento da Competi\u00e7\u00e3o em vigor na FPO;<br \/>\nSistema electr\u00f3nico Sport-Ident. Em caso de mau funcionamento da esta\u00e7\u00e3o SI dever\u00e3o ser picotadas os quadrados de reserva existentes no mapa.<br \/>\nNa eventualidade de algum atleta n\u00e3o concluir o percurso, deve comunicar \u00e0 organiza\u00e7\u00e3o e descarregar o seu SI-card na chegada;<br \/>\nPrimeiros Socorros na chegada;<\/p>\n","protected":false},"excerpt":{"rendered":"Escal\u00f5es Abertos (Etapas 1, 2 e 3) Branco Qualquer idade, sexo, individualmente ou em grupo Open Curto &#8212;- Verde Qualquer idade, sexo, individualmente ou em grupo Open M\u00e9dio &#8212;- Amarelo Qualquer idade, sexo, individualmente ou em grupo Open Longo &#8212;- Vermelho Qualquer idade, sexo, individualmente ou em grupo Forma\u00e7\u00e3o Nascidos em 2013 ou depois &nbsp;&#8230; <a class=\"view-article\" href=\"https:\/\/gd4caminhos.com\/portocityrace\/informacao-geral\/\"><\/a>","protected":false},"author":1,"featured_media":0,"parent":0,"menu_order":0,"comment_status":"closed","ping_status":"closed","template":"","meta":{"footnotes":""},"class_list":["post-24","page","type-page","status-publish","hentry"],"_links":{"self":[{"href":"https:\/\/gd4caminhos.com\/portocityrace\/wp-json\/wp\/v2\/pages\/24","targetHints":{"allow":["GET"]}}],"collection":[{"href":"https:\/\/gd4caminhos.com\/portocityrace\/wp-json\/wp\/v2\/pages"}],"about":[{"href":"https:\/\/gd4caminhos.com\/portocityrace\/wp-json\/wp\/v2\/types\/page"}],"author":[{"embeddable":true,"href":"https:\/\/gd4caminhos.com\/portocityrace\/wp-json\/wp\/v2\/users\/1"}],"replies":[{"embeddable":true,"href":"https:\/\/gd4caminhos.com\/portocityrace\/wp-json\/wp\/v2\/comments?post=24"}],"version-history":[{"count":26,"href":"https:\/\/gd4caminhos.com\/portocityrace\/wp-json\/wp\/v2\/pages\/24\/revisions"}],"predecessor-version":[{"id":1078,"href":"https:\/\/gd4caminhos.com\/portocityrace\/wp-json\/wp\/v2\/pages\/24\/revisions\/1078"}],"wp:attachment":[{"href":"https:\/\/gd4caminhos.com\/portocityrace\/wp-json\/wp\/v2\/media?parent=24"}],"curies":[{"name":"wp","href":"https:\/\/api.w.org\/{rel}","templated":true}]}}