{"id":5,"date":"2022-09-11T01:14:22","date_gmt":"2022-09-11T01:14:22","guid":{"rendered":"https:\/\/gd4caminhos.com\/portocityrace\/?page_id=5"},"modified":"2025-06-09T15:52:24","modified_gmt":"2025-06-09T15:52:24","slug":"introducao","status":"publish","type":"page","link":"https:\/\/gd4caminhos.com\/portocityrace\/introducao\/","title":{"rendered":"Introdu\u00e7\u00e3o"},"content":{"rendered":"<p>A XIII edi\u00e7\u00e3o do Porto City Race \u00e9 um evento de Orienta\u00e7\u00e3o pedestre urbano, organizado pelo Grupo Desportivo dos Quatro Caminhos em parceria com a C\u00e2mara Municipal do Porto, atrav\u00e9s da \u00c1gora &#8211; Cultura e Desporto do Porto<\/p>\n<p>O evento ser\u00e1 constitu\u00eddo por tr\u00eas etapas, com classifica\u00e7\u00f5es separadas, nos dias 27 e 28 de Setembro.<\/p>\n<p>A Porto City Race est\u00e1 integrado no circuito Portugal City Race 2025.<\/p>\n<p>\u00c9 um evento aberto a pessoas de qualquer idade, podendo participar individualmente, ou em grupo.<\/p>\n<p>Mesmo n\u00e3o sendo federado pode participar nos escal\u00f5es de competi\u00e7\u00e3o.<\/p>\n<p>As taxas de inscri\u00e7\u00e3o s\u00e3o iguais entre federados e n\u00e3o federados.<\/p>\n<p>Mesmo que nunca tenha visto um mapa de Orienta\u00e7\u00e3o ou uma b\u00fassola, tem possibilidade de se juntar \u00e0 festa, porque a organiza\u00e7\u00e3o far\u00e1 acompanhamento e ensino com monitores.<\/p>\n<p>Junte a fam\u00edlia e venha conhecer alguns locais emblem\u00e1ticos do Porto e aprenda Orienta\u00e7\u00e3o.<\/p>\n<p>&nbsp;<\/p>\n","protected":false},"excerpt":{"rendered":"A XIII edi\u00e7\u00e3o do Porto City Race \u00e9 um evento de Orienta\u00e7\u00e3o pedestre urbano, organizado pelo Grupo Desportivo dos Quatro Caminhos em parceria com a C\u00e2mara Municipal do Porto, atrav\u00e9s da \u00c1gora &#8211; Cultura e Desporto do Porto O evento ser\u00e1 constitu\u00eddo por tr\u00eas etapas, com classifica\u00e7\u00f5es separadas, nos dias 27 e 28 de Setembro&#8230;. <a class=\"view-article\" href=\"https:\/\/gd4caminhos.com\/portocityrace\/introducao\/\"><\/a>","protected":false},"author":1,"featured_media":0,"parent":0,"menu_order":0,"comment_status":"closed","ping_status":"closed","template":"","meta":{"footnotes":""},"class_list":["post-5","page","type-page","status-publish","hentry"],"_links":{"self":[{"href":"https:\/\/gd4caminhos.com\/portocityrace\/wp-json\/wp\/v2\/pages\/5","targetHints":{"allow":["GET"]}}],"collection":[{"href":"https:\/\/gd4caminhos.com\/portocityrace\/wp-json\/wp\/v2\/pages"}],"about":[{"href":"https:\/\/gd4caminhos.com\/portocityrace\/wp-json\/wp\/v2\/types\/page"}],"author":[{"embeddable":true,"href":"https:\/\/gd4caminhos.com\/portocityrace\/wp-json\/wp\/v2\/users\/1"}],"replies":[{"embeddable":true,"href":"https:\/\/gd4caminhos.com\/portocityrace\/wp-json\/wp\/v2\/comments?post=5"}],"version-history":[{"count":6,"href":"https:\/\/gd4caminhos.com\/portocityrace\/wp-json\/wp\/v2\/pages\/5\/revisions"}],"predecessor-version":[{"id":970,"href":"https:\/\/gd4caminhos.com\/portocityrace\/wp-json\/wp\/v2\/pages\/5\/revisions\/970"}],"wp:attachment":[{"href":"https:\/\/gd4caminhos.com\/portocityrace\/wp-json\/wp\/v2\/media?parent=5"}],"curies":[{"name":"wp","href":"https:\/\/api.w.org\/{rel}","templated":true}]}}