{"id":9,"date":"2022-09-11T01:24:13","date_gmt":"2022-09-11T01:24:13","guid":{"rendered":"https:\/\/gd4caminhos.com\/portocityrace\/?page_id=9"},"modified":"2025-06-19T12:16:01","modified_gmt":"2025-06-19T12:16:01","slug":"programa","status":"publish","type":"page","link":"https:\/\/gd4caminhos.com\/portocityrace\/programa\/","title":{"rendered":"Programa"},"content":{"rendered":"<p><a href=\"https:\/\/gd4caminhos.com\/portocityrace\/wp-content\/uploads\/2024\/07\/394117707_740927651179309_6126091693165212495_n.jpg\"><img loading=\"lazy\" decoding=\"async\" class=\"wp-image-873 alignright\" src=\"https:\/\/gd4caminhos.com\/portocityrace\/wp-content\/uploads\/2024\/07\/394117707_740927651179309_6126091693165212495_n-1000x1500.jpg\" alt=\"\" width=\"268\" height=\"402\" srcset=\"https:\/\/gd4caminhos.com\/portocityrace\/wp-content\/uploads\/2024\/07\/394117707_740927651179309_6126091693165212495_n-1000x1500.jpg 1000w, https:\/\/gd4caminhos.com\/portocityrace\/wp-content\/uploads\/2024\/07\/394117707_740927651179309_6126091693165212495_n-250x375.jpg 250w, https:\/\/gd4caminhos.com\/portocityrace\/wp-content\/uploads\/2024\/07\/394117707_740927651179309_6126091693165212495_n-768x1152.jpg 768w, https:\/\/gd4caminhos.com\/portocityrace\/wp-content\/uploads\/2024\/07\/394117707_740927651179309_6126091693165212495_n-1024x1536.jpg 1024w, https:\/\/gd4caminhos.com\/portocityrace\/wp-content\/uploads\/2024\/07\/394117707_740927651179309_6126091693165212495_n-120x180.jpg 120w, https:\/\/gd4caminhos.com\/portocityrace\/wp-content\/uploads\/2024\/07\/394117707_740927651179309_6126091693165212495_n.jpg 1365w\" sizes=\"auto, (max-width: 268px) 100vw, 268px\" \/><\/a><\/p>\n<p><span style=\"font-weight: 400;\"><strong>23 de setembro<\/strong><br \/>\n<\/span><span style=\"font-weight: 400;\">Data limite para inscri\u00e7\u00e3o nos escal\u00f5es de competi\u00e7\u00e3o.<\/span><\/p>\n<p><span style=\"font-weight: 400;\"><strong>24 de setembro<\/strong><br \/>\n<\/span><span style=\"font-weight: 400;\">Divulga\u00e7\u00e3o das horas de partida<\/span><\/p>\n<p><span style=\"font-weight: 400;\"><strong>27 de setembro<\/strong>\u00a0&#8211; <strong>Sprint e Ori Adaptada &#8211; Jardins do Pal\u00e1cio de Cristal<\/strong><\/span><\/p>\n<p><span style=\"font-weight: 400;\">08h30 &#8211; Abertura do secretariado nos Jardins do Pal\u00e1cio de Cristal<br \/>\n10h00 &#8211; Inicio das Partidas<br \/>\n10h30 &#8211; Inicio das Partidas da Orienta\u00e7\u00e3o adaptada<br \/>\n12h30 &#8211; Cerim\u00f3nia de entrega de Pr\u00e9mios<\/span><\/p>\n<p><span style=\"font-weight: 400;\"><strong>27 de setembro &#8211; Porto by Night &#8211; Paranhos<\/strong><br \/>\n18h00 &#8211; Abertura do secretariado (ES Ant\u00f3nio Nobre)<br \/>\n19h30 &#8211; Partida em massa da competi\u00e7\u00e3o<br \/>\n19h40 &#8211; Partida em massa dos Opens<br \/>\n21h30 &#8211; Cerim\u00f3nia de entrega de Pr\u00e9mios<br \/>\n<\/span><\/p>\n<p><span style=\"font-weight: 400;\"><strong>28 de setembro<\/strong> &#8211; <strong>Porto City Race &#8211; Aldoar e Ramalde<\/strong><br \/>\n08h30 &#8211; Abertura do secretariado (Escola B\u00e1sica Manoel de Oliveira)<br \/>\n10h00 &#8211; Inicio das Partidas<br \/>\n12h30 &#8211; Cerim\u00f3nia de entrega de Pr\u00e9mios<\/span><\/p>\n","protected":false},"excerpt":{"rendered":"23 de setembro Data limite para inscri\u00e7\u00e3o nos escal\u00f5es de competi\u00e7\u00e3o. 24 de setembro Divulga\u00e7\u00e3o das horas de partida 27 de setembro\u00a0&#8211; Sprint e Ori Adaptada &#8211; Jardins do Pal\u00e1cio de Cristal 08h30 &#8211; Abertura do secretariado nos Jardins do Pal\u00e1cio de Cristal 10h00 &#8211; Inicio das Partidas 10h30 &#8211; Inicio das Partidas da Orienta\u00e7\u00e3o&#8230; <a class=\"view-article\" href=\"https:\/\/gd4caminhos.com\/portocityrace\/programa\/\"><\/a>","protected":false},"author":1,"featured_media":0,"parent":0,"menu_order":0,"comment_status":"closed","ping_status":"closed","template":"","meta":{"footnotes":""},"class_list":["post-9","page","type-page","status-publish","hentry"],"_links":{"self":[{"href":"https:\/\/gd4caminhos.com\/portocityrace\/wp-json\/wp\/v2\/pages\/9","targetHints":{"allow":["GET"]}}],"collection":[{"href":"https:\/\/gd4caminhos.com\/portocityrace\/wp-json\/wp\/v2\/pages"}],"about":[{"href":"https:\/\/gd4caminhos.com\/portocityrace\/wp-json\/wp\/v2\/types\/page"}],"author":[{"embeddable":true,"href":"https:\/\/gd4caminhos.com\/portocityrace\/wp-json\/wp\/v2\/users\/1"}],"replies":[{"embeddable":true,"href":"https:\/\/gd4caminhos.com\/portocityrace\/wp-json\/wp\/v2\/comments?post=9"}],"version-history":[{"count":16,"href":"https:\/\/gd4caminhos.com\/portocityrace\/wp-json\/wp\/v2\/pages\/9\/revisions"}],"predecessor-version":[{"id":994,"href":"https:\/\/gd4caminhos.com\/portocityrace\/wp-json\/wp\/v2\/pages\/9\/revisions\/994"}],"wp:attachment":[{"href":"https:\/\/gd4caminhos.com\/portocityrace\/wp-json\/wp\/v2\/media?parent=9"}],"curies":[{"name":"wp","href":"https:\/\/api.w.org\/{rel}","templated":true}]}}