{"id":329,"date":"2022-05-22T23:29:44","date_gmt":"2022-05-22T22:29:44","guid":{"rendered":"https:\/\/gd4caminhos.com\/viana\/?page_id=329"},"modified":"2023-04-26T23:03:44","modified_gmt":"2023-04-26T22:03:44","slug":"introducao","status":"publish","type":"page","link":"https:\/\/gd4caminhos.com\/viana\/introducao\/","title":{"rendered":"Introdu\u00e7\u00e3o"},"content":{"rendered":"<p>No dia 25 de junho, Viana do Castelo vai receber pela terceira vez uma etapa do circuito Portugal City Race.<\/p>\n<p>A Viana City Race \u00e9 um evento de Orienta\u00e7\u00e3o pedestre urbano, organizado pelo Grupo Desportivo dos Quatro Caminhos em parceria com a C\u00e2mara Municipal de Viana do Castelo e com o apoio da Federa\u00e7\u00e3o Portuguesa de Orienta\u00e7\u00e3o.<\/p>\n<p>A Viana City Race est\u00e1 integrada no circuito <a href=\"http:\/\/www.cityrace.pt\/\">Portugal City Race<\/a> (6\u00aa etapa). Integra ainda pela primeira vez o City Race Euro Tour.<img loading=\"lazy\" decoding=\"async\" width=\"250\" height=\"351\" class=\"size-medium wp-image-666 aligncenter\" src=\"https:\/\/gd4caminhos.com\/viana\/wp-content\/uploads\/2023\/03\/unnamed-1-250x351.png\" alt=\"\" srcset=\"https:\/\/gd4caminhos.com\/viana\/wp-content\/uploads\/2023\/03\/unnamed-1-250x351.png 250w, https:\/\/gd4caminhos.com\/viana\/wp-content\/uploads\/2023\/03\/unnamed-1-1000x1404.png 1000w, https:\/\/gd4caminhos.com\/viana\/wp-content\/uploads\/2023\/03\/unnamed-1-768x1078.png 768w, https:\/\/gd4caminhos.com\/viana\/wp-content\/uploads\/2023\/03\/unnamed-1-1094x1536.png 1094w, https:\/\/gd4caminhos.com\/viana\/wp-content\/uploads\/2023\/03\/unnamed-1-120x168.png 120w, https:\/\/gd4caminhos.com\/viana\/wp-content\/uploads\/2023\/03\/unnamed-1.png 1301w\" sizes=\"auto, (max-width: 250px) 100vw, 250px\" \/><\/p>\n<p>O evento ter\u00e1 tamb\u00e9m uma vertente inclusiva, com a realiza\u00e7\u00e3o\u00a0 em simult\u00e2neo de uma atividade de <a href=\"http:\/\/orievents.com\/services\/service-orienteering\/ori-adaptada\/\">Orienta\u00e7\u00e3o adaptada,<\/a> que faz parte da Ta\u00e7a de Portugal de Orienta\u00e7\u00e3o adaptada.<\/p>\n<p>O evento ser\u00e1 constitu\u00eddo por uma etapa, com partida pelas 10.00 horas.<\/p>\n<p>\u00c9 um evento aberto a pessoas de qualquer idade, podendo participar individualmente, ou em grupo e mesmo n\u00e3o sendo federado pode participar nos escal\u00f5es de competi\u00e7\u00e3o.<\/p>\n<p>As taxas de inscri\u00e7\u00e3o s\u00e3o iguais entre federados e n\u00e3o federados.<\/p>\n<p>Mesmo que nunca tenha visto um mapa de Orienta\u00e7\u00e3o ou uma b\u00fassola, tem possibilidade de se juntar \u00e0 festa, porque a organiza\u00e7\u00e3o far\u00e1 acompanhamento e ensino com monitores.<\/p>\n<p>Junte a fam\u00edlia e venha conhecer a cidade de Viana do Castelo e aprenda Orienta\u00e7\u00e3o.<\/p>\n<p>Poder\u00e1 tamb\u00e9m participar nos pr\u00f3ximos eventos do Grupo Desportivos 4 Caminhos, nos dias 20 de maio, <a href=\"https:\/\/gd4caminhos.com\/matosinhoscityrace\/\" target=\"_blank\" rel=\"noopener\">MATOSINHOS CITY RACE<\/a> \u00a0e nos dias 14 e 15 de outubro <a href=\"https:\/\/gd4caminhos.com\/portocityrace\/\" target=\"_blank\" rel=\"noopener\">PORTO CITY RACE<\/a>.<\/p>\n\n\n<p><\/p>\n","protected":false},"excerpt":{"rendered":"No dia 25 de junho, Viana do Castelo vai receber pela terceira vez uma etapa do circuito Portugal City Race. A Viana City Race \u00e9 um evento de Orienta\u00e7\u00e3o pedestre urbano, organizado pelo Grupo Desportivo dos Quatro Caminhos em parceria com a C\u00e2mara Municipal de Viana do Castelo e com o apoio da Federa\u00e7\u00e3o Portuguesa&#8230; <a class=\"view-article\" href=\"https:\/\/gd4caminhos.com\/viana\/introducao\/\"><\/a>","protected":false},"author":1,"featured_media":0,"parent":0,"menu_order":0,"comment_status":"closed","ping_status":"closed","template":"","meta":{"_coblocks_attr":"","_coblocks_dimensions":"","_coblocks_responsive_height":"","_coblocks_accordion_ie_support":"","footnotes":""},"class_list":["post-329","page","type-page","status-publish","hentry"],"_links":{"self":[{"href":"https:\/\/gd4caminhos.com\/viana\/wp-json\/wp\/v2\/pages\/329","targetHints":{"allow":["GET"]}}],"collection":[{"href":"https:\/\/gd4caminhos.com\/viana\/wp-json\/wp\/v2\/pages"}],"about":[{"href":"https:\/\/gd4caminhos.com\/viana\/wp-json\/wp\/v2\/types\/page"}],"author":[{"embeddable":true,"href":"https:\/\/gd4caminhos.com\/viana\/wp-json\/wp\/v2\/users\/1"}],"replies":[{"embeddable":true,"href":"https:\/\/gd4caminhos.com\/viana\/wp-json\/wp\/v2\/comments?post=329"}],"version-history":[{"count":7,"href":"https:\/\/gd4caminhos.com\/viana\/wp-json\/wp\/v2\/pages\/329\/revisions"}],"predecessor-version":[{"id":689,"href":"https:\/\/gd4caminhos.com\/viana\/wp-json\/wp\/v2\/pages\/329\/revisions\/689"}],"wp:attachment":[{"href":"https:\/\/gd4caminhos.com\/viana\/wp-json\/wp\/v2\/media?parent=329"}],"curies":[{"name":"wp","href":"https:\/\/api.w.org\/{rel}","templated":true}]}}