{"id":334,"date":"2022-06-21T01:54:09","date_gmt":"2022-06-21T00:54:09","guid":{"rendered":"https:\/\/gd4caminhos.com\/viana\/?page_id=334"},"modified":"2023-05-25T23:57:48","modified_gmt":"2023-05-25T22:57:48","slug":"f-a-q","status":"publish","type":"page","link":"https:\/\/gd4caminhos.com\/viana\/f-a-q\/","title":{"rendered":"F.A.Q"},"content":{"rendered":"\r\n\r\n\r\n<h2 class=\"wp-block-heading\">1. Como devo proceder para fazer as inscri\u00e7\u00f5es?<\/h2>\r\n\r\n\r\n\r\n<p>De prefer\u00eancia utilizar o portal online www.orioasis.pt. Alternativamente, pode utilizar o e-mail que encontrar\u00e1 no link inscri\u00e7\u00f5es do menu do site da prova: inscrever@gd4caminhos.com Poder\u00e1 ainda utilizar o telem\u00f3vel 917959071.<\/p>\r\n\r\n\r\n\r\n<h2 class=\"wp-block-heading\">2. O que devo mencionar no ato da inscri\u00e7\u00e3o?<\/h2>\r\n\r\n\r\n\r\n<p>Deve mencionar o seu nome, data de nascimento, n\u00ba do CC, NIF (ou outro documento de identifica\u00e7\u00e3o) e n\u00famero de telem\u00f3vel.<br \/>Em caso de participar em grupo indicar os mesmos dados para todos os elementos do grupo.<\/p>\r\n\r\n\r\n\r\n<h2 class=\"wp-block-heading\">3. Como devo proceder para fazer o pagamento das inscri\u00e7\u00f5es?<\/h2>\r\n\r\n\r\n\r\n<p>Preferencialmente pode efectuar o pagamento por MBway, Paypal ou Visa\/Mastercard.<br \/>Em alternativa por transfer\u00eancia banc\u00e1ria (IBAN PT50 0036 0295 9910 0001177 27).<br \/>As taxas de inscri\u00e7\u00e3o est\u00e3o mencionadas no link inscri\u00e7\u00f5es no site do evento.<\/p>\r\n\r\n\r\n\r\n<h2 class=\"wp-block-heading\">4. Os participantes que n\u00e3o s\u00e3o federados podem participar nos escal\u00f5es de competi\u00e7\u00e3o?<\/h2>\r\n\r\n\r\n\r\n<p>Sim.<\/p>\r\n\r\n\r\n\r\n<h2 class=\"wp-block-heading\">5. Que tipo de roupa se deve utilizar para efetuar a prova?<\/h2>\r\n\r\n\r\n\r\n<p>Apesar dos atletas experientes utilizarem equipamentos espec\u00edficos, para quem vai cumprir um percurso pela primeira vez, poder\u00e1 vestir uma roupa desportiva ou fato de treino e cal\u00e7ar sapatilhas de desporto com um piso com alguma ader\u00eancia. Recomenda-se tamb\u00e9m roupa e cal\u00e7ado para trocar no final caso seja necess\u00e1rio.<\/p>\r\n\r\n\r\n\r\n<h2 class=\"wp-block-heading\">6. Que tipos de utens\u00edlios podem os participantes levar na execu\u00e7\u00e3o da prova?<\/h2>\r\n\r\n\r\n\r\n<p>Para ajuda dos participantes somente podem ser portadores de uma b\u00fassola.<\/p>\r\n\r\n\r\n\r\n<h2 class=\"wp-block-heading\">7. A organiza\u00e7\u00e3o fornece b\u00fassola para os participantes?<\/h2>\r\n\r\n\r\n\r\n<p>A b\u00fassola \u00e9 da responsabilidade dos participantes. A organiza\u00e7\u00e3o n\u00e3o fornece b\u00fassolas aos participantes, mas poder\u00e1 adquirir uma de boa qualidade na arena do evento.<\/p>\r\n\r\n\r\n\r\n<h2 class=\"wp-block-heading\">8. Como \u00e9 que \u00e9 efetuado o controlo da prova?<\/h2>\r\n\r\n\r\n\r\n<p>A prova ser\u00e1 controlada eletronicamente atrav\u00e9s do sistema de controlo SportIdent. Cada participante ou grupo dever\u00e1 ser portador de um SI-card (chip).<\/p>\r\n\r\n\r\n\r\n<h2 class=\"wp-block-heading\">9. Como devo levantar o chip?<\/h2>\r\n\r\n\r\n\r\n<p>O chip ser\u00e1 colocado no envelope respetivo do clube ou participante individual onde existir\u00e1 uma rela\u00e7\u00e3o nominal para atribui\u00e7\u00e3o a cada participante. A participa\u00e7\u00e3o com um chip que n\u00e3o corresponda \u00e0 rela\u00e7\u00e3o fornecida pela organiza\u00e7\u00e3o implica a desclassifica\u00e7\u00e3o.<\/p>\r\n\r\n\r\n\r\n<h2 class=\"wp-block-heading\">10. Se n\u00e3o completar o percurso o que devo fazer?<\/h2>\r\n\r\n\r\n\r\n<p>Deve passar sempre pela chegada e descarregar o seu chip e entreg\u00e1-lo.<\/p>\r\n","protected":false},"excerpt":{"rendered":"1. Como devo proceder para fazer as inscri\u00e7\u00f5es? De prefer\u00eancia utilizar o portal online www.orioasis.pt. Alternativamente, pode utilizar o e-mail que encontrar\u00e1 no link inscri\u00e7\u00f5es do menu do site da prova: inscrever@gd4caminhos.com Poder\u00e1 ainda utilizar o telem\u00f3vel 917959071. 2. O que devo mencionar no ato da inscri\u00e7\u00e3o? Deve mencionar o seu nome, data de nascimento,&#8230; <a class=\"view-article\" href=\"https:\/\/gd4caminhos.com\/viana\/f-a-q\/\"><\/a>","protected":false},"author":1,"featured_media":0,"parent":0,"menu_order":0,"comment_status":"closed","ping_status":"closed","template":"","meta":{"_coblocks_attr":"","_coblocks_dimensions":"","_coblocks_responsive_height":"","_coblocks_accordion_ie_support":"","footnotes":""},"class_list":["post-334","page","type-page","status-publish","hentry"],"_links":{"self":[{"href":"https:\/\/gd4caminhos.com\/viana\/wp-json\/wp\/v2\/pages\/334","targetHints":{"allow":["GET"]}}],"collection":[{"href":"https:\/\/gd4caminhos.com\/viana\/wp-json\/wp\/v2\/pages"}],"about":[{"href":"https:\/\/gd4caminhos.com\/viana\/wp-json\/wp\/v2\/types\/page"}],"author":[{"embeddable":true,"href":"https:\/\/gd4caminhos.com\/viana\/wp-json\/wp\/v2\/users\/1"}],"replies":[{"embeddable":true,"href":"https:\/\/gd4caminhos.com\/viana\/wp-json\/wp\/v2\/comments?post=334"}],"version-history":[{"count":6,"href":"https:\/\/gd4caminhos.com\/viana\/wp-json\/wp\/v2\/pages\/334\/revisions"}],"predecessor-version":[{"id":790,"href":"https:\/\/gd4caminhos.com\/viana\/wp-json\/wp\/v2\/pages\/334\/revisions\/790"}],"wp:attachment":[{"href":"https:\/\/gd4caminhos.com\/viana\/wp-json\/wp\/v2\/media?parent=334"}],"curies":[{"name":"wp","href":"https:\/\/api.w.org\/{rel}","templated":true}]}}