{"id":349,"date":"2022-05-22T23:30:44","date_gmt":"2022-05-22T22:30:44","guid":{"rendered":"https:\/\/gd4caminhos.com\/viana\/?page_id=349"},"modified":"2023-05-26T00:14:17","modified_gmt":"2023-05-25T23:14:17","slug":"info-geral","status":"publish","type":"page","link":"https:\/\/gd4caminhos.com\/viana\/info-geral\/","title":{"rendered":"Info Geral"},"content":{"rendered":"<table class=\"table table-striped\">\n<thead>\n<tr>\n<th scope=\"col\">COMPETI\u00c7\u00c3O<\/th>\n<th scope=\"col\">ANO DE NASCIMENTO<\/th>\n<\/tr>\n<\/thead>\n<tbody>\n<tr>\n<td>Juvenis H\/D<\/td>\n<td>2007 a 2010<\/td>\n<\/tr>\n<tr>\n<td>Juniores H\/D<\/td>\n<td>2003 a 2006<\/td>\n<\/tr>\n<tr>\n<td>Seniores H\/D<\/td>\n<td>1984 a 2002<\/td>\n<\/tr>\n<tr>\n<td>Veteranos I H\/D<\/td>\n<td>1969 a 1983<\/td>\n<\/tr>\n<tr>\n<td>Veteranos II H\/D<\/td>\n<td>1959 a 1968<\/td>\n<\/tr>\n<tr>\n<td>Veteranos III H\/D<\/td>\n<td>1949 a 1958<\/td>\n<\/tr>\n<tr>\n<td>Veteranos IV H\/D<\/td>\n<td>1948 ou antes<\/td>\n<\/tr>\n<tr>\n<td>Forma\u00e7\u00e3o<\/td>\n<td>2011 ou depois<\/td>\n<\/tr>\n<tr>\n<td><\/td>\n<td><\/td>\n<\/tr>\n<tr>\n<td><strong>Abertos<\/strong><\/td>\n<td><\/td>\n<\/tr>\n<tr>\n<td>Open Curto<\/td>\n<td>Qualquer idade, sexo, individualmente ou em grupo<\/td>\n<\/tr>\n<tr>\n<td>Open M\u00e9dio<\/td>\n<td>Qualquer idade, sexo, individualmente ou em grupo<\/td>\n<\/tr>\n<tr>\n<td>Open Longo<\/td>\n<td>Qualquer idade, sexo, individualmente ou em grupo<\/td>\n<\/tr>\n<\/tbody>\n<\/table>\n<p>*Os escal\u00f5es de competi\u00e7\u00e3o s\u00e3o para realizar individualmente.<br \/>\nNo caso de desejarem participar em grupo, tem que optar pelos escal\u00f5es abertos (Open Curto, Open M\u00e9dio ou Open Longo)<\/p>\n<p>&nbsp;<\/p>\n<p><strong>Localiza\u00e7\u00e3o da arena:<\/strong><br \/>\nCoordenadas: |<a title=\"Google Maps\" href=\"http:\/\/maps.google.com\/maps?daddr=41.689723,-8.830186&amp;z=10\" target=\"_blank\" rel=\"noopener\">41.689723, -8.830186<\/a><\/p>\n<p><strong>Estacionamento:<\/strong><br \/>\nJunto \u00e0 arena existe local para estacionamento. Os participantes devem seguir as indica\u00e7\u00f5es da organiza\u00e7\u00e3o.<\/p>\n<p><strong>Transportes P\u00fablicos:<\/strong><br \/>\nComboio e autocarro.<\/p>\n<p>&nbsp;<\/p>\n<p><strong>Solo Duro e Banhos:\u00a0<\/strong><br \/>\nSolo duro e banhos n\u00e3o dispon\u00edveis.<\/p>\n<p><strong>Babysitting:<\/strong><br \/>\nN\u00e3o dispon\u00edvel.<\/p>\n<p><strong>Bar:<\/strong><br \/>\nN\u00e3o haver\u00e1 servi\u00e7o de bar na arena, h\u00e1 um restaurante com esplanada no local.<\/p>\n<p><strong>WC:<\/strong><br \/>\nNa arena.<\/p>\n<p>&nbsp;<\/p>\n<p><strong>Pr\u00e9mios<\/strong><br \/>\nMedalh\u00e3o para os tr\u00eas primeiros de cada categoria, exceto os seniores que ser\u00e3o premiados os cinco primeiros.<\/p>\n<p>&nbsp;<\/p>\n<p>Se tem alguma d\u00favida sobre o evento, consulte a p\u00e1gina das perguntas mais frequentes (FAQ), antes de fazer a sua inscri\u00e7\u00e3o.<\/p>\n<p><strong>Contactos:<\/strong><br \/>\ninscrever@gd4caminhos.com<br \/>\n917959071<\/p>\n<p>&nbsp;<\/p>\n<p><strong>Outras Informa\u00e7\u00f5es:<\/strong><br \/>\nN\u00e3o ser\u00e3o permitidas partidas a atletas sem cart\u00e3o SI (chip) ou com um n\u00famero diferente do constante da inscri\u00e7\u00e3o, altera\u00e7\u00f5es dever\u00e3o ser feitas com anteced\u00eancia pelo e-mail de inscri\u00e7\u00f5es ou, no dia da prova, no secretariado;<br \/>\nRegulamento da Competi\u00e7\u00e3o em vigor na FPO;<br \/>\nSistema eletr\u00f3nico SPORTident. Em caso de mau funcionamento da esta\u00e7\u00e3o SI dever\u00e3o ser picotadas as reservas existentes no mapa;<br \/>\nNa eventualidade de algum atleta n\u00e3o concluir o percurso, deve comunicar e descarregar o seu SICard na chegada;<br \/>\nPrimeiros Socorros na chegada.<\/p>\n","protected":false},"excerpt":{"rendered":"COMPETI\u00c7\u00c3O ANO DE NASCIMENTO Juvenis H\/D 2007 a 2010 Juniores H\/D 2003 a 2006 Seniores H\/D 1984 a 2002 Veteranos I H\/D 1969 a 1983 Veteranos II H\/D 1959 a 1968 Veteranos III H\/D 1949 a 1958 Veteranos IV H\/D 1948 ou antes Forma\u00e7\u00e3o 2011 ou depois Abertos Open Curto Qualquer idade, sexo, individualmente ou&#8230; <a class=\"view-article\" href=\"https:\/\/gd4caminhos.com\/viana\/info-geral\/\"><\/a>","protected":false},"author":1,"featured_media":0,"parent":0,"menu_order":0,"comment_status":"closed","ping_status":"closed","template":"","meta":{"_coblocks_attr":"","_coblocks_dimensions":"","_coblocks_responsive_height":"","_coblocks_accordion_ie_support":"","footnotes":""},"class_list":["post-349","page","type-page","status-publish","hentry"],"_links":{"self":[{"href":"https:\/\/gd4caminhos.com\/viana\/wp-json\/wp\/v2\/pages\/349","targetHints":{"allow":["GET"]}}],"collection":[{"href":"https:\/\/gd4caminhos.com\/viana\/wp-json\/wp\/v2\/pages"}],"about":[{"href":"https:\/\/gd4caminhos.com\/viana\/wp-json\/wp\/v2\/types\/page"}],"author":[{"embeddable":true,"href":"https:\/\/gd4caminhos.com\/viana\/wp-json\/wp\/v2\/users\/1"}],"replies":[{"embeddable":true,"href":"https:\/\/gd4caminhos.com\/viana\/wp-json\/wp\/v2\/comments?post=349"}],"version-history":[{"count":14,"href":"https:\/\/gd4caminhos.com\/viana\/wp-json\/wp\/v2\/pages\/349\/revisions"}],"predecessor-version":[{"id":798,"href":"https:\/\/gd4caminhos.com\/viana\/wp-json\/wp\/v2\/pages\/349\/revisions\/798"}],"wp:attachment":[{"href":"https:\/\/gd4caminhos.com\/viana\/wp-json\/wp\/v2\/media?parent=349"}],"curies":[{"name":"wp","href":"https:\/\/api.w.org\/{rel}","templated":true}]}}