{"id":352,"date":"2022-06-21T01:52:20","date_gmt":"2022-06-21T00:52:20","guid":{"rendered":"https:\/\/gd4caminhos.com\/viana\/?page_id=352"},"modified":"2023-06-12T18:50:48","modified_gmt":"2023-06-12T17:50:48","slug":"informacao-tecnica","status":"publish","type":"page","link":"https:\/\/gd4caminhos.com\/viana\/informacao-tecnica\/","title":{"rendered":"Informa\u00e7\u00e3o T\u00e9cnica"},"content":{"rendered":"<figure class=\"wp-block-image\"><img loading=\"lazy\" decoding=\"async\" class=\"alignnone wp-image-442 size-large\" src=\"https:\/\/gd4caminhos.com\/viana\/wp-content\/uploads\/2021\/05\/Excerto_Viana-1-1000x416.png\" alt=\"\" width=\"900\" height=\"374\" srcset=\"https:\/\/gd4caminhos.com\/viana\/wp-content\/uploads\/2021\/05\/Excerto_Viana-1-1000x416.png 1000w, https:\/\/gd4caminhos.com\/viana\/wp-content\/uploads\/2021\/05\/Excerto_Viana-1-250x104.png 250w, https:\/\/gd4caminhos.com\/viana\/wp-content\/uploads\/2021\/05\/Excerto_Viana-1-768x319.png 768w, https:\/\/gd4caminhos.com\/viana\/wp-content\/uploads\/2021\/05\/Excerto_Viana-1-1536x639.png 1536w, https:\/\/gd4caminhos.com\/viana\/wp-content\/uploads\/2021\/05\/Excerto_Viana-1-2048x851.png 2048w, https:\/\/gd4caminhos.com\/viana\/wp-content\/uploads\/2021\/05\/Excerto_Viana-1-120x50.png 120w\" sizes=\"auto, (max-width: 900px) 100vw, 900px\" \/><\/figure>\n<p><strong>Percursos<br \/>\n25 de junho \u2013 Viana City Race<br \/>\nMapa novo \u2013\u00a0Escala 1\/4.000, equidist\u00e2ncia, 2m<br \/>\nArena \u2013 Jardim Frontal ao Navio Gil Eannes<br \/>\nCoordenadas: N 41\u00b0 41.388\u2032 W 008\u00b0 49.812\u2032 \u00a0| 41.68980, -8.83020<br \/>\nTerreno\u00a0\u2013 Urbano<br \/>\nCartografo: Jos\u00e9 Maia (atualizado Maio 23)<br \/>\nTra\u00e7ador de percurso \u2013 Victor Delgado<br \/>\n<\/strong><\/p>\n<table width=\"494\">\n<tbody>\n<tr>\n<td width=\"135\">Classes<\/td>\n<td width=\"115\">Dist\u00e2ncia<\/td>\n<td width=\"77\">Pontos<\/td>\n<td width=\"82\">Declive<\/td>\n<td width=\"84\">Escala<\/td>\n<\/tr>\n<tr>\n<td width=\"135\">Forma\u00e7\u00e3o<\/td>\n<td width=\"115\">2490<\/td>\n<td width=\"77\">15<\/td>\n<td width=\"82\">10<\/td>\n<td width=\"84\">1\/4.000<\/td>\n<\/tr>\n<tr>\n<td width=\"135\">Juvenis M<\/td>\n<td width=\"115\">6360<\/td>\n<td width=\"77\">20<\/td>\n<td width=\"82\">32<\/td>\n<td width=\"84\">1\/4.000<\/td>\n<\/tr>\n<tr>\n<td width=\"135\">Juvenis F<\/td>\n<td width=\"115\">4970<\/td>\n<td width=\"77\">20<\/td>\n<td width=\"82\">18<\/td>\n<td width=\"84\">1\/4.000<\/td>\n<\/tr>\n<tr>\n<td width=\"135\">Juniores M<\/td>\n<td width=\"115\">9220<\/td>\n<td width=\"77\">26<\/td>\n<td width=\"82\">36<\/td>\n<td width=\"84\">1\/4.000<\/td>\n<\/tr>\n<tr>\n<td width=\"135\">Juniores F<\/td>\n<td width=\"115\">7540<\/td>\n<td width=\"77\">24<\/td>\n<td width=\"82\">28<\/td>\n<td width=\"84\">1\/4.000<\/td>\n<\/tr>\n<tr>\n<td width=\"135\">Seniores M<\/td>\n<td width=\"115\">10410<\/td>\n<td width=\"77\">32<\/td>\n<td width=\"82\">30<\/td>\n<td width=\"84\">1\/4.000<\/td>\n<\/tr>\n<tr>\n<td width=\"135\">Seniores F<\/td>\n<td width=\"115\">9220<\/td>\n<td width=\"77\">26<\/td>\n<td width=\"82\">36<\/td>\n<td width=\"84\">1\/4.000<\/td>\n<\/tr>\n<tr>\n<td width=\"135\">Vet M I<\/td>\n<td width=\"115\">9220<\/td>\n<td width=\"77\">26<\/td>\n<td width=\"82\">36<\/td>\n<td width=\"84\">1\/4.000<\/td>\n<\/tr>\n<tr>\n<td width=\"135\">Vet F I<\/td>\n<td width=\"115\">6850<\/td>\n<td width=\"77\">22<\/td>\n<td width=\"82\">40<\/td>\n<td width=\"84\">1\/4.000<\/td>\n<\/tr>\n<tr>\n<td width=\"135\">Vet M II<\/td>\n<td width=\"115\">7540<\/td>\n<td width=\"77\">24<\/td>\n<td width=\"82\">28<\/td>\n<td width=\"84\">1\/4.000<\/td>\n<\/tr>\n<tr>\n<td width=\"135\">Vet F II<\/td>\n<td width=\"115\">6360<\/td>\n<td width=\"77\">20<\/td>\n<td width=\"82\">32<\/td>\n<td width=\"84\">1\/4.000<\/td>\n<\/tr>\n<tr>\n<td width=\"135\">Vet M III<\/td>\n<td width=\"115\">6360<\/td>\n<td width=\"77\">20<\/td>\n<td width=\"82\">32<\/td>\n<td width=\"84\">1\/4.000<\/td>\n<\/tr>\n<tr>\n<td width=\"135\">Vet F III<\/td>\n<td width=\"115\">4970<\/td>\n<td width=\"77\">20<\/td>\n<td width=\"82\">18<\/td>\n<td width=\"84\">1\/4.000<\/td>\n<\/tr>\n<tr>\n<td width=\"135\">Vet M IV<\/td>\n<td width=\"115\">4970<\/td>\n<td width=\"77\">20<\/td>\n<td width=\"82\">18<\/td>\n<td width=\"84\">1\/4.000<\/td>\n<\/tr>\n<tr>\n<td width=\"135\">Vet F IV<\/td>\n<td width=\"115\">4510<\/td>\n<td width=\"77\">17<\/td>\n<td width=\"82\">18<\/td>\n<td width=\"84\">1\/4.000<\/td>\n<\/tr>\n<tr>\n<td width=\"135\">Open Curto<\/td>\n<td width=\"115\">2490<\/td>\n<td width=\"77\">15<\/td>\n<td width=\"82\">10<\/td>\n<td width=\"84\">1\/4.000<\/td>\n<\/tr>\n<tr>\n<td width=\"135\">Open M\u00e9dio<\/td>\n<td width=\"115\">5410<\/td>\n<td width=\"77\">20<\/td>\n<td width=\"82\">16<\/td>\n<td width=\"84\">1\/4.000<\/td>\n<\/tr>\n<tr>\n<td width=\"135\">Open Longo<\/td>\n<td width=\"115\">6850<\/td>\n<td width=\"77\">22<\/td>\n<td width=\"82\">40<\/td>\n<td width=\"84\">1\/4.000<\/td>\n<\/tr>\n<\/tbody>\n<\/table>\n<p>* Dist\u00e2ncia em metros medida pela melhor op\u00e7\u00e3o.<\/p>\n","protected":false},"excerpt":{"rendered":"Percursos 25 de junho \u2013 Viana City Race Mapa novo \u2013\u00a0Escala 1\/4.000, equidist\u00e2ncia, 2m Arena \u2013 Jardim Frontal ao Navio Gil Eannes Coordenadas: N 41\u00b0 41.388\u2032 W 008\u00b0 49.812\u2032 \u00a0| 41.68980, -8.83020 Terreno\u00a0\u2013 Urbano Cartografo: Jos\u00e9 Maia (atualizado Maio 23) Tra\u00e7ador de percurso \u2013 Victor Delgado Classes Dist\u00e2ncia Pontos Declive Escala Forma\u00e7\u00e3o 2490 15 10&#8230; <a class=\"view-article\" href=\"https:\/\/gd4caminhos.com\/viana\/informacao-tecnica\/\"><\/a>","protected":false},"author":1,"featured_media":0,"parent":0,"menu_order":0,"comment_status":"closed","ping_status":"closed","template":"","meta":{"_coblocks_attr":"","_coblocks_dimensions":"","_coblocks_responsive_height":"","_coblocks_accordion_ie_support":"","footnotes":""},"class_list":["post-352","page","type-page","status-publish","hentry"],"_links":{"self":[{"href":"https:\/\/gd4caminhos.com\/viana\/wp-json\/wp\/v2\/pages\/352","targetHints":{"allow":["GET"]}}],"collection":[{"href":"https:\/\/gd4caminhos.com\/viana\/wp-json\/wp\/v2\/pages"}],"about":[{"href":"https:\/\/gd4caminhos.com\/viana\/wp-json\/wp\/v2\/types\/page"}],"author":[{"embeddable":true,"href":"https:\/\/gd4caminhos.com\/viana\/wp-json\/wp\/v2\/users\/1"}],"replies":[{"embeddable":true,"href":"https:\/\/gd4caminhos.com\/viana\/wp-json\/wp\/v2\/comments?post=352"}],"version-history":[{"count":11,"href":"https:\/\/gd4caminhos.com\/viana\/wp-json\/wp\/v2\/pages\/352\/revisions"}],"predecessor-version":[{"id":835,"href":"https:\/\/gd4caminhos.com\/viana\/wp-json\/wp\/v2\/pages\/352\/revisions\/835"}],"wp:attachment":[{"href":"https:\/\/gd4caminhos.com\/viana\/wp-json\/wp\/v2\/media?parent=352"}],"curies":[{"name":"wp","href":"https:\/\/api.w.org\/{rel}","templated":true}]}}