{"id":354,"date":"2022-05-22T14:09:32","date_gmt":"2022-05-22T13:09:32","guid":{"rendered":"https:\/\/gd4caminhos.com\/viana\/?page_id=354"},"modified":"2023-06-06T16:30:31","modified_gmt":"2023-06-06T15:30:31","slug":"localizacao","status":"publish","type":"page","link":"https:\/\/gd4caminhos.com\/viana\/localizacao\/","title":{"rendered":"Localiza\u00e7\u00e3o"},"content":{"rendered":"<p><strong>Arena<\/strong> \u2013\u00a0 Jardim defronte do Navio Gil Eannes : N 41\u00b0 41.388&#8242; W 008\u00b0 49.812&#8242; \u00a0| 41.68980686532696, -8.830206137225254<\/p>\r\n<p><strong>Banhos<\/strong> \u2013 N\u00e3o dispon\u00edvel<\/p>\r\n<p><strong>Local de estacionamento aconselhado:<\/strong><br \/>\u2013 Junto \u00e0 arena existe local para estacionamento. Os participantes devem seguir as indica\u00e7\u00f5es da organiza\u00e7\u00e3o.<\/p>\r\n\r\n<figure class=\"wp-block-image size-large is-style-rounded\"><img loading=\"lazy\" decoding=\"async\" class=\"aligncenter wp-image-752 size-full\" src=\"https:\/\/gd4caminhos.com\/viana\/wp-content\/uploads\/2023\/05\/22234923_H7DPj.jpeg\" alt=\"\" width=\"1280\" height=\"853\" srcset=\"https:\/\/gd4caminhos.com\/viana\/wp-content\/uploads\/2023\/05\/22234923_H7DPj.jpeg 1280w, https:\/\/gd4caminhos.com\/viana\/wp-content\/uploads\/2023\/05\/22234923_H7DPj-250x167.jpeg 250w, https:\/\/gd4caminhos.com\/viana\/wp-content\/uploads\/2023\/05\/22234923_H7DPj-1000x666.jpeg 1000w, https:\/\/gd4caminhos.com\/viana\/wp-content\/uploads\/2023\/05\/22234923_H7DPj-768x512.jpeg 768w, https:\/\/gd4caminhos.com\/viana\/wp-content\/uploads\/2023\/05\/22234923_H7DPj-120x80.jpeg 120w\" sizes=\"auto, (max-width: 1280px) 100vw, 1280px\" \/>\r\n<figcaption>Vistas da Arena<br \/><img loading=\"lazy\" decoding=\"async\" width=\"2560\" height=\"1920\" class=\"alignnone size-full wp-image-831\" src=\"https:\/\/gd4caminhos.com\/viana\/wp-content\/uploads\/2023\/06\/2023-05-31-11.47.41-2-scaled.jpg\" alt=\"\" \/><\/figcaption>\r\n<\/figure>\r\n\r\n\r\n","protected":false},"excerpt":{"rendered":"Arena \u2013\u00a0 Jardim defronte do Navio Gil Eannes : N 41\u00b0 41.388&#8242; W 008\u00b0 49.812&#8242; \u00a0| 41.68980686532696, -8.830206137225254 Banhos \u2013 N\u00e3o dispon\u00edvel Local de estacionamento aconselhado:\u2013 Junto \u00e0 arena existe local para estacionamento. Os participantes devem seguir as indica\u00e7\u00f5es da organiza\u00e7\u00e3o.","protected":false},"author":1,"featured_media":0,"parent":0,"menu_order":0,"comment_status":"closed","ping_status":"closed","template":"","meta":{"_coblocks_attr":"","_coblocks_dimensions":"","_coblocks_responsive_height":"","_coblocks_accordion_ie_support":"","footnotes":""},"class_list":["post-354","page","type-page","status-publish","hentry"],"_links":{"self":[{"href":"https:\/\/gd4caminhos.com\/viana\/wp-json\/wp\/v2\/pages\/354","targetHints":{"allow":["GET"]}}],"collection":[{"href":"https:\/\/gd4caminhos.com\/viana\/wp-json\/wp\/v2\/pages"}],"about":[{"href":"https:\/\/gd4caminhos.com\/viana\/wp-json\/wp\/v2\/types\/page"}],"author":[{"embeddable":true,"href":"https:\/\/gd4caminhos.com\/viana\/wp-json\/wp\/v2\/users\/1"}],"replies":[{"embeddable":true,"href":"https:\/\/gd4caminhos.com\/viana\/wp-json\/wp\/v2\/comments?post=354"}],"version-history":[{"count":10,"href":"https:\/\/gd4caminhos.com\/viana\/wp-json\/wp\/v2\/pages\/354\/revisions"}],"predecessor-version":[{"id":833,"href":"https:\/\/gd4caminhos.com\/viana\/wp-json\/wp\/v2\/pages\/354\/revisions\/833"}],"wp:attachment":[{"href":"https:\/\/gd4caminhos.com\/viana\/wp-json\/wp\/v2\/media?parent=354"}],"curies":[{"name":"wp","href":"https:\/\/api.w.org\/{rel}","templated":true}]}}